{"id":8,"date":"2018-04-03T14:20:54","date_gmt":"2018-04-03T14:20:54","guid":{"rendered":"https:\/\/dominicanhealth.wordpress.com\/?page_id=5"},"modified":"2024-12-30T15:35:03","modified_gmt":"2024-12-30T14:35:03","slug":"dominican_health","status":"publish","type":"page","link":"https:\/\/dominicanhealth.de\/es\/","title":{"rendered":""},"content":{"rendered":"<h2><strong>Bienvenido a la p\u00e1gina web de la asociaci\u00f3n Dominican Health e.V.<\/strong><\/h2>\n<p>Estamos apoyando el establecimiento de una cl\u00ednica m\u00f3vil y una policl\u00ednica ambulatoria para el cuidado de la salud de los residentes indigentes en la regi\u00f3n de Puerto Plata de la Rep\u00fablica Dominicana<\/p>\n<div id=\"attachment_580\" style=\"width: 765px\" class=\"wp-caption alignnone\"><img loading=\"lazy\" decoding=\"async\" aria-describedby=\"caption-attachment-580\" class=\"wp-image-580 size-large\" src=\"http:\/\/dominicanhealth.de\/wp-content\/uploads\/2018\/08\/photo8-1024x669.jpg\" alt=\"\" width=\"755\" height=\"493\" srcset=\"https:\/\/dominicanhealth.de\/wp-content\/uploads\/2018\/08\/photo8-1024x669.jpg 1024w, https:\/\/dominicanhealth.de\/wp-content\/uploads\/2018\/08\/photo8-300x196.jpg 300w, https:\/\/dominicanhealth.de\/wp-content\/uploads\/2018\/08\/photo8-768x502.jpg 768w, https:\/\/dominicanhealth.de\/wp-content\/uploads\/2018\/08\/photo8-676x442.jpg 676w\" sizes=\"auto, (max-width: 755px) 100vw, 755px\" \/><p id=\"caption-attachment-580\" class=\"wp-caption-text\">Ap\u00f3yanos y forma parte de la asociaci\u00f3n!<\/p><\/div>\n","protected":false},"excerpt":{"rendered":"<p>Bienvenido a la p\u00e1gina web de la asociaci\u00f3n Dominican Health e.V. Estamos apoyando el establecimiento de una cl\u00ednica m\u00f3vil y una policl\u00ednica ambulatoria para el cuidado&#46;&#46;&#46;<\/p>\n","protected":false},"author":1,"featured_media":0,"parent":0,"menu_order":1,"comment_status":"closed","ping_status":"closed","template":"","meta":{"footnotes":""},"class_list":["post-8","page","type-page","status-publish","hentry"],"translation":{"provider":"WPGlobus","version":"3.0.2","language":"es","enabled_languages":["de","en","es"],"languages":{"de":{"title":false,"content":true,"excerpt":false},"en":{"title":false,"content":true,"excerpt":false},"es":{"title":false,"content":true,"excerpt":false}}},"_links":{"self":[{"href":"https:\/\/dominicanhealth.de\/es\/wp-json\/wp\/v2\/pages\/8","targetHints":{"allow":["GET"]}}],"collection":[{"href":"https:\/\/dominicanhealth.de\/es\/wp-json\/wp\/v2\/pages"}],"about":[{"href":"https:\/\/dominicanhealth.de\/es\/wp-json\/wp\/v2\/types\/page"}],"author":[{"embeddable":true,"href":"https:\/\/dominicanhealth.de\/es\/wp-json\/wp\/v2\/users\/1"}],"replies":[{"embeddable":true,"href":"https:\/\/dominicanhealth.de\/es\/wp-json\/wp\/v2\/comments?post=8"}],"version-history":[{"count":9,"href":"https:\/\/dominicanhealth.de\/es\/wp-json\/wp\/v2\/pages\/8\/revisions"}],"predecessor-version":[{"id":1658,"href":"https:\/\/dominicanhealth.de\/es\/wp-json\/wp\/v2\/pages\/8\/revisions\/1658"}],"wp:attachment":[{"href":"https:\/\/dominicanhealth.de\/es\/wp-json\/wp\/v2\/media?parent=8"}],"curies":[{"name":"wp","href":"https:\/\/api.w.org\/{rel}","templated":true}]}}