{"id":731,"date":"2018-09-25T14:23:35","date_gmt":"2018-09-25T12:23:35","guid":{"rendered":"http:\/\/dominicanhealth.de\/?page_id=731"},"modified":"2024-12-30T15:53:58","modified_gmt":"2024-12-30T14:53:58","slug":"fundacion-milton-moronta","status":"publish","type":"page","link":"https:\/\/dominicanhealth.de\/es\/fundacion-milton-moronta\/","title":{"rendered":"Fundaci\u00f3n Milton Moronta"},"content":{"rendered":"<p><strong>\u201eFundaci\u00f3n Milton Moronta\u00bb (FUNDAMIL)<\/strong><\/p>\n<p>Estamos contentos de poder cooperar con la fundaci\u00f3n \u00abFundaci\u00f3n Milton Moronta (FUNDAMIL)\u00bb en Puerto Plata. La fundaci\u00f3n bajo la direcci\u00f3n del doctor Milton Moronta desea apoyar los siguientes conceptos:<\/p>\n<ul>\n<li>mejorar la salud f\u00edsica y mental<\/li>\n<li>educaci\u00f3n general alcanzable para todas las personas de la Rep\u00fablica Dominicana<\/li>\n<li>la protecci\u00f3n del medio ambiente<\/li>\n<\/ul>\n<div id=\"attachment_171\" style=\"width: 514px\" class=\"wp-caption alignnone\"><img loading=\"lazy\" decoding=\"async\" aria-describedby=\"caption-attachment-171\" class=\"wp-image-171\" src=\"http:\/\/dominicanhealth.de\/wp-content\/uploads\/2018\/04\/verein-dr-moronta.jpg\" alt=\"Verein Dr. Moronta\" width=\"504\" height=\"350\" srcset=\"https:\/\/dominicanhealth.de\/wp-content\/uploads\/2018\/04\/verein-dr-moronta.jpg 2126w, https:\/\/dominicanhealth.de\/wp-content\/uploads\/2018\/04\/verein-dr-moronta-300x208.jpg 300w, https:\/\/dominicanhealth.de\/wp-content\/uploads\/2018\/04\/verein-dr-moronta-768x533.jpg 768w, https:\/\/dominicanhealth.de\/wp-content\/uploads\/2018\/04\/verein-dr-moronta-1024x711.jpg 1024w\" sizes=\"auto, (max-width: 504px) 100vw, 504px\" \/><p id=\"caption-attachment-171\" class=\"wp-caption-text\">Equipo m\u00e9dico y de enfermer\u00eda de la Fundaci\u00f3n \u201cFundaci\u00f3n Milton Moronta (FUNDAMIL)\u201d en Puerto Plata con Marie Thiele (estudiante) y el Profesor K\u00f6nig de la asociaci\u00f3n Dominican Health e.V. y de la Universidad de Furtwangen<\/p><\/div>\n\n\n<p>La Fundaci\u00f3n cuenta con el apoyo activo de varios actores. La siguiente tabla muestra los simpatizantes involucrados con Dominican Health e.V..<\/p>\n\n\n\n<figure class=\"wp-block-image\"><img loading=\"lazy\" decoding=\"async\" width=\"1024\" height=\"539\" src=\"http:\/\/dominicanhealth.de\/wp-content\/uploads\/2019\/04\/Orgi_esp-1024x539.jpg\" alt=\"\" class=\"wp-image-997\" srcset=\"https:\/\/dominicanhealth.de\/wp-content\/uploads\/2019\/04\/Orgi_esp-1024x539.jpg 1024w, https:\/\/dominicanhealth.de\/wp-content\/uploads\/2019\/04\/Orgi_esp-300x158.jpg 300w, https:\/\/dominicanhealth.de\/wp-content\/uploads\/2019\/04\/Orgi_esp-768x404.jpg 768w, https:\/\/dominicanhealth.de\/wp-content\/uploads\/2019\/04\/Orgi_esp.jpg 1938w\" sizes=\"auto, (max-width: 1024px) 100vw, 1024px\" \/><figcaption> Acompa\u00f1antes de Fundamil con Dominican Health e.V.  <\/figcaption><\/figure>\n\n\n\n<p><br><br><\/p>\n\n\n\n<p class=\"has-medium-font-size\"><strong>Cursos de\nformaci\u00f3n continua en la Fundaci\u00f3n Milton Moronta, Proyecto Educativo<\/strong><\/p>\n\n\n\n<p>Los cursos se ofrecen en colaboraci\u00f3n con el Instituto\nNacional de Formaci\u00f3n T\u00e9cnico Profesional (InfoTep). El Instituto es\nresponsable del dise\u00f1o de los contenidos, la gesti\u00f3n de la calidad y la emisi\u00f3n\nde los certificados. Los programas est\u00e1n destinados esencialmente a los j\u00f3venes\nque desean mejorar sus oportunidades en el mercado laboral. Como el desempleo\njuvenil es muy alto, estos cursos proporcionan un punto de entrada a mejores\noportunidades de solicitud de empleo o una oportunidad de trabajar en trabajos\nm\u00e1s exigentes. Los cursos son gratuitos para los participantes. Ya se han\ncelebrado los siguientes cursos, en algunos casos varias veces:<\/p>\n\n\n\n<p><em><strong>T\u00edtulo (Horas)<\/strong><\/em><br>Auxilliar de Pharmacia (260)<br>Representante Farmac\u00e9utico (260) <br>Auxilliar de Mechanica Automotriz (230)<br>Auxilliar de Peluqueria (270)<br>Auxilliar de Contabilidad (317)<br>Servicio al Cliente (30)<br>Secretaria Educativa (416)<br>Automaquillaje (20)<br>Engles Basico (70)<br>Relaciones Humanes (8)<br>Motivation y Trabaja en Equipo (8)<\/p>\n","protected":false},"excerpt":{"rendered":"<p>\u201eFundaci\u00f3n Milton Moronta\u00bb (FUNDAMIL) Estamos contentos de poder cooperar con la fundaci\u00f3n \u00abFundaci\u00f3n Milton Moronta (FUNDAMIL)\u00bb en Puerto Plata. La fundaci\u00f3n bajo la direcci\u00f3n del doctor&#46;&#46;&#46;<\/p>\n","protected":false},"author":1,"featured_media":0,"parent":0,"menu_order":0,"comment_status":"closed","ping_status":"closed","template":"","meta":{"footnotes":""},"class_list":["post-731","page","type-page","status-publish","hentry"],"translation":{"provider":"WPGlobus","version":"3.0.2","language":"es","enabled_languages":["de","en","es"],"languages":{"de":{"title":true,"content":true,"excerpt":false},"en":{"title":true,"content":true,"excerpt":false},"es":{"title":true,"content":true,"excerpt":false}}},"_links":{"self":[{"href":"https:\/\/dominicanhealth.de\/es\/wp-json\/wp\/v2\/pages\/731","targetHints":{"allow":["GET"]}}],"collection":[{"href":"https:\/\/dominicanhealth.de\/es\/wp-json\/wp\/v2\/pages"}],"about":[{"href":"https:\/\/dominicanhealth.de\/es\/wp-json\/wp\/v2\/types\/page"}],"author":[{"embeddable":true,"href":"https:\/\/dominicanhealth.de\/es\/wp-json\/wp\/v2\/users\/1"}],"replies":[{"embeddable":true,"href":"https:\/\/dominicanhealth.de\/es\/wp-json\/wp\/v2\/comments?post=731"}],"version-history":[{"count":9,"href":"https:\/\/dominicanhealth.de\/es\/wp-json\/wp\/v2\/pages\/731\/revisions"}],"predecessor-version":[{"id":1671,"href":"https:\/\/dominicanhealth.de\/es\/wp-json\/wp\/v2\/pages\/731\/revisions\/1671"}],"wp:attachment":[{"href":"https:\/\/dominicanhealth.de\/es\/wp-json\/wp\/v2\/media?parent=731"}],"curies":[{"name":"wp","href":"https:\/\/api.w.org\/{rel}","templated":true}]}}