{"id":662,"date":"2018-08-13T09:23:05","date_gmt":"2018-08-13T07:23:05","guid":{"rendered":"http:\/\/dominicanhealth.de\/?page_id=662"},"modified":"2025-01-14T15:09:14","modified_gmt":"2025-01-14T14:09:14","slug":"hochschulkooperationen","status":"publish","type":"page","link":"https:\/\/dominicanhealth.de\/es\/hochschulkooperationen\/","title":{"rendered":"Cooperaciones universitarias"},"content":{"rendered":"<p><strong><em>Pontificia Universidad Cat\u00f3lica Madre y Maestra (PUCMM)<\/em> y la <em>Universidad de Ciencias Aplicadas de Furtwangen (HFU)<\/em><\/strong><\/p>\n<p>Desde mayo de 2018 existe una cooperaci\u00f3n entre la Furtwangen University of Applied Sciences (HFU) y la Universidad Pontificia Cat\u00f3lica Madre y Maestra (PUCMM) en Santiago de los Caballeros, Rep\u00fablica Dominicana. Los primeros intercambios de estudiantes pueden tener lugar a partir del semestre de invierno de 2019. La cooperaci\u00f3n universitaria ofrece a la asociaci\u00f3n una plataforma valiosa para perseguir temas como la salud global, la cooperaci\u00f3n al desarrollo y el desarrollo de la asistencia sanitaria en la Rep\u00fablica Dominicana a nivel universitario.<\/p>\n<div style=\"width: 765px\" class=\"wp-caption alignnone\"><img loading=\"lazy\" decoding=\"async\" class=\"wp-image-340 size-large\" src=\"http:\/\/dominicanhealth.de\/wp-content\/uploads\/2018\/04\/DSC02124_neu-1024x548.jpg\" alt=\"\" width=\"755\" height=\"404\" srcset=\"https:\/\/dominicanhealth.de\/wp-content\/uploads\/2018\/04\/DSC02124_neu-1024x548.jpg 1024w, https:\/\/dominicanhealth.de\/wp-content\/uploads\/2018\/04\/DSC02124_neu-300x160.jpg 300w, https:\/\/dominicanhealth.de\/wp-content\/uploads\/2018\/04\/DSC02124_neu-768x411.jpg 768w, https:\/\/dominicanhealth.de\/wp-content\/uploads\/2018\/04\/DSC02124_neu-982x525.jpg 982w\" sizes=\"auto, (max-width: 755px) 100vw, 755px\" \/><p class=\"wp-caption-text\">Cooperaci\u00f3n entre la Universidad de Ciencias Aplicadas de Furtwangen y la Pontificia Universidad Cat\u00f3lica Madre y Maestra<\/p><\/div>\n<div id=\"attachment_696\" style=\"width: 765px\" class=\"wp-caption alignnone\"><img loading=\"lazy\" decoding=\"async\" aria-describedby=\"caption-attachment-696\" class=\"wp-image-696 size-large\" src=\"http:\/\/dominicanhealth.de\/wp-content\/uploads\/2018\/09\/IMG_20180914_113041-1024x768.jpg\" alt=\"\" width=\"755\" height=\"566\" srcset=\"https:\/\/dominicanhealth.de\/wp-content\/uploads\/2018\/09\/IMG_20180914_113041-1024x768.jpg 1024w, https:\/\/dominicanhealth.de\/wp-content\/uploads\/2018\/09\/IMG_20180914_113041-300x225.jpg 300w, https:\/\/dominicanhealth.de\/wp-content\/uploads\/2018\/09\/IMG_20180914_113041-768x576.jpg 768w, https:\/\/dominicanhealth.de\/wp-content\/uploads\/2018\/09\/IMG_20180914_113041-676x507.jpg 676w\" sizes=\"auto, (max-width: 755px) 100vw, 755px\" \/><p id=\"caption-attachment-696\" class=\"wp-caption-text\">Segundo encuentro con el Rector Alfredo De la Cruz Baldera de la Pontificia Universidad Cat\u00f3lica Madre y Maestra en septiembre de 2018<\/p><\/div>\n","protected":false},"excerpt":{"rendered":"<p>Pontificia Universidad Cat\u00f3lica Madre y Maestra (PUCMM) y la Universidad de Ciencias Aplicadas de Furtwangen (HFU) Desde mayo de 2018 existe una cooperaci\u00f3n entre la Furtwangen&#46;&#46;&#46;<\/p>\n","protected":false},"author":1,"featured_media":0,"parent":0,"menu_order":0,"comment_status":"closed","ping_status":"closed","template":"","meta":{"footnotes":""},"class_list":["post-662","page","type-page","status-publish","hentry"],"translation":{"provider":"WPGlobus","version":"3.0.2","language":"es","enabled_languages":["de","en","es"],"languages":{"de":{"title":true,"content":true,"excerpt":false},"en":{"title":true,"content":true,"excerpt":false},"es":{"title":true,"content":true,"excerpt":false}}},"_links":{"self":[{"href":"https:\/\/dominicanhealth.de\/es\/wp-json\/wp\/v2\/pages\/662","targetHints":{"allow":["GET"]}}],"collection":[{"href":"https:\/\/dominicanhealth.de\/es\/wp-json\/wp\/v2\/pages"}],"about":[{"href":"https:\/\/dominicanhealth.de\/es\/wp-json\/wp\/v2\/types\/page"}],"author":[{"embeddable":true,"href":"https:\/\/dominicanhealth.de\/es\/wp-json\/wp\/v2\/users\/1"}],"replies":[{"embeddable":true,"href":"https:\/\/dominicanhealth.de\/es\/wp-json\/wp\/v2\/comments?post=662"}],"version-history":[{"count":9,"href":"https:\/\/dominicanhealth.de\/es\/wp-json\/wp\/v2\/pages\/662\/revisions"}],"predecessor-version":[{"id":1902,"href":"https:\/\/dominicanhealth.de\/es\/wp-json\/wp\/v2\/pages\/662\/revisions\/1902"}],"wp:attachment":[{"href":"https:\/\/dominicanhealth.de\/es\/wp-json\/wp\/v2\/media?parent=662"}],"curies":[{"name":"wp","href":"https:\/\/api.w.org\/{rel}","templated":true}]}}