{"id":1904,"date":"2025-01-14T15:12:59","date_gmt":"2025-01-14T14:12:59","guid":{"rendered":"https:\/\/dominicanhealth.de\/?page_id=1904"},"modified":"2025-01-14T15:12:59","modified_gmt":"2025-01-14T14:12:59","slug":"deutsche-botschaft-santo-domingo","status":"publish","type":"page","link":"https:\/\/dominicanhealth.de\/es\/deutsche-botschaft-santo-domingo\/","title":{"rendered":"Deutsche Botschaft Santo Domingo"},"content":{"rendered":"\n<p>Im September 2023 besuchten wir mit einer Gruppe aus Studierenden und Dozierenden der Hochschule Furtwangen die Dominikanische Republik. Bei dieser Reise hatten wir auch Gelegenheit uns mit Katrin Werdermann de Rodriguez von der Deutschen Botschaft in Santo Domingo an der Pontificia Universidad Cat\u00f3lica Madre y Maestra (PUCMM) zu treffen. Zusammen mit Milton Moronta k\u00f6nnten wir auch die Arbeit unseres Vereins vorstellen.<\/p>\n\n\n\n<figure class=\"wp-block-gallery has-nested-images columns-default is-cropped wp-block-gallery-1 is-layout-flex wp-block-gallery-is-layout-flex\">\n<figure class=\"wp-block-image size-large\"><img loading=\"lazy\" decoding=\"async\" width=\"665\" height=\"651\" data-id=\"1905\" src=\"https:\/\/dominicanhealth.de\/wp-content\/uploads\/2025\/01\/Bild17.png\" alt=\"\" class=\"wp-image-1905\" srcset=\"https:\/\/dominicanhealth.de\/wp-content\/uploads\/2025\/01\/Bild17.png 665w, https:\/\/dominicanhealth.de\/wp-content\/uploads\/2025\/01\/Bild17-300x294.png 300w\" sizes=\"auto, (max-width: 665px) 100vw, 665px\" \/><\/figure>\n<\/figure>\n\n\n\n<figure class=\"wp-block-image size-full\"><img loading=\"lazy\" decoding=\"async\" width=\"995\" height=\"548\" src=\"https:\/\/dominicanhealth.de\/wp-content\/uploads\/2025\/01\/Bild16-1.png\" alt=\"\" class=\"wp-image-1907\" srcset=\"https:\/\/dominicanhealth.de\/wp-content\/uploads\/2025\/01\/Bild16-1.png 995w, https:\/\/dominicanhealth.de\/wp-content\/uploads\/2025\/01\/Bild16-1-300x165.png 300w, https:\/\/dominicanhealth.de\/wp-content\/uploads\/2025\/01\/Bild16-1-768x423.png 768w\" sizes=\"auto, (max-width: 995px) 100vw, 995px\" \/><\/figure>\n\n\n\n<p>Unser Verein hatte sich bei einer Ausschreibung der Deutschen Botschaft in der Dominikanischen Republik zur F\u00f6rderung von Kleinprojekten zur Unterst\u00fctzung bei der Finanzierung einer Solaranlage beteiligt. Nach mehreren Anl\u00e4ufen und mehr als zweij\u00e4hriger Vorbereitungszeit bekamen wir eine Zusage und konnten die <strong>Solaranlage<\/strong> im <strong>September 2024<\/strong> in Betrieb nehmen. Die Botschaft hat zwei Drittel, der Verein ein Drittel der Kosten \u00fcbernommen. Im September besuchte uns die zust\u00e4ndige Sachbearbeiterin Frau Krenz von der Deutschen Botschaft aus Santo Domingo und so konnten wir die Inbetriebnahme der Anlage feiern. Dadurch kann das eingesparte Geld f\u00fcr die Stromrechnung nun f\u00fcr andere wichtige Dinge genutzt werden.<\/p>\n\n\n\n<figure class=\"wp-block-gallery has-nested-images columns-default is-cropped wp-block-gallery-2 is-layout-flex wp-block-gallery-is-layout-flex\">\n<figure class=\"wp-block-image size-large\"><img loading=\"lazy\" decoding=\"async\" width=\"503\" height=\"306\" data-id=\"1849\" src=\"https:\/\/dominicanhealth.de\/wp-content\/uploads\/2025\/01\/Bild137.png\" alt=\"\" class=\"wp-image-1849\" srcset=\"https:\/\/dominicanhealth.de\/wp-content\/uploads\/2025\/01\/Bild137.png 503w, https:\/\/dominicanhealth.de\/wp-content\/uploads\/2025\/01\/Bild137-300x183.png 300w\" sizes=\"auto, (max-width: 503px) 100vw, 503px\" \/><\/figure>\n\n\n\n<figure class=\"wp-block-image size-large\"><img loading=\"lazy\" decoding=\"async\" width=\"476\" height=\"310\" data-id=\"1847\" src=\"https:\/\/dominicanhealth.de\/wp-content\/uploads\/2025\/01\/Bild138.png\" alt=\"\" class=\"wp-image-1847\" srcset=\"https:\/\/dominicanhealth.de\/wp-content\/uploads\/2025\/01\/Bild138.png 476w, https:\/\/dominicanhealth.de\/wp-content\/uploads\/2025\/01\/Bild138-300x195.png 300w\" sizes=\"auto, (max-width: 476px) 100vw, 476px\" \/><\/figure>\n\n\n\n<figure class=\"wp-block-image size-large\"><img loading=\"lazy\" decoding=\"async\" width=\"335\" height=\"444\" data-id=\"1848\" src=\"https:\/\/dominicanhealth.de\/wp-content\/uploads\/2025\/01\/Bild139.png\" alt=\"\" class=\"wp-image-1848\" srcset=\"https:\/\/dominicanhealth.de\/wp-content\/uploads\/2025\/01\/Bild139.png 335w, https:\/\/dominicanhealth.de\/wp-content\/uploads\/2025\/01\/Bild139-226x300.png 226w\" sizes=\"auto, (max-width: 335px) 100vw, 335px\" \/><\/figure>\n\n\n\n<figure class=\"wp-block-image size-large\"><img loading=\"lazy\" decoding=\"async\" width=\"593\" height=\"444\" data-id=\"1850\" src=\"https:\/\/dominicanhealth.de\/wp-content\/uploads\/2025\/01\/Bild140.png\" alt=\"\" class=\"wp-image-1850\" srcset=\"https:\/\/dominicanhealth.de\/wp-content\/uploads\/2025\/01\/Bild140.png 593w, https:\/\/dominicanhealth.de\/wp-content\/uploads\/2025\/01\/Bild140-300x225.png 300w\" sizes=\"auto, (max-width: 593px) 100vw, 593px\" \/><\/figure>\n<\/figure>\n\n\n\n<p>Bei dieser Gelegenheit konnten wir auch gemeinsam mit Frau Krenz das Wohnviertel Mu\u00f1os mit haitianischen Migrant:innen besuchen. Dort sind bereits \u00fcber 200 Patient:innen registriert die durch die Fundaci\u00f3n Milton Moronta unterst\u00fctzt wird.<\/p>\n","protected":false},"excerpt":{"rendered":"<p>Im September 2023 besuchten wir mit einer Gruppe aus Studierenden und Dozierenden der Hochschule Furtwangen die Dominikanische Republik. Bei dieser Reise hatten wir auch Gelegenheit uns&#46;&#46;&#46;<\/p>\n","protected":false},"author":1,"featured_media":0,"parent":0,"menu_order":0,"comment_status":"closed","ping_status":"closed","template":"","meta":{"footnotes":""},"class_list":["post-1904","page","type-page","status-publish","hentry"],"translation":{"provider":"WPGlobus","version":"3.0.2","language":"es","enabled_languages":["de","en","es"],"languages":{"de":{"title":true,"content":true,"excerpt":false},"en":{"title":false,"content":false,"excerpt":false},"es":{"title":false,"content":false,"excerpt":false}}},"_links":{"self":[{"href":"https:\/\/dominicanhealth.de\/es\/wp-json\/wp\/v2\/pages\/1904","targetHints":{"allow":["GET"]}}],"collection":[{"href":"https:\/\/dominicanhealth.de\/es\/wp-json\/wp\/v2\/pages"}],"about":[{"href":"https:\/\/dominicanhealth.de\/es\/wp-json\/wp\/v2\/types\/page"}],"author":[{"embeddable":true,"href":"https:\/\/dominicanhealth.de\/es\/wp-json\/wp\/v2\/users\/1"}],"replies":[{"embeddable":true,"href":"https:\/\/dominicanhealth.de\/es\/wp-json\/wp\/v2\/comments?post=1904"}],"version-history":[{"count":1,"href":"https:\/\/dominicanhealth.de\/es\/wp-json\/wp\/v2\/pages\/1904\/revisions"}],"predecessor-version":[{"id":1908,"href":"https:\/\/dominicanhealth.de\/es\/wp-json\/wp\/v2\/pages\/1904\/revisions\/1908"}],"wp:attachment":[{"href":"https:\/\/dominicanhealth.de\/es\/wp-json\/wp\/v2\/media?parent=1904"}],"curies":[{"name":"wp","href":"https:\/\/api.w.org\/{rel}","templated":true}]}}