{"id":1892,"date":"2025-01-14T15:05:52","date_gmt":"2025-01-14T14:05:52","guid":{"rendered":"https:\/\/dominicanhealth.de\/?page_id=1892"},"modified":"2025-01-14T15:05:52","modified_gmt":"2025-01-14T14:05:52","slug":"dental-aid-projekt","status":"publish","type":"page","link":"https:\/\/dominicanhealth.de\/es\/dental-aid-projekt\/","title":{"rendered":"Dental Aid Projekt"},"content":{"rendered":"\n<p>Im April 2022 besuchte der Zahnarzt Tobias Bauer vom <strong>Dental International Aid Networking Organisation<\/strong>, <strong>(DIANO e.V.)<\/strong> das am Bodensee verortet ist, erstmals das Gesundheitszentrum in Puerto Plata. Er ist ebenfalls seit l\u00e4ngerer Zeit im Bereich der Entwicklungszusammenarbeit in Haiti und der Dominikanischen Republik t\u00e4tig ist. Der Kontakt kam \u00fcber die <strong><em>Klinikpartnerschaften <\/em><\/strong>zustande und bildet die Basis f\u00fcr eine zuk\u00fcnftige Zusammenarbeit.<\/p>\n\n\n\n<figure class=\"wp-block-image size-full\"><img loading=\"lazy\" decoding=\"async\" width=\"173\" height=\"232\" src=\"https:\/\/dominicanhealth.de\/wp-content\/uploads\/2025\/01\/Bild100.jpg\" alt=\"\" class=\"wp-image-1803\"\/><\/figure>\n\n\n\n<p><strong>2024<\/strong><\/p>\n\n\n\n<p>Die Zusammenarbeit mit dem <strong>Dental Aid Projekt<\/strong> hat sich inzwischen weiter verstetigt. Dental Aid ist eine Initiative, bei der Sachspenden zur Verf\u00fcgung gestellt und Unterst\u00fctzung bei der zahn\u00e4rztlichen Behandlung angeboten werden. Im Laufe des Jahres waren hier verschiedene Gruppen von Zahnmedizinstudierenden in verschiedenen Gemeinden rund um Puerto Plata im Einsatz und haben mehrere hundert Patient:innen behandelt.<\/p>\n\n\n\n<figure class=\"wp-block-gallery has-nested-images columns-default is-cropped wp-block-gallery-1 is-layout-flex wp-block-gallery-is-layout-flex\">\n<figure class=\"wp-block-image size-large\"><img loading=\"lazy\" decoding=\"async\" width=\"995\" height=\"507\" data-id=\"1895\" src=\"https:\/\/dominicanhealth.de\/wp-content\/uploads\/2025\/01\/Bild9.png\" alt=\"\" class=\"wp-image-1895\" srcset=\"https:\/\/dominicanhealth.de\/wp-content\/uploads\/2025\/01\/Bild9.png 995w, https:\/\/dominicanhealth.de\/wp-content\/uploads\/2025\/01\/Bild9-300x153.png 300w, https:\/\/dominicanhealth.de\/wp-content\/uploads\/2025\/01\/Bild9-768x391.png 768w\" sizes=\"auto, (max-width: 995px) 100vw, 995px\" \/><\/figure>\n\n\n\n<figure class=\"wp-block-image size-large\"><img loading=\"lazy\" decoding=\"async\" width=\"679\" height=\"382\" data-id=\"1893\" src=\"https:\/\/dominicanhealth.de\/wp-content\/uploads\/2025\/01\/Bild10.png\" alt=\"\" class=\"wp-image-1893\" srcset=\"https:\/\/dominicanhealth.de\/wp-content\/uploads\/2025\/01\/Bild10.png 679w, https:\/\/dominicanhealth.de\/wp-content\/uploads\/2025\/01\/Bild10-300x169.png 300w, https:\/\/dominicanhealth.de\/wp-content\/uploads\/2025\/01\/Bild10-520x293.png 520w\" sizes=\"auto, (max-width: 679px) 100vw, 679px\" \/><\/figure>\n\n\n\n<figure class=\"wp-block-image size-large\"><img loading=\"lazy\" decoding=\"async\" width=\"995\" height=\"464\" data-id=\"1894\" src=\"https:\/\/dominicanhealth.de\/wp-content\/uploads\/2025\/01\/Bild11.png\" alt=\"\" class=\"wp-image-1894\" srcset=\"https:\/\/dominicanhealth.de\/wp-content\/uploads\/2025\/01\/Bild11.png 995w, https:\/\/dominicanhealth.de\/wp-content\/uploads\/2025\/01\/Bild11-300x140.png 300w, https:\/\/dominicanhealth.de\/wp-content\/uploads\/2025\/01\/Bild11-768x358.png 768w\" sizes=\"auto, (max-width: 995px) 100vw, 995px\" \/><\/figure>\n<\/figure>\n","protected":false},"excerpt":{"rendered":"<p>Im April 2022 besuchte der Zahnarzt Tobias Bauer vom Dental International Aid Networking Organisation, (DIANO e.V.) das am Bodensee verortet ist, erstmals das Gesundheitszentrum in Puerto&#46;&#46;&#46;<\/p>\n","protected":false},"author":1,"featured_media":0,"parent":0,"menu_order":0,"comment_status":"closed","ping_status":"closed","template":"","meta":{"footnotes":""},"class_list":["post-1892","page","type-page","status-publish","hentry"],"translation":{"provider":"WPGlobus","version":"3.0.2","language":"es","enabled_languages":["de","en","es"],"languages":{"de":{"title":true,"content":true,"excerpt":false},"en":{"title":false,"content":false,"excerpt":false},"es":{"title":false,"content":false,"excerpt":false}}},"_links":{"self":[{"href":"https:\/\/dominicanhealth.de\/es\/wp-json\/wp\/v2\/pages\/1892","targetHints":{"allow":["GET"]}}],"collection":[{"href":"https:\/\/dominicanhealth.de\/es\/wp-json\/wp\/v2\/pages"}],"about":[{"href":"https:\/\/dominicanhealth.de\/es\/wp-json\/wp\/v2\/types\/page"}],"author":[{"embeddable":true,"href":"https:\/\/dominicanhealth.de\/es\/wp-json\/wp\/v2\/users\/1"}],"replies":[{"embeddable":true,"href":"https:\/\/dominicanhealth.de\/es\/wp-json\/wp\/v2\/comments?post=1892"}],"version-history":[{"count":1,"href":"https:\/\/dominicanhealth.de\/es\/wp-json\/wp\/v2\/pages\/1892\/revisions"}],"predecessor-version":[{"id":1896,"href":"https:\/\/dominicanhealth.de\/es\/wp-json\/wp\/v2\/pages\/1892\/revisions\/1896"}],"wp:attachment":[{"href":"https:\/\/dominicanhealth.de\/es\/wp-json\/wp\/v2\/media?parent=1892"}],"curies":[{"name":"wp","href":"https:\/\/api.w.org\/{rel}","templated":true}]}}