{"id":1882,"date":"2025-01-14T15:04:11","date_gmt":"2025-01-14T14:04:11","guid":{"rendered":"https:\/\/dominicanhealth.de\/?page_id=1882"},"modified":"2025-01-14T15:21:35","modified_gmt":"2025-01-14T14:21:35","slug":"ciudad-santa-maria-santiago-2","status":"publish","type":"page","link":"https:\/\/dominicanhealth.de\/es\/ciudad-santa-maria-santiago-2\/","title":{"rendered":"Ciudad Santa Maria, Santiago"},"content":{"rendered":"\n<p>Durch unseren Kontakt zur Katholischen Universit\u00e4t in Santiago hatten wir ja auch Gelegenheit das Projekt Ciudad Santa Maria (CISAMA) kennenzulernen. Dies ist ein umfangreiches kommunales Unterst\u00fctzungsprojekt in einem der \u00e4rmsten Stadtviertel (La Otra Banda) in Santiago. Die Menschen in La Otra Banda leben in sehr prek\u00e4ren Verh\u00e4ltnissen. Arbeitslosigkeit, Gewalt, mangelnde hygienische Verh\u00e4ltnisse und fehlende Bildung bei den Erwachsenen pr\u00e4gen das Bild.<\/p>\n\n\n\n<figure class=\"wp-block-gallery has-nested-images columns-default is-cropped wp-block-gallery-1 is-layout-flex wp-block-gallery-is-layout-flex\">\n<figure class=\"wp-block-image size-large\"><img loading=\"lazy\" decoding=\"async\" width=\"303\" height=\"402\" data-id=\"1885\" src=\"https:\/\/dominicanhealth.de\/wp-content\/uploads\/2025\/01\/Bild3.png\" alt=\"\" class=\"wp-image-1885\" srcset=\"https:\/\/dominicanhealth.de\/wp-content\/uploads\/2025\/01\/Bild3.png 303w, https:\/\/dominicanhealth.de\/wp-content\/uploads\/2025\/01\/Bild3-226x300.png 226w\" sizes=\"auto, (max-width: 303px) 100vw, 303px\" \/><\/figure>\n\n\n\n<figure class=\"wp-block-image size-large\"><img loading=\"lazy\" decoding=\"async\" width=\"299\" height=\"397\" data-id=\"1884\" src=\"https:\/\/dominicanhealth.de\/wp-content\/uploads\/2025\/01\/Bild2.png\" alt=\"\" class=\"wp-image-1884\" srcset=\"https:\/\/dominicanhealth.de\/wp-content\/uploads\/2025\/01\/Bild2.png 299w, https:\/\/dominicanhealth.de\/wp-content\/uploads\/2025\/01\/Bild2-226x300.png 226w\" sizes=\"auto, (max-width: 299px) 100vw, 299px\" \/><\/figure>\n\n\n\n<figure class=\"wp-block-image size-large\"><img loading=\"lazy\" decoding=\"async\" width=\"301\" height=\"400\" data-id=\"1883\" src=\"https:\/\/dominicanhealth.de\/wp-content\/uploads\/2025\/01\/Bild1.png\" alt=\"\" class=\"wp-image-1883\" srcset=\"https:\/\/dominicanhealth.de\/wp-content\/uploads\/2025\/01\/Bild1.png 301w, https:\/\/dominicanhealth.de\/wp-content\/uploads\/2025\/01\/Bild1-226x300.png 226w\" sizes=\"auto, (max-width: 301px) 100vw, 301px\" \/><\/figure>\n<\/figure>\n\n\n\n<p>Mit dem Projekt CISAMA versuchen die Initiatoren diese Situation durch Unterst\u00fctzung im Bereich Gesundheit, Sicherheit und Bildung seit vielen Jahren zu verbessern. Vor allem f\u00fcr Kinder und Jugendliche stehen verschiede Bildungsprogramme zur Verf\u00fcgung die den jungen Menschen aus dem Armenviertel Chancen auf ein besseres Leben bieten.<\/p>\n\n\n\n<p>Ciudad Santa Maria ist ein Bildungs-, Gemeinschafts- und katholisches Zentrum, das von der katholischen Kirche, der Stiftung Synergies Cares und dem Bildungsministerium (MINERD) der Dominikanischen Republik gemeinsam gegr\u00fcndet wurde. Sie unterzeichneten einen Vertrag \u00fcber 20 Jahre gegenseitiger Zusammenarbeit und haben ein gemeinsames Pilotprojekt f\u00fcr eine \u00f6ffentliche Schule mit Modellcharakter in der Dominikanischen Republik geschaffen. Die mehr als 25.000 Quadratmeter gro\u00dfe Ciudad Santa Maria wurde mit Unterst\u00fctzung der Familie gegr\u00fcndet, die einen gro\u00dfen Teil des Grundst\u00fccks, auf dem sich die Einrichtungen befinden, gespendet hat, darunter auch das Grundst\u00fcck, auf dem sich heute die Estancia Infantil Santa Maria befindet. Es wurde dem dominikanischen Institut f\u00fcr soziale Sicherheit (IDSS), dem heutigen INAPI, geschenkt. Die Stiftung wird von einer Gruppe von Freiwilligen geleitet, die die Arbeit in sechs Funktionsbereiche unterteilt haben: Spiritualit\u00e4t, Bildung, Gesundheit, Gemeinschaft, Selbsterhaltung und die Freiwilligen von Ciudad Santa Mar\u00eda. <a href=\"https:\/\/cisama.org.do\/\">https:\/\/cisama.org.do\/<\/a><\/p>\n\n\n\n<figure class=\"wp-block-gallery has-nested-images columns-default is-cropped wp-block-gallery-2 is-layout-flex wp-block-gallery-is-layout-flex\">\n<figure class=\"wp-block-image size-large\"><img loading=\"lazy\" decoding=\"async\" width=\"753\" height=\"565\" data-id=\"1886\" src=\"https:\/\/dominicanhealth.de\/wp-content\/uploads\/2025\/01\/Bild5.jpg\" alt=\"\" class=\"wp-image-1886\" srcset=\"https:\/\/dominicanhealth.de\/wp-content\/uploads\/2025\/01\/Bild5.jpg 753w, https:\/\/dominicanhealth.de\/wp-content\/uploads\/2025\/01\/Bild5-300x225.jpg 300w\" sizes=\"auto, (max-width: 753px) 100vw, 753px\" \/><\/figure>\n\n\n\n<figure class=\"wp-block-image size-large\"><img loading=\"lazy\" decoding=\"async\" width=\"750\" height=\"999\" data-id=\"1887\" src=\"https:\/\/dominicanhealth.de\/wp-content\/uploads\/2025\/01\/Bild4.jpg\" alt=\"\" class=\"wp-image-1887\" srcset=\"https:\/\/dominicanhealth.de\/wp-content\/uploads\/2025\/01\/Bild4.jpg 750w, https:\/\/dominicanhealth.de\/wp-content\/uploads\/2025\/01\/Bild4-225x300.jpg 225w\" sizes=\"auto, (max-width: 750px) 100vw, 750px\" \/><\/figure>\n<\/figure>\n\n\n\n<p>Dominican Health unterst\u00fctzt hier speziell die Ausstattung der Krankenpflegeschule. Bei unseren Besuchen konnten wir die Einrichtung besichtigen, mit vielen Mitarbeiterinnen sprechen und einige Sachspenden \u00fcbergeben.<\/p>\n\n\n\n<figure class=\"wp-block-gallery has-nested-images columns-default is-cropped wp-block-gallery-3 is-layout-flex wp-block-gallery-is-layout-flex\">\n<figure class=\"wp-block-image size-large\"><img loading=\"lazy\" decoding=\"async\" width=\"605\" height=\"336\" data-id=\"1888\" src=\"https:\/\/dominicanhealth.de\/wp-content\/uploads\/2025\/01\/Bild8.jpg\" alt=\"\" class=\"wp-image-1888\" srcset=\"https:\/\/dominicanhealth.de\/wp-content\/uploads\/2025\/01\/Bild8.jpg 605w, https:\/\/dominicanhealth.de\/wp-content\/uploads\/2025\/01\/Bild8-300x167.jpg 300w\" sizes=\"auto, (max-width: 605px) 100vw, 605px\" \/><\/figure>\n\n\n\n<figure class=\"wp-block-image size-large\"><img loading=\"lazy\" decoding=\"async\" width=\"557\" height=\"278\" data-id=\"1890\" src=\"https:\/\/dominicanhealth.de\/wp-content\/uploads\/2025\/01\/Bild7.png\" alt=\"\" class=\"wp-image-1890\" srcset=\"https:\/\/dominicanhealth.de\/wp-content\/uploads\/2025\/01\/Bild7.png 557w, https:\/\/dominicanhealth.de\/wp-content\/uploads\/2025\/01\/Bild7-300x150.png 300w\" sizes=\"auto, (max-width: 557px) 100vw, 557px\" \/><\/figure>\n\n\n\n<figure class=\"wp-block-image size-large\"><img loading=\"lazy\" decoding=\"async\" width=\"365\" height=\"274\" data-id=\"1889\" src=\"https:\/\/dominicanhealth.de\/wp-content\/uploads\/2025\/01\/Bild6.png\" alt=\"\" class=\"wp-image-1889\" srcset=\"https:\/\/dominicanhealth.de\/wp-content\/uploads\/2025\/01\/Bild6.png 365w, https:\/\/dominicanhealth.de\/wp-content\/uploads\/2025\/01\/Bild6-300x225.png 300w\" sizes=\"auto, (max-width: 365px) 100vw, 365px\" \/><\/figure>\n<\/figure>\n","protected":false},"excerpt":{"rendered":"<p>Durch unseren Kontakt zur Katholischen Universit\u00e4t in Santiago hatten wir ja auch Gelegenheit das Projekt Ciudad Santa Maria (CISAMA) kennenzulernen. Dies ist ein umfangreiches kommunales Unterst\u00fctzungsprojekt&#46;&#46;&#46;<\/p>\n","protected":false},"author":1,"featured_media":0,"parent":0,"menu_order":0,"comment_status":"closed","ping_status":"closed","template":"","meta":{"footnotes":""},"class_list":["post-1882","page","type-page","status-publish","hentry"],"translation":{"provider":"WPGlobus","version":"3.0.2","language":"es","enabled_languages":["de","en","es"],"languages":{"de":{"title":true,"content":true,"excerpt":false},"en":{"title":false,"content":false,"excerpt":false},"es":{"title":false,"content":false,"excerpt":false}}},"_links":{"self":[{"href":"https:\/\/dominicanhealth.de\/es\/wp-json\/wp\/v2\/pages\/1882","targetHints":{"allow":["GET"]}}],"collection":[{"href":"https:\/\/dominicanhealth.de\/es\/wp-json\/wp\/v2\/pages"}],"about":[{"href":"https:\/\/dominicanhealth.de\/es\/wp-json\/wp\/v2\/types\/page"}],"author":[{"embeddable":true,"href":"https:\/\/dominicanhealth.de\/es\/wp-json\/wp\/v2\/users\/1"}],"replies":[{"embeddable":true,"href":"https:\/\/dominicanhealth.de\/es\/wp-json\/wp\/v2\/comments?post=1882"}],"version-history":[{"count":2,"href":"https:\/\/dominicanhealth.de\/es\/wp-json\/wp\/v2\/pages\/1882\/revisions"}],"predecessor-version":[{"id":1914,"href":"https:\/\/dominicanhealth.de\/es\/wp-json\/wp\/v2\/pages\/1882\/revisions\/1914"}],"wp:attachment":[{"href":"https:\/\/dominicanhealth.de\/es\/wp-json\/wp\/v2\/media?parent=1882"}],"curies":[{"name":"wp","href":"https:\/\/api.w.org\/{rel}","templated":true}]}}