{"id":1835,"date":"2025-01-01T11:08:46","date_gmt":"2025-01-01T10:08:46","guid":{"rendered":"https:\/\/dominicanhealth.de\/?page_id=1835"},"modified":"2025-12-10T07:53:52","modified_gmt":"2025-12-10T06:53:52","slug":"highlights-in-2024","status":"publish","type":"page","link":"https:\/\/dominicanhealth.de\/es\/highlights-in-2024\/","title":{"rendered":"Highlights in 2024"},"content":{"rendered":"\n<p>In der Ambulanz von Milton Moronta werden immer mehr Patientinnen und Patienten betreut. Milton arbeitet inzwischen zusammen mit Dr. Sousa und den Assistentinnen Sujeiry Romero, Anileyda Garc\u00eda Fa\u00f1a und Samelis Cabrera Sanchez.<\/p>\n\n\n\n<figure class=\"wp-block-image size-full\"><img loading=\"lazy\" decoding=\"async\" width=\"432\" height=\"416\" src=\"https:\/\/dominicanhealth.de\/wp-content\/uploads\/2025\/01\/Bild127.png\" alt=\"\" class=\"wp-image-1836\" srcset=\"https:\/\/dominicanhealth.de\/wp-content\/uploads\/2025\/01\/Bild127.png 432w, https:\/\/dominicanhealth.de\/wp-content\/uploads\/2025\/01\/Bild127-300x289.png 300w\" sizes=\"auto, (max-width: 432px) 100vw, 432px\" \/><\/figure>\n\n\n\n<p>Von Oktober 2023 bis Mitte M\u00e4rz waren die zwei Studierenden der Hochschule Furtwangen, Viviane Steib-Golles und Vincent Beaujour vor Ort. W\u00e4hrend des f\u00fcnfmonatigen Aufenthalts unterst\u00fctzten sie vor allem bei der Patientenversorgung, der Organisation der Apotheke sowie der Gestaltung der Patientenakten. Dar\u00fcber hinaus besch\u00e4ftigten sie sich auch mit dem Thema Diabetes Mellitus und anderen chronischen Erkrankungen.<\/p>\n\n\n\n<figure class=\"wp-block-gallery has-nested-images columns-default is-cropped wp-block-gallery-1 is-layout-flex wp-block-gallery-is-layout-flex\">\n<figure class=\"wp-block-image size-large\"><img loading=\"lazy\" decoding=\"async\" width=\"706\" height=\"410\" data-id=\"1840\" src=\"https:\/\/dominicanhealth.de\/wp-content\/uploads\/2025\/01\/Bild128-1.png\" alt=\"\" class=\"wp-image-1840\" srcset=\"https:\/\/dominicanhealth.de\/wp-content\/uploads\/2025\/01\/Bild128-1.png 706w, https:\/\/dominicanhealth.de\/wp-content\/uploads\/2025\/01\/Bild128-1-300x174.png 300w\" sizes=\"auto, (max-width: 706px) 100vw, 706px\" \/><\/figure>\n\n\n\n<figure class=\"wp-block-image size-large\"><img loading=\"lazy\" decoding=\"async\" width=\"522\" height=\"390\" data-id=\"1839\" src=\"https:\/\/dominicanhealth.de\/wp-content\/uploads\/2025\/01\/Bild129.png\" alt=\"\" class=\"wp-image-1839\" srcset=\"https:\/\/dominicanhealth.de\/wp-content\/uploads\/2025\/01\/Bild129.png 522w, https:\/\/dominicanhealth.de\/wp-content\/uploads\/2025\/01\/Bild129-300x224.png 300w\" sizes=\"auto, (max-width: 522px) 100vw, 522px\" \/><\/figure>\n\n\n\n<figure class=\"wp-block-image size-large\"><img loading=\"lazy\" decoding=\"async\" width=\"222\" height=\"392\" data-id=\"1838\" src=\"https:\/\/dominicanhealth.de\/wp-content\/uploads\/2025\/01\/Bild130.png\" alt=\"\" class=\"wp-image-1838\" srcset=\"https:\/\/dominicanhealth.de\/wp-content\/uploads\/2025\/01\/Bild130.png 222w, https:\/\/dominicanhealth.de\/wp-content\/uploads\/2025\/01\/Bild130-170x300.png 170w\" sizes=\"auto, (max-width: 222px) 100vw, 222px\" \/><\/figure>\n<\/figure>\n\n\n\n<p>Von M\u00e4rz bis Mai waren die zwei Studentinnen der Hochschule Furtwangen und gelernte Krankenschwestern Analena Moses und Angela Pfaff vor Ort. W\u00e4hrend des dreimonatigen Aufenthalts unterst\u00fctzten sie vor allem bei der Patientenversorgung, der Organisation der Apotheke sowie der Gestaltung der Patientenakten. Dar\u00fcber hinaus besch\u00e4ftigten sie sich auch mit dem Thema Wundversorgung bei Menschen mit chronischen Wunden.<\/p>\n\n\n\n<figure class=\"wp-block-gallery has-nested-images columns-default is-cropped wp-block-gallery-2 is-layout-flex wp-block-gallery-is-layout-flex\">\n<figure class=\"wp-block-image size-large\"><img loading=\"lazy\" decoding=\"async\" width=\"583\" height=\"372\" data-id=\"1842\" src=\"https:\/\/dominicanhealth.de\/wp-content\/uploads\/2025\/01\/Bild131.png\" alt=\"\" class=\"wp-image-1842\" srcset=\"https:\/\/dominicanhealth.de\/wp-content\/uploads\/2025\/01\/Bild131.png 583w, https:\/\/dominicanhealth.de\/wp-content\/uploads\/2025\/01\/Bild131-300x191.png 300w\" sizes=\"auto, (max-width: 583px) 100vw, 583px\" \/><\/figure>\n\n\n\n<figure class=\"wp-block-image size-large\"><img loading=\"lazy\" decoding=\"async\" width=\"411\" height=\"303\" data-id=\"1841\" src=\"https:\/\/dominicanhealth.de\/wp-content\/uploads\/2025\/01\/Bild132.png\" alt=\"\" class=\"wp-image-1841\" srcset=\"https:\/\/dominicanhealth.de\/wp-content\/uploads\/2025\/01\/Bild132.png 411w, https:\/\/dominicanhealth.de\/wp-content\/uploads\/2025\/01\/Bild132-300x221.png 300w\" sizes=\"auto, (max-width: 411px) 100vw, 411px\" \/><\/figure>\n<\/figure>\n\n\n\n<p>Von September bis Dezember waren zwei weitere Studentinnen, Nerisa da Silva und Cynthia Aghimien im Einsatz. Sie unterst\u00fctzten ebenfalls die Patientenversorgung und besch\u00e4ftigen sich dar\u00fcber hinaus mit den Unterschieden der Gesundheitsversorgung im l\u00e4ndlichen und st\u00e4dtischen Raum. Wir danken allen f\u00fcr den super tollen engagierten Einsatz!<\/p>\n\n\n\n<p>Im Februar \/ M\u00e4rz konnten wir auch mit Unterst\u00fctzung der <strong>Klinikpartnerschaften<\/strong> einen Besuch vor Ort durchf\u00fchren. Die Vereinsmitglieder Peter K\u00f6nig, Lucia K\u00f6nig und Ulrike Lindwedel konnten sich \u00fcber die Fortschritte bei den Abl\u00e4ufen in der Klinik informieren und haben intensiv an der Organisation der Abl\u00e4ufe und dem Ausbau des ersten Obergeschosses geplant und mitgearbeitet. Hier haben wir mit Vereinsmitteln die Renovierungsarbeiten unterst\u00fctzt.<\/p>\n\n\n\n<figure class=\"wp-block-gallery has-nested-images columns-default is-cropped wp-block-gallery-3 is-layout-flex wp-block-gallery-is-layout-flex\">\n<figure class=\"wp-block-image size-large\"><img loading=\"lazy\" decoding=\"async\" width=\"706\" height=\"317\" data-id=\"1843\" src=\"https:\/\/dominicanhealth.de\/wp-content\/uploads\/2025\/01\/Bild133.png\" alt=\"\" class=\"wp-image-1843\" srcset=\"https:\/\/dominicanhealth.de\/wp-content\/uploads\/2025\/01\/Bild133.png 706w, https:\/\/dominicanhealth.de\/wp-content\/uploads\/2025\/01\/Bild133-300x135.png 300w\" sizes=\"auto, (max-width: 706px) 100vw, 706px\" \/><\/figure>\n\n\n\n<figure class=\"wp-block-image size-large\"><img loading=\"lazy\" decoding=\"async\" width=\"706\" height=\"350\" data-id=\"1844\" src=\"https:\/\/dominicanhealth.de\/wp-content\/uploads\/2025\/01\/Bild134.png\" alt=\"\" class=\"wp-image-1844\" srcset=\"https:\/\/dominicanhealth.de\/wp-content\/uploads\/2025\/01\/Bild134.png 706w, https:\/\/dominicanhealth.de\/wp-content\/uploads\/2025\/01\/Bild134-300x149.png 300w\" sizes=\"auto, (max-width: 706px) 100vw, 706px\" \/><\/figure>\n<\/figure>\n\n\n\n<p>Im September konnten die Vereinsmitglieder Peter K\u00f6nig und Ulrike Lindwedel bei einem Besuch \u00fcber weitere Fortschritte beim Ausbau des ersten Obergeschosses planen und mitarbeiten. Dort sind jetzt weitere <strong>Behandlungsr\u00e4ume <\/strong>f\u00fcr einen Zahnarzt, weitere \u00c4rzte und eine Psychologin entstanden. Hier haben wir mit Vereinsmitteln die Renovierungsarbeiten unterst\u00fctzt.<\/p>\n\n\n\n<figure class=\"wp-block-gallery has-nested-images columns-default is-cropped wp-block-gallery-4 is-layout-flex wp-block-gallery-is-layout-flex\">\n<figure class=\"wp-block-image size-large\"><img loading=\"lazy\" decoding=\"async\" width=\"485\" height=\"272\" data-id=\"1845\" src=\"https:\/\/dominicanhealth.de\/wp-content\/uploads\/2025\/01\/Bild135.png\" alt=\"\" class=\"wp-image-1845\" srcset=\"https:\/\/dominicanhealth.de\/wp-content\/uploads\/2025\/01\/Bild135.png 485w, https:\/\/dominicanhealth.de\/wp-content\/uploads\/2025\/01\/Bild135-300x168.png 300w\" sizes=\"auto, (max-width: 485px) 100vw, 485px\" \/><\/figure>\n\n\n\n<figure class=\"wp-block-image size-large\"><img loading=\"lazy\" decoding=\"async\" width=\"476\" height=\"274\" data-id=\"1846\" src=\"https:\/\/dominicanhealth.de\/wp-content\/uploads\/2025\/01\/Bild136.png\" alt=\"\" class=\"wp-image-1846\" srcset=\"https:\/\/dominicanhealth.de\/wp-content\/uploads\/2025\/01\/Bild136.png 476w, https:\/\/dominicanhealth.de\/wp-content\/uploads\/2025\/01\/Bild136-300x173.png 300w\" sizes=\"auto, (max-width: 476px) 100vw, 476px\" \/><\/figure>\n<\/figure>\n\n\n\n<p>Der gr\u00f6\u00dfte Erfolg in diesem Jahr war sicher, dass nach mehr als zweij\u00e4hriger Vorbereitungszeit nun die <strong>Solaranlage<\/strong> in Betrieb genommen werden konnte. Wir hatten zweimal einen Antrag bei der <strong>Deutschen Botschaft zur F\u00f6rderung von Kleinprojekten<\/strong> gestellt und nun doch eine Zusage zur finanziellen Unterst\u00fctzung erhalten. Die Botschaft hat zwei Drittel, der Verein ein Drittel der Kosten \u00fcbernommen. Im September besuchte uns die zust\u00e4ndige Sachbearbeiterin Frau Krenz von der Deutschen Botschaft aus Santo Domingo und so konnten wir die Inbetriebnahme der Anlage feiern. Dadurch kann das eingesparte Geld f\u00fcr die Stromrechnung nun f\u00fcr andere wichtige Dinge genutzt werden.<\/p>\n\n\n\n<figure class=\"wp-block-gallery has-nested-images columns-default is-cropped wp-block-gallery-5 is-layout-flex wp-block-gallery-is-layout-flex\">\n<figure class=\"wp-block-image size-large\"><img loading=\"lazy\" decoding=\"async\" width=\"476\" height=\"310\" data-id=\"1847\" src=\"https:\/\/dominicanhealth.de\/wp-content\/uploads\/2025\/01\/Bild138.png\" alt=\"\" class=\"wp-image-1847\" srcset=\"https:\/\/dominicanhealth.de\/wp-content\/uploads\/2025\/01\/Bild138.png 476w, https:\/\/dominicanhealth.de\/wp-content\/uploads\/2025\/01\/Bild138-300x195.png 300w\" sizes=\"auto, (max-width: 476px) 100vw, 476px\" \/><\/figure>\n\n\n\n<figure class=\"wp-block-image size-large\"><img loading=\"lazy\" decoding=\"async\" width=\"335\" height=\"444\" data-id=\"1848\" src=\"https:\/\/dominicanhealth.de\/wp-content\/uploads\/2025\/01\/Bild139.png\" alt=\"\" class=\"wp-image-1848\" srcset=\"https:\/\/dominicanhealth.de\/wp-content\/uploads\/2025\/01\/Bild139.png 335w, https:\/\/dominicanhealth.de\/wp-content\/uploads\/2025\/01\/Bild139-226x300.png 226w\" sizes=\"auto, (max-width: 335px) 100vw, 335px\" \/><\/figure>\n\n\n\n<figure class=\"wp-block-image size-large\"><img loading=\"lazy\" decoding=\"async\" width=\"503\" height=\"306\" data-id=\"1849\" src=\"https:\/\/dominicanhealth.de\/wp-content\/uploads\/2025\/01\/Bild137.png\" alt=\"\" class=\"wp-image-1849\" srcset=\"https:\/\/dominicanhealth.de\/wp-content\/uploads\/2025\/01\/Bild137.png 503w, https:\/\/dominicanhealth.de\/wp-content\/uploads\/2025\/01\/Bild137-300x183.png 300w\" sizes=\"auto, (max-width: 503px) 100vw, 503px\" \/><\/figure>\n\n\n\n<figure class=\"wp-block-image size-large\"><img loading=\"lazy\" decoding=\"async\" width=\"593\" height=\"444\" data-id=\"1850\" src=\"https:\/\/dominicanhealth.de\/wp-content\/uploads\/2025\/01\/Bild140.png\" alt=\"\" class=\"wp-image-1850\" srcset=\"https:\/\/dominicanhealth.de\/wp-content\/uploads\/2025\/01\/Bild140.png 593w, https:\/\/dominicanhealth.de\/wp-content\/uploads\/2025\/01\/Bild140-300x225.png 300w\" sizes=\"auto, (max-width: 593px) 100vw, 593px\" \/><\/figure>\n<\/figure>\n\n\n\n<p>Gro\u00dfe Fortschritte gibt es bei der nachhaltigen <strong>Konzeption der Operativos<\/strong> (tageweise Be-suche von armen Gemeinden zur prim\u00e4ren Gesundheitsversorgung). Das Wohnviertel Mu\u00f1os mit haitianischen Migrant:innen wird weiterhin regelm\u00e4\u00dfig betreut. Es sind bereits \u00fcber 200 Patient:innen registriert. Dar\u00fcber hinaus wird der Kontakt zur Gemeinde La Gran Parada Kilometro 12 in der N\u00e4he von Puerto Plata aufgebaut und verstetigt.<\/p>\n\n\n\n<figure class=\"wp-block-gallery has-nested-images columns-default is-cropped wp-block-gallery-6 is-layout-flex wp-block-gallery-is-layout-flex\">\n<figure class=\"wp-block-image size-large\"><img loading=\"lazy\" decoding=\"async\" width=\"554\" height=\"271\" data-id=\"1853\" src=\"https:\/\/dominicanhealth.de\/wp-content\/uploads\/2025\/01\/Bild141.png\" alt=\"\" class=\"wp-image-1853\" srcset=\"https:\/\/dominicanhealth.de\/wp-content\/uploads\/2025\/01\/Bild141.png 554w, https:\/\/dominicanhealth.de\/wp-content\/uploads\/2025\/01\/Bild141-300x147.png 300w\" sizes=\"auto, (max-width: 554px) 100vw, 554px\" \/><\/figure>\n\n\n\n<figure class=\"wp-block-image size-large\"><img loading=\"lazy\" decoding=\"async\" width=\"207\" height=\"274\" data-id=\"1852\" src=\"https:\/\/dominicanhealth.de\/wp-content\/uploads\/2025\/01\/Bild142.png\" alt=\"\" class=\"wp-image-1852\"\/><\/figure>\n\n\n\n<figure class=\"wp-block-image size-large\"><img loading=\"lazy\" decoding=\"async\" width=\"208\" height=\"277\" data-id=\"1851\" src=\"https:\/\/dominicanhealth.de\/wp-content\/uploads\/2025\/01\/Bild143.png\" alt=\"\" class=\"wp-image-1851\"\/><\/figure>\n\n\n\n<figure class=\"wp-block-image size-large\"><img loading=\"lazy\" decoding=\"async\" width=\"995\" height=\"607\" data-id=\"1854\" src=\"https:\/\/dominicanhealth.de\/wp-content\/uploads\/2025\/01\/Bild144.png\" alt=\"\" class=\"wp-image-1854\" srcset=\"https:\/\/dominicanhealth.de\/wp-content\/uploads\/2025\/01\/Bild144.png 995w, https:\/\/dominicanhealth.de\/wp-content\/uploads\/2025\/01\/Bild144-300x183.png 300w, https:\/\/dominicanhealth.de\/wp-content\/uploads\/2025\/01\/Bild144-768x469.png 768w\" sizes=\"auto, (max-width: 995px) 100vw, 995px\" \/><\/figure>\n<\/figure>\n\n\n\n<p>Zus\u00e4tzlich werden weiterhin die Bewohner des Pflegeheims Hogar de Ancianos Paz y Esperanza betreut, dessen Bewohner v\u00f6llig mittellos sind und sonst keine medizinische Betreuung erhalten.<\/p>\n\n\n\n<figure class=\"wp-block-gallery has-nested-images columns-default is-cropped wp-block-gallery-7 is-layout-flex wp-block-gallery-is-layout-flex\">\n<figure class=\"wp-block-image size-large\"><img loading=\"lazy\" decoding=\"async\" width=\"517\" height=\"339\" data-id=\"1856\" src=\"https:\/\/dominicanhealth.de\/wp-content\/uploads\/2025\/01\/Bild145.png\" alt=\"\" class=\"wp-image-1856\" srcset=\"https:\/\/dominicanhealth.de\/wp-content\/uploads\/2025\/01\/Bild145.png 517w, https:\/\/dominicanhealth.de\/wp-content\/uploads\/2025\/01\/Bild145-300x197.png 300w\" sizes=\"auto, (max-width: 517px) 100vw, 517px\" \/><\/figure>\n\n\n\n<figure class=\"wp-block-image size-large\"><img loading=\"lazy\" decoding=\"async\" width=\"456\" height=\"340\" data-id=\"1855\" src=\"https:\/\/dominicanhealth.de\/wp-content\/uploads\/2025\/01\/Bild146.png\" alt=\"\" class=\"wp-image-1855\" srcset=\"https:\/\/dominicanhealth.de\/wp-content\/uploads\/2025\/01\/Bild146.png 456w, https:\/\/dominicanhealth.de\/wp-content\/uploads\/2025\/01\/Bild146-300x224.png 300w\" sizes=\"auto, (max-width: 456px) 100vw, 456px\" \/><\/figure>\n<\/figure>\n\n\n\n<p>Dar\u00fcber hinaus hat sich die Zusammenarbeit mit dem <strong>Dental Aid Projekt<\/strong> weiter verstetigt. Dental Aid ist eine Initiative, bei der Sachspenden zur Verf\u00fcgung gestellt und Unterst\u00fctzung bei der zahn\u00e4rztlichen Behandlung angeboten werden. Im Laufe des Jahres waren hier verschiedene Gruppen von Zahnmedizinstudierenden in verschiedenen Gemeinden rund um Puerto Plata im Einsatz und haben mehrere hundert Patient:innen behandelt.<\/p>\n\n\n\n<figure class=\"wp-block-gallery has-nested-images columns-default is-cropped wp-block-gallery-8 is-layout-flex wp-block-gallery-is-layout-flex\">\n<figure class=\"wp-block-image size-large\"><img loading=\"lazy\" decoding=\"async\" width=\"995\" height=\"507\" data-id=\"1859\" src=\"https:\/\/dominicanhealth.de\/wp-content\/uploads\/2025\/01\/Bild147.png\" alt=\"\" class=\"wp-image-1859\" srcset=\"https:\/\/dominicanhealth.de\/wp-content\/uploads\/2025\/01\/Bild147.png 995w, https:\/\/dominicanhealth.de\/wp-content\/uploads\/2025\/01\/Bild147-300x153.png 300w, https:\/\/dominicanhealth.de\/wp-content\/uploads\/2025\/01\/Bild147-768x391.png 768w\" sizes=\"auto, (max-width: 995px) 100vw, 995px\" \/><\/figure>\n\n\n\n<figure class=\"wp-block-image size-large\"><img loading=\"lazy\" decoding=\"async\" width=\"679\" height=\"382\" data-id=\"1857\" src=\"https:\/\/dominicanhealth.de\/wp-content\/uploads\/2025\/01\/Bild148.png\" alt=\"\" class=\"wp-image-1857\" srcset=\"https:\/\/dominicanhealth.de\/wp-content\/uploads\/2025\/01\/Bild148.png 679w, https:\/\/dominicanhealth.de\/wp-content\/uploads\/2025\/01\/Bild148-300x169.png 300w, https:\/\/dominicanhealth.de\/wp-content\/uploads\/2025\/01\/Bild148-520x293.png 520w\" sizes=\"auto, (max-width: 679px) 100vw, 679px\" \/><\/figure>\n\n\n\n<figure class=\"wp-block-image size-large\"><img loading=\"lazy\" decoding=\"async\" width=\"995\" height=\"464\" data-id=\"1858\" src=\"https:\/\/dominicanhealth.de\/wp-content\/uploads\/2025\/01\/Bild149.png\" alt=\"\" class=\"wp-image-1858\" srcset=\"https:\/\/dominicanhealth.de\/wp-content\/uploads\/2025\/01\/Bild149.png 995w, https:\/\/dominicanhealth.de\/wp-content\/uploads\/2025\/01\/Bild149-300x140.png 300w, https:\/\/dominicanhealth.de\/wp-content\/uploads\/2025\/01\/Bild149-768x358.png 768w\" sizes=\"auto, (max-width: 995px) 100vw, 995px\" \/><\/figure>\n<\/figure>\n\n\n\n<p>Auch in diesem Jahr konnten wir die Zusammenarbeit mit der Ciudad Santa Maria (CISAMA) weiterf\u00fchren. Bei besuchen im M\u00e4rz und September konnten wir Sachspenden f\u00fcr die Krankenpflegeschule und die Orchestergruppe \u00fcbergeben.<\/p>\n\n\n\n<figure class=\"wp-block-gallery has-nested-images columns-default is-cropped wp-block-gallery-9 is-layout-flex wp-block-gallery-is-layout-flex\">\n<figure class=\"wp-block-image size-large\"><img loading=\"lazy\" decoding=\"async\" width=\"396\" height=\"299\" data-id=\"1860\" src=\"https:\/\/dominicanhealth.de\/wp-content\/uploads\/2025\/01\/Bild150.png\" alt=\"\" class=\"wp-image-1860\" srcset=\"https:\/\/dominicanhealth.de\/wp-content\/uploads\/2025\/01\/Bild150.png 396w, https:\/\/dominicanhealth.de\/wp-content\/uploads\/2025\/01\/Bild150-300x227.png 300w\" sizes=\"auto, (max-width: 396px) 100vw, 396px\" \/><\/figure>\n\n\n\n<figure class=\"wp-block-image size-large\"><img loading=\"lazy\" decoding=\"async\" width=\"599\" height=\"298\" data-id=\"1864\" src=\"https:\/\/dominicanhealth.de\/wp-content\/uploads\/2025\/01\/Bild151.png\" alt=\"\" class=\"wp-image-1864\" srcset=\"https:\/\/dominicanhealth.de\/wp-content\/uploads\/2025\/01\/Bild151.png 599w, https:\/\/dominicanhealth.de\/wp-content\/uploads\/2025\/01\/Bild151-300x149.png 300w\" sizes=\"auto, (max-width: 599px) 100vw, 599px\" \/><\/figure>\n\n\n\n<figure class=\"wp-block-image size-large\"><img loading=\"lazy\" decoding=\"async\" width=\"489\" height=\"365\" data-id=\"1862\" src=\"https:\/\/dominicanhealth.de\/wp-content\/uploads\/2025\/01\/Bild152.png\" alt=\"\" class=\"wp-image-1862\" srcset=\"https:\/\/dominicanhealth.de\/wp-content\/uploads\/2025\/01\/Bild152.png 489w, https:\/\/dominicanhealth.de\/wp-content\/uploads\/2025\/01\/Bild152-300x224.png 300w\" sizes=\"auto, (max-width: 489px) 100vw, 489px\" \/><\/figure>\n\n\n\n<figure class=\"wp-block-image size-large\"><img loading=\"lazy\" decoding=\"async\" width=\"487\" height=\"364\" data-id=\"1861\" src=\"https:\/\/dominicanhealth.de\/wp-content\/uploads\/2025\/01\/Bild153.png\" alt=\"\" class=\"wp-image-1861\" srcset=\"https:\/\/dominicanhealth.de\/wp-content\/uploads\/2025\/01\/Bild153.png 487w, https:\/\/dominicanhealth.de\/wp-content\/uploads\/2025\/01\/Bild153-300x224.png 300w\" sizes=\"auto, (max-width: 487px) 100vw, 487px\" \/><\/figure>\n\n\n\n<figure class=\"wp-block-image size-large\"><img loading=\"lazy\" decoding=\"async\" width=\"354\" height=\"469\" data-id=\"1863\" src=\"https:\/\/dominicanhealth.de\/wp-content\/uploads\/2025\/01\/Bild154.png\" alt=\"\" class=\"wp-image-1863\" srcset=\"https:\/\/dominicanhealth.de\/wp-content\/uploads\/2025\/01\/Bild154.png 354w, https:\/\/dominicanhealth.de\/wp-content\/uploads\/2025\/01\/Bild154-226x300.png 226w\" sizes=\"auto, (max-width: 354px) 100vw, 354px\" \/><\/figure>\n\n\n\n<figure class=\"wp-block-image size-large\"><img loading=\"lazy\" decoding=\"async\" width=\"635\" height=\"474\" data-id=\"1865\" src=\"https:\/\/dominicanhealth.de\/wp-content\/uploads\/2025\/01\/Bild155.png\" alt=\"\" class=\"wp-image-1865\" srcset=\"https:\/\/dominicanhealth.de\/wp-content\/uploads\/2025\/01\/Bild155.png 635w, https:\/\/dominicanhealth.de\/wp-content\/uploads\/2025\/01\/Bild155-300x224.png 300w\" sizes=\"auto, (max-width: 635px) 100vw, 635px\" \/><\/figure>\n<\/figure>\n\n\n\n<p>Unserer Vereinsmitglied Chiara Burzlaff war beim letzten Besuch im September 2023 sehr beeindruckt von der M\u00f6glichkeit, dass die Kinder und Jugendlichen ein Musikinstrument erlernen k\u00f6nnen. Sie hat deshalb die Initiative ergriffen und nach Spendern f\u00fcr Musikinstrumenten gesucht. Nun konnten insgesamt schon drei Querfl\u00f6ten und eine Blockfl\u00f6te \u00fcbergeben werden.<\/p>\n\n\n\n<figure class=\"wp-block-gallery has-nested-images columns-default is-cropped wp-block-gallery-10 is-layout-flex wp-block-gallery-is-layout-flex\">\n<figure class=\"wp-block-image size-large\"><img loading=\"lazy\" decoding=\"async\" width=\"648\" height=\"341\" data-id=\"1867\" src=\"https:\/\/dominicanhealth.de\/wp-content\/uploads\/2025\/01\/Bild156.png\" alt=\"\" class=\"wp-image-1867\" srcset=\"https:\/\/dominicanhealth.de\/wp-content\/uploads\/2025\/01\/Bild156.png 648w, https:\/\/dominicanhealth.de\/wp-content\/uploads\/2025\/01\/Bild156-300x158.png 300w\" sizes=\"auto, (max-width: 648px) 100vw, 648px\" \/><\/figure>\n\n\n\n<figure class=\"wp-block-image size-large\"><img loading=\"lazy\" decoding=\"async\" width=\"313\" height=\"344\" data-id=\"1866\" src=\"https:\/\/dominicanhealth.de\/wp-content\/uploads\/2025\/01\/Bild157.png\" alt=\"\" class=\"wp-image-1866\" srcset=\"https:\/\/dominicanhealth.de\/wp-content\/uploads\/2025\/01\/Bild157.png 313w, https:\/\/dominicanhealth.de\/wp-content\/uploads\/2025\/01\/Bild157-273x300.png 273w\" sizes=\"auto, (max-width: 313px) 100vw, 313px\" \/><\/figure>\n\n\n\n<figure class=\"wp-block-image size-large\"><img loading=\"lazy\" decoding=\"async\" width=\"995\" height=\"489\" data-id=\"1868\" src=\"https:\/\/dominicanhealth.de\/wp-content\/uploads\/2025\/01\/Bild158.png\" alt=\"\" class=\"wp-image-1868\" srcset=\"https:\/\/dominicanhealth.de\/wp-content\/uploads\/2025\/01\/Bild158.png 995w, https:\/\/dominicanhealth.de\/wp-content\/uploads\/2025\/01\/Bild158-300x147.png 300w, https:\/\/dominicanhealth.de\/wp-content\/uploads\/2025\/01\/Bild158-768x377.png 768w\" sizes=\"auto, (max-width: 995px) 100vw, 995px\" \/><\/figure>\n<\/figure>\n\n\n\n<p><strong>Vereinsaktionen<\/strong><\/p>\n\n\n\n<p>Melina und Kim hatten im September wieder einen Stand auf dem Herbstfest in Leonberg und mit Waffeln und Getr\u00e4nken Spenden gesammelt.<\/p>\n\n\n\n<figure class=\"wp-block-image size-full\"><img loading=\"lazy\" decoding=\"async\" width=\"341\" height=\"225\" src=\"https:\/\/dominicanhealth.de\/wp-content\/uploads\/2025\/01\/Bild159.png\" alt=\"\" class=\"wp-image-1869\" srcset=\"https:\/\/dominicanhealth.de\/wp-content\/uploads\/2025\/01\/Bild159.png 341w, https:\/\/dominicanhealth.de\/wp-content\/uploads\/2025\/01\/Bild159-300x198.png 300w\" sizes=\"auto, (max-width: 341px) 100vw, 341px\" \/><\/figure>\n\n\n\n<p>Solidarit\u00e4tsessen Kirchengemeinde St. Georg in Lauffen bei Rottweil. Zum dritten Mal in Folge konnten wir unsere Projektarbeit in der Kirchengemeinde vorstellen. Die Verantwortlichen finden unsere Arbeit nach wie vor so interessant, dass sie Dominican Health wieder die Spenden beim diesj\u00e4hrigen Solidarit\u00e4tsessen zukommen lie\u00dfen.<\/p>\n\n\n\n<p>Nat\u00fcrlich gab es in der Vorweihnachtszeit dank unserer aktiven Vereinsmitglieder wieder etliche Spendenaktionen. Dazu geh\u00f6rten ein Stand auf dem Herderner Weihnachtsmarkt, Garagenverkauf in Freiburg, der Online-Weihnachtsmarkt und die Sockenaktion. Alles in allem sind mehr als 3000.-\u20ac zusammengekommen. Dar\u00fcber hinaus sind etliche Geldspenden eingegangen sodass wir auch im n\u00e4chsten Jahr viele Projektschritte weiterentwickeln k\u00f6nnen.<\/p>\n\n\n\n<figure class=\"wp-block-gallery has-nested-images columns-default is-cropped wp-block-gallery-11 is-layout-flex wp-block-gallery-is-layout-flex\">\n<figure class=\"wp-block-image size-large\"><img loading=\"lazy\" decoding=\"async\" width=\"605\" height=\"273\" data-id=\"1870\" src=\"https:\/\/dominicanhealth.de\/wp-content\/uploads\/2025\/01\/Bild160.jpg\" alt=\"\" class=\"wp-image-1870\" srcset=\"https:\/\/dominicanhealth.de\/wp-content\/uploads\/2025\/01\/Bild160.jpg 605w, https:\/\/dominicanhealth.de\/wp-content\/uploads\/2025\/01\/Bild160-300x135.jpg 300w\" sizes=\"auto, (max-width: 605px) 100vw, 605px\" \/><\/figure>\n<\/figure>\n","protected":false},"excerpt":{"rendered":"<p>In der Ambulanz von Milton Moronta werden immer mehr Patientinnen und Patienten betreut. Milton arbeitet inzwischen zusammen mit Dr. Sousa und den Assistentinnen Sujeiry Romero, Anileyda&#46;&#46;&#46;<\/p>\n","protected":false},"author":1,"featured_media":0,"parent":0,"menu_order":0,"comment_status":"closed","ping_status":"closed","template":"","meta":{"footnotes":""},"class_list":["post-1835","page","type-page","status-publish","hentry"],"translation":{"provider":"WPGlobus","version":"3.0.2","language":"es","enabled_languages":["de","en","es"],"languages":{"de":{"title":true,"content":true,"excerpt":false},"en":{"title":false,"content":false,"excerpt":false},"es":{"title":false,"content":false,"excerpt":false}}},"_links":{"self":[{"href":"https:\/\/dominicanhealth.de\/es\/wp-json\/wp\/v2\/pages\/1835","targetHints":{"allow":["GET"]}}],"collection":[{"href":"https:\/\/dominicanhealth.de\/es\/wp-json\/wp\/v2\/pages"}],"about":[{"href":"https:\/\/dominicanhealth.de\/es\/wp-json\/wp\/v2\/types\/page"}],"author":[{"embeddable":true,"href":"https:\/\/dominicanhealth.de\/es\/wp-json\/wp\/v2\/users\/1"}],"replies":[{"embeddable":true,"href":"https:\/\/dominicanhealth.de\/es\/wp-json\/wp\/v2\/comments?post=1835"}],"version-history":[{"count":2,"href":"https:\/\/dominicanhealth.de\/es\/wp-json\/wp\/v2\/pages\/1835\/revisions"}],"predecessor-version":[{"id":1919,"href":"https:\/\/dominicanhealth.de\/es\/wp-json\/wp\/v2\/pages\/1835\/revisions\/1919"}],"wp:attachment":[{"href":"https:\/\/dominicanhealth.de\/es\/wp-json\/wp\/v2\/media?parent=1835"}],"curies":[{"name":"wp","href":"https:\/\/api.w.org\/{rel}","templated":true}]}}