{"id":179,"date":"2018-04-05T10:07:12","date_gmt":"2018-04-05T10:07:12","guid":{"rendered":"https:\/\/dominicanhealth.wordpress.com\/?page_id=179"},"modified":"2024-12-30T18:09:20","modified_gmt":"2024-12-30T17:09:20","slug":"dominikanische-republik","status":"publish","type":"page","link":"https:\/\/dominicanhealth.de\/es\/dominikanische-republik\/","title":{"rendered":"La Rep\u00fablica Dominicana"},"content":{"rendered":"<p>La Rep\u00fablica Dominicana est\u00e1 situada en la isla caribe\u00f1a de La Espa\u00f1ola. En el tercio occidental de la isla se encuentra la naci\u00f3n de Haiti. El pa\u00eds tiene una superficie de 48.730 km, oficialmente 10.767.000 habitantes y una densidad de poblaci\u00f3n de 215 habitantes por km2. Adem\u00e1s, se estima que hay aproximadamente un mill\u00f3n de inmigrantes ilegales en el pa\u00eds, principalmente de Hait\u00ed y Venezuela. La Rep\u00fablica Dominicana cuenta con una infraestructura hotelera muy desarrollada y es el destino m\u00e1s visitado del Caribe con aproximadamente 5.5 millones de visitantes al a\u00f1o. El pa\u00eds registr\u00f3 un crecimiento econ\u00f3mico continuo del 5,4% en promedio en varios a\u00f1os. El producto interior bruto ascendi\u00f3 a 72.190 millones de d\u00f3lares en 2016 (frente a los 3,4 billones de d\u00f3lares de Alemania). Sin embargo, los bajos ingresos y el desempleo siguen siendo las principales causas de la pobreza generalizada. M\u00e1s del 40 por ciento de la poblaci\u00f3n vive en la pobreza, alrededor del 10 por ciento incluso en la pobreza extrema. Alrededor del 24% de la poblaci\u00f3n sufre de malnutrici\u00f3n. Aunque la situaci\u00f3n ha mejorado constantemente desde 1990, el \u00edndice de hambre en el mundo es de 10,2 y est\u00e1 clasificado como \u00abgrave\u00bb. En consecuencia, el coeficiente de Gini era de 44,9 en 2016, y la regi\u00f3n tiene una tasa de desempleo de 14,4% (Am\u00e9rica Latina y el Caribe en su conjunto 8,1%). La esperanza media de vida es de 70,2 a\u00f1os para los hombres y 76,5 a\u00f1os para las mujeres.<\/p>\n<p><iframe loading=\"lazy\" style=\"border: 0;\" src=\"https:\/\/www.google.com\/maps\/embed?pb=!1m18!1m12!1m3!1d1930957.8769105128!2d-71.88870017364866!3d19.046050429891825!2m3!1f0!2f0!3f0!3m2!1i1024!2i768!4f13.1!3m3!1m2!1s0x8eaf8838def1b6f5%3A0xa6020f24060df7e0!2sDominikanische+Republik!5e0!3m2!1sde!2sde!4v1525282828354\" width=\"600\" height=\"450\" frameborder=\"0\" allowfullscreen=\"allowfullscreen\"><\/iframe><\/p>\n","protected":false},"excerpt":{"rendered":"<p>La Rep\u00fablica Dominicana est\u00e1 situada en la isla caribe\u00f1a de La Espa\u00f1ola. En el tercio occidental de la isla se encuentra la naci\u00f3n de Haiti. El&#46;&#46;&#46;<\/p>\n","protected":false},"author":1,"featured_media":0,"parent":0,"menu_order":0,"comment_status":"closed","ping_status":"closed","template":"","meta":{"footnotes":""},"class_list":["post-179","page","type-page","status-publish","hentry"],"translation":{"provider":"WPGlobus","version":"3.0.2","language":"es","enabled_languages":["de","en","es"],"languages":{"de":{"title":true,"content":true,"excerpt":false},"en":{"title":true,"content":true,"excerpt":false},"es":{"title":true,"content":true,"excerpt":false}}},"_links":{"self":[{"href":"https:\/\/dominicanhealth.de\/es\/wp-json\/wp\/v2\/pages\/179","targetHints":{"allow":["GET"]}}],"collection":[{"href":"https:\/\/dominicanhealth.de\/es\/wp-json\/wp\/v2\/pages"}],"about":[{"href":"https:\/\/dominicanhealth.de\/es\/wp-json\/wp\/v2\/types\/page"}],"author":[{"embeddable":true,"href":"https:\/\/dominicanhealth.de\/es\/wp-json\/wp\/v2\/users\/1"}],"replies":[{"embeddable":true,"href":"https:\/\/dominicanhealth.de\/es\/wp-json\/wp\/v2\/comments?post=179"}],"version-history":[{"count":10,"href":"https:\/\/dominicanhealth.de\/es\/wp-json\/wp\/v2\/pages\/179\/revisions"}],"predecessor-version":[{"id":1721,"href":"https:\/\/dominicanhealth.de\/es\/wp-json\/wp\/v2\/pages\/179\/revisions\/1721"}],"wp:attachment":[{"href":"https:\/\/dominicanhealth.de\/es\/wp-json\/wp\/v2\/media?parent=179"}],"curies":[{"name":"wp","href":"https:\/\/api.w.org\/{rel}","templated":true}]}}