{"id":1786,"date":"2025-01-01T10:49:53","date_gmt":"2025-01-01T09:49:53","guid":{"rendered":"https:\/\/dominicanhealth.de\/?page_id=1786"},"modified":"2025-01-01T10:49:54","modified_gmt":"2025-01-01T09:49:54","slug":"highlights-in-2022","status":"publish","type":"page","link":"https:\/\/dominicanhealth.de\/es\/highlights-in-2022\/","title":{"rendered":"Highlights in 2022"},"content":{"rendered":"\n<p>Drei weitere Studentinnen reisten ab M\u00e4rz nach Puerto Plata: Anita Schemend\u00fcck unterst\u00fctze die Arbeit in der Klinik bis August, Jasmin Wohlgemut und Miriam R\u00f6pnack beteiligten sich von M\u00e4rz bis April. Au\u00dferdem konnten Ulrike Lindwedel und Peter K\u00f6nig mithilfe der Unterst\u00fctzung durch das Programm Klinikpartnerschaften im M\u00e4rz f\u00fcr zehn Tage nach Puerto Plata reisen. Dadurch konnten wir die aktuelle Lage vor Ort besser einsch\u00e4tzen und bei der weiteren Planung aktiv unterst\u00fctzen.<\/p>\n\n\n\n<figure class=\"wp-block-gallery has-nested-images columns-default is-cropped wp-block-gallery-1 is-layout-flex wp-block-gallery-is-layout-flex\">\n<figure class=\"wp-block-image size-large\"><img loading=\"lazy\" decoding=\"async\" width=\"272\" height=\"209\" data-id=\"1788\" src=\"https:\/\/dominicanhealth.de\/wp-content\/uploads\/2025\/01\/Bild84.jpg\" alt=\"\" class=\"wp-image-1788\"\/><\/figure>\n\n\n\n<figure class=\"wp-block-image size-large\"><img loading=\"lazy\" decoding=\"async\" width=\"155\" height=\"207\" data-id=\"1787\" src=\"https:\/\/dominicanhealth.de\/wp-content\/uploads\/2025\/01\/Bild85.jpg\" alt=\"\" class=\"wp-image-1787\"\/><\/figure>\n\n\n\n<figure class=\"wp-block-image size-large\"><img loading=\"lazy\" decoding=\"async\" width=\"373\" height=\"477\" data-id=\"1789\" src=\"https:\/\/dominicanhealth.de\/wp-content\/uploads\/2025\/01\/Bild86.jpg\" alt=\"\" class=\"wp-image-1789\" srcset=\"https:\/\/dominicanhealth.de\/wp-content\/uploads\/2025\/01\/Bild86.jpg 373w, https:\/\/dominicanhealth.de\/wp-content\/uploads\/2025\/01\/Bild86-235x300.jpg 235w\" sizes=\"auto, (max-width: 373px) 100vw, 373px\" \/><\/figure>\n<\/figure>\n\n\n\n<p>Wir konnten auch in diesem Jahr wieder bei etlichen Operativos unterst\u00fctzen, wie hier im Stadtviertel El Javiar und Padre Granero.<\/p>\n\n\n\n<figure class=\"wp-block-gallery has-nested-images columns-default is-cropped wp-block-gallery-2 is-layout-flex wp-block-gallery-is-layout-flex\">\n<figure class=\"wp-block-image size-large\"><img loading=\"lazy\" decoding=\"async\" width=\"652\" height=\"510\" data-id=\"1790\" src=\"https:\/\/dominicanhealth.de\/wp-content\/uploads\/2025\/01\/Bild87.jpg\" alt=\"\" class=\"wp-image-1790\" srcset=\"https:\/\/dominicanhealth.de\/wp-content\/uploads\/2025\/01\/Bild87.jpg 652w, https:\/\/dominicanhealth.de\/wp-content\/uploads\/2025\/01\/Bild87-300x235.jpg 300w\" sizes=\"auto, (max-width: 652px) 100vw, 652px\" \/><\/figure>\n\n\n\n<figure class=\"wp-block-image size-large\"><img loading=\"lazy\" decoding=\"async\" width=\"972\" height=\"747\" data-id=\"1793\" src=\"https:\/\/dominicanhealth.de\/wp-content\/uploads\/2025\/01\/Bild88.png\" alt=\"\" class=\"wp-image-1793\" srcset=\"https:\/\/dominicanhealth.de\/wp-content\/uploads\/2025\/01\/Bild88.png 972w, https:\/\/dominicanhealth.de\/wp-content\/uploads\/2025\/01\/Bild88-300x231.png 300w, https:\/\/dominicanhealth.de\/wp-content\/uploads\/2025\/01\/Bild88-768x590.png 768w\" sizes=\"auto, (max-width: 972px) 100vw, 972px\" \/><\/figure>\n\n\n\n<figure class=\"wp-block-image size-large\"><img loading=\"lazy\" decoding=\"async\" width=\"294\" height=\"392\" data-id=\"1791\" src=\"https:\/\/dominicanhealth.de\/wp-content\/uploads\/2025\/01\/Bild89.png\" alt=\"\" class=\"wp-image-1791\" srcset=\"https:\/\/dominicanhealth.de\/wp-content\/uploads\/2025\/01\/Bild89.png 294w, https:\/\/dominicanhealth.de\/wp-content\/uploads\/2025\/01\/Bild89-225x300.png 225w\" sizes=\"auto, (max-width: 294px) 100vw, 294px\" \/><\/figure>\n\n\n\n<figure class=\"wp-block-image size-large\"><img loading=\"lazy\" decoding=\"async\" width=\"525\" height=\"394\" data-id=\"1792\" src=\"https:\/\/dominicanhealth.de\/wp-content\/uploads\/2025\/01\/Bild90.png\" alt=\"\" class=\"wp-image-1792\" srcset=\"https:\/\/dominicanhealth.de\/wp-content\/uploads\/2025\/01\/Bild90.png 525w, https:\/\/dominicanhealth.de\/wp-content\/uploads\/2025\/01\/Bild90-300x225.png 300w\" sizes=\"auto, (max-width: 525px) 100vw, 525px\" \/><\/figure>\n<\/figure>\n\n\n\n<p>Zur Anerkennung als \u00f6ffentliches ambulantes Gesundheitszentrum waren Umbauma\u00dfnahmen im Bereich der Notaufnahme und der Arztzimmer erforderlich. Hierzu haben wir uns mehrmals mit dem Architekten Jos\u00e9 getroffen (hier rechts im Bild). Das Gesundheitszentrum mit dem Ambulanzbetrieb ist ab jetzt in den offiziellen Gesundheitsversorgungsplan der Dominikanischen Republik aufgenommen.<\/p>\n\n\n\n<figure class=\"wp-block-gallery has-nested-images columns-default is-cropped wp-block-gallery-3 is-layout-flex wp-block-gallery-is-layout-flex\">\n<figure class=\"wp-block-image size-large\"><img loading=\"lazy\" decoding=\"async\" width=\"228\" height=\"171\" data-id=\"1794\" src=\"https:\/\/dominicanhealth.de\/wp-content\/uploads\/2025\/01\/Bild91.jpg\" alt=\"\" class=\"wp-image-1794\"\/><\/figure>\n\n\n\n<figure class=\"wp-block-image size-large\"><img loading=\"lazy\" decoding=\"async\" width=\"229\" height=\"172\" data-id=\"1796\" src=\"https:\/\/dominicanhealth.de\/wp-content\/uploads\/2025\/01\/Bild92.jpg\" alt=\"\" class=\"wp-image-1796\"\/><\/figure>\n\n\n\n<figure class=\"wp-block-image size-large\"><img loading=\"lazy\" decoding=\"async\" width=\"136\" height=\"182\" data-id=\"1795\" src=\"https:\/\/dominicanhealth.de\/wp-content\/uploads\/2025\/01\/Bild93.jpg\" alt=\"\" class=\"wp-image-1795\"\/><\/figure>\n<\/figure>\n\n\n\n<p>Unser Verein hat die weitere Arbeit vor Ort mit der Finanzierung von Fenstern und der Elektroinstallation unterst\u00fctzt.<\/p>\n\n\n\n<figure class=\"wp-block-gallery has-nested-images columns-default is-cropped wp-block-gallery-4 is-layout-flex wp-block-gallery-is-layout-flex\">\n<figure class=\"wp-block-image size-large\"><img loading=\"lazy\" decoding=\"async\" width=\"414\" height=\"310\" data-id=\"1797\" src=\"https:\/\/dominicanhealth.de\/wp-content\/uploads\/2025\/01\/Bild94.png\" alt=\"\" class=\"wp-image-1797\" srcset=\"https:\/\/dominicanhealth.de\/wp-content\/uploads\/2025\/01\/Bild94.png 414w, https:\/\/dominicanhealth.de\/wp-content\/uploads\/2025\/01\/Bild94-300x225.png 300w\" sizes=\"auto, (max-width: 414px) 100vw, 414px\" \/><\/figure>\n\n\n\n<figure class=\"wp-block-image size-large\"><img loading=\"lazy\" decoding=\"async\" width=\"558\" height=\"313\" data-id=\"1798\" src=\"https:\/\/dominicanhealth.de\/wp-content\/uploads\/2025\/01\/Bild95.png\" alt=\"\" class=\"wp-image-1798\" srcset=\"https:\/\/dominicanhealth.de\/wp-content\/uploads\/2025\/01\/Bild95.png 558w, https:\/\/dominicanhealth.de\/wp-content\/uploads\/2025\/01\/Bild95-300x168.png 300w, https:\/\/dominicanhealth.de\/wp-content\/uploads\/2025\/01\/Bild95-520x293.png 520w\" sizes=\"auto, (max-width: 558px) 100vw, 558px\" \/><\/figure>\n<\/figure>\n\n\n\n<p>Im September wurden die Bauarbeiten im Erdgeschoss abgeschlossen und Teilnehmer einer Schulung zur manuellen Therapie haben die Klinik besucht.<\/p>\n\n\n\n<figure class=\"wp-block-image size-full\"><img loading=\"lazy\" decoding=\"async\" width=\"995\" height=\"421\" src=\"https:\/\/dominicanhealth.de\/wp-content\/uploads\/2025\/01\/Bild96.png\" alt=\"\" class=\"wp-image-1799\" srcset=\"https:\/\/dominicanhealth.de\/wp-content\/uploads\/2025\/01\/Bild96.png 995w, https:\/\/dominicanhealth.de\/wp-content\/uploads\/2025\/01\/Bild96-300x127.png 300w, https:\/\/dominicanhealth.de\/wp-content\/uploads\/2025\/01\/Bild96-768x325.png 768w\" sizes=\"auto, (max-width: 995px) 100vw, 995px\" \/><\/figure>\n\n\n\n<p>Bei unserem Besuch konnten wir auch ein Poster f\u00fcr die Zusammenarbeit mit <strong><em>Klinikpartnerschaften <\/em><\/strong>und ein neues Poster f\u00fcr die Zusammenarbeit zwischen der Fundacion Milton Moronta und Dominican Health e.V. \u00fcberreichen und im Eingangsbereich aufh\u00e4ngen.<\/p>\n\n\n\n<figure class=\"wp-block-gallery has-nested-images columns-default is-cropped wp-block-gallery-5 is-layout-flex wp-block-gallery-is-layout-flex\">\n<figure class=\"wp-block-image size-large\"><img loading=\"lazy\" decoding=\"async\" width=\"528\" height=\"397\" data-id=\"1800\" src=\"https:\/\/dominicanhealth.de\/wp-content\/uploads\/2025\/01\/Bild97.jpg\" alt=\"\" class=\"wp-image-1800\" srcset=\"https:\/\/dominicanhealth.de\/wp-content\/uploads\/2025\/01\/Bild97.jpg 528w, https:\/\/dominicanhealth.de\/wp-content\/uploads\/2025\/01\/Bild97-300x226.jpg 300w\" sizes=\"auto, (max-width: 528px) 100vw, 528px\" \/><\/figure>\n\n\n\n<figure class=\"wp-block-image size-large\"><img loading=\"lazy\" decoding=\"async\" width=\"295\" height=\"395\" data-id=\"1801\" src=\"https:\/\/dominicanhealth.de\/wp-content\/uploads\/2025\/01\/Bild98.jpg\" alt=\"\" class=\"wp-image-1801\" srcset=\"https:\/\/dominicanhealth.de\/wp-content\/uploads\/2025\/01\/Bild98.jpg 295w, https:\/\/dominicanhealth.de\/wp-content\/uploads\/2025\/01\/Bild98-224x300.jpg 224w\" sizes=\"auto, (max-width: 295px) 100vw, 295px\" \/><\/figure>\n\n\n\n<figure class=\"wp-block-image size-large\"><img loading=\"lazy\" decoding=\"async\" width=\"527\" height=\"395\" data-id=\"1802\" src=\"https:\/\/dominicanhealth.de\/wp-content\/uploads\/2025\/01\/Bild99.jpg\" alt=\"\" class=\"wp-image-1802\" srcset=\"https:\/\/dominicanhealth.de\/wp-content\/uploads\/2025\/01\/Bild99.jpg 527w, https:\/\/dominicanhealth.de\/wp-content\/uploads\/2025\/01\/Bild99-300x225.jpg 300w\" sizes=\"auto, (max-width: 527px) 100vw, 527px\" \/><\/figure>\n<\/figure>\n\n\n\n<p>Im April besuchte der Zahnarzt Tobias Bauer vom Dental Aid Project, das am Bodensee verortet ist, die Klinik. Er ist ebenfalls seit l\u00e4ngerer Zeit im Bereich der Entwicklungszusammenarbeit in Haiti und der Dominikanischen Republik t\u00e4tig ist. Der Kontakt kam \u00fcber die <strong><em>Klinikpartnerschaften <\/em><\/strong>zustande und bildete die Basis f\u00fcr eine zuk\u00fcnftige Zusammenarbeit.<\/p>\n\n\n\n<figure class=\"wp-block-image size-full\"><img loading=\"lazy\" decoding=\"async\" width=\"173\" height=\"232\" src=\"https:\/\/dominicanhealth.de\/wp-content\/uploads\/2025\/01\/Bild100.jpg\" alt=\"\" class=\"wp-image-1803\"\/><\/figure>\n\n\n\n<p><p class=\"MsoNormal\">Unser Verein wird ja durch das Projekt <b><i>Klinikpartnerschaften<\/i><\/b> der Deutschen Gesellschaft f\u00fcr Internationale Zusammenarbeit gef\u00f6rdert. In diesem Zusammenhang fanden im Oktober zwei Kongresse mit den Titeln \u201eInternational Conference of Hospital Partnerships\u201c und \u201eWorld Health Summit\u201c f\u00fcr Teilnehmende aller gef\u00f6rderten Projekte in Berlin statt. Dazu waren Milton Moronta und Peter K\u00f6nig eingeladen. Mehrere hundert Teilnehmende aus 40 verschiedenen L\u00e4ndern tauschten sich f\u00fcnf Tage lang \u00fcber Herausforderungen und Projekte zur Verbesserung der gesundheitlichen Versorgung von armen Menschen und zur internationalen Zusammenarbeit aus. Dadurch konnte Milton Moronta sehr viele Eindr\u00fccke und Ideen f\u00fcr sein eigenes Projekt mitnehmen.<\/p><\/p>\n\n\n\n<figure class=\"wp-block-gallery has-nested-images columns-default is-cropped wp-block-gallery-6 is-layout-flex wp-block-gallery-is-layout-flex\">\n<figure class=\"wp-block-image size-large\"><img loading=\"lazy\" decoding=\"async\" width=\"462\" height=\"346\" data-id=\"1804\" src=\"https:\/\/dominicanhealth.de\/wp-content\/uploads\/2025\/01\/Bild101.png\" alt=\"\" class=\"wp-image-1804\" srcset=\"https:\/\/dominicanhealth.de\/wp-content\/uploads\/2025\/01\/Bild101.png 462w, https:\/\/dominicanhealth.de\/wp-content\/uploads\/2025\/01\/Bild101-300x225.png 300w\" sizes=\"auto, (max-width: 462px) 100vw, 462px\" \/><\/figure>\n\n\n\n<figure class=\"wp-block-image size-large\"><img loading=\"lazy\" decoding=\"async\" width=\"467\" height=\"350\" data-id=\"1805\" src=\"https:\/\/dominicanhealth.de\/wp-content\/uploads\/2025\/01\/Bild102.png\" alt=\"\" class=\"wp-image-1805\" srcset=\"https:\/\/dominicanhealth.de\/wp-content\/uploads\/2025\/01\/Bild102.png 467w, https:\/\/dominicanhealth.de\/wp-content\/uploads\/2025\/01\/Bild102-300x225.png 300w\" sizes=\"auto, (max-width: 467px) 100vw, 467px\" \/><\/figure>\n<\/figure>\n\n\n\n<p><strong>Vereinsaktionen<\/strong><\/p>\n\n\n\n<p>Trotz der Einschr\u00e4nkungen durch die Pandemie konnten wieder einige Spendenaktionen durchf\u00fchren werden.<\/p>\n\n\n\n<p>Im Juni fand eine Karibikparty f\u00fcr Studierende an der Hochschule Furtwangen statt. Vereinsmitglieder und Freunde von Dominican Health \u00fcbernahmen die Organisation. Am Ende konnten \u00fcber 1300\u20ac als Spende f\u00fcr den Verein verbucht werden.<\/p>\n\n\n\n<figure class=\"wp-block-image size-full\"><img loading=\"lazy\" decoding=\"async\" width=\"995\" height=\"438\" src=\"https:\/\/dominicanhealth.de\/wp-content\/uploads\/2025\/01\/Bild103.png\" alt=\"\" class=\"wp-image-1806\" srcset=\"https:\/\/dominicanhealth.de\/wp-content\/uploads\/2025\/01\/Bild103.png 995w, https:\/\/dominicanhealth.de\/wp-content\/uploads\/2025\/01\/Bild103-300x132.png 300w, https:\/\/dominicanhealth.de\/wp-content\/uploads\/2025\/01\/Bild103-768x338.png 768w\" sizes=\"auto, (max-width: 995px) 100vw, 995px\" \/><\/figure>\n\n\n\n<p>Solidarit\u00e4tsessen der Kirchengemeinde St. Georg in Lauffen bei Rottweil. Unser Vereinsmitglied Heike Posselt hatte sich daf\u00fcr eingesetzt, dass unser Projekt in der Kirchengemeinde vorgestellt wird. Die Verantwortlichen fanden unsere Arbeit so interessant, dass sie Dominican Health die Spenden beim diesj\u00e4hrigen Solidarit\u00e4tsessen im zukommen lie\u00dfen. Hier ein Foto mit dem Organisationskomitee.<\/p>\n\n\n\n<figure class=\"wp-block-image size-full\"><img loading=\"lazy\" decoding=\"async\" width=\"995\" height=\"580\" src=\"https:\/\/dominicanhealth.de\/wp-content\/uploads\/2025\/01\/Bild104.png\" alt=\"\" class=\"wp-image-1807\" srcset=\"https:\/\/dominicanhealth.de\/wp-content\/uploads\/2025\/01\/Bild104.png 995w, https:\/\/dominicanhealth.de\/wp-content\/uploads\/2025\/01\/Bild104-300x175.png 300w, https:\/\/dominicanhealth.de\/wp-content\/uploads\/2025\/01\/Bild104-768x448.png 768w\" sizes=\"auto, (max-width: 995px) 100vw, 995px\" \/><\/figure>\n\n\n\n<p>Das vorweihnachtliche Backen und Basteln ist im Verein inzwischen schon Tradition. Etliche Vereinsmitglieder haben leckere Pl\u00e4tzchen, Weihnachtsstollen und andere Leckereien hergestellt. Verkauft wurden die leckeren Produkte am zweiten Advent auf dem Weihnachtsmarkt in Freiburg-Herdern, am Selbstbedienungsstand in Z\u00e4hringen und auf dem online-Weihnachtsmarkt.<\/p>\n\n\n\n<figure class=\"wp-block-image size-full\"><img loading=\"lazy\" decoding=\"async\" width=\"995\" height=\"600\" src=\"https:\/\/dominicanhealth.de\/wp-content\/uploads\/2025\/01\/Bild105.png\" alt=\"\" class=\"wp-image-1808\" srcset=\"https:\/\/dominicanhealth.de\/wp-content\/uploads\/2025\/01\/Bild105.png 995w, https:\/\/dominicanhealth.de\/wp-content\/uploads\/2025\/01\/Bild105-300x181.png 300w, https:\/\/dominicanhealth.de\/wp-content\/uploads\/2025\/01\/Bild105-768x463.png 768w\" sizes=\"auto, (max-width: 995px) 100vw, 995px\" \/><\/figure>\n\n\n\n<p>Dar\u00fcber hinaus gab es auch wieder die Fundraising-Aktion mit FUNDMATE. Corinna Steiner und Petra Kiefer haben hier den online-Verkauf von Socken und anderen Geschenken organisiert und erfolgreich durchgef\u00fchrt. Durch diese Weihnachtsaktionen konnten insgesamt \u00fcber 2500\u20ac f\u00fcr die Vereinsarbeit gesammelt werden.<\/p>\n","protected":false},"excerpt":{"rendered":"<p>Drei weitere Studentinnen reisten ab M\u00e4rz nach Puerto Plata: Anita Schemend\u00fcck unterst\u00fctze die Arbeit in der Klinik bis August, Jasmin Wohlgemut und Miriam R\u00f6pnack beteiligten sich&#46;&#46;&#46;<\/p>\n","protected":false},"author":1,"featured_media":0,"parent":0,"menu_order":0,"comment_status":"closed","ping_status":"closed","template":"","meta":{"footnotes":""},"class_list":["post-1786","page","type-page","status-publish","hentry"],"translation":{"provider":"WPGlobus","version":"3.0.2","language":"es","enabled_languages":["de","en","es"],"languages":{"de":{"title":true,"content":true,"excerpt":false},"en":{"title":false,"content":false,"excerpt":false},"es":{"title":false,"content":false,"excerpt":false}}},"_links":{"self":[{"href":"https:\/\/dominicanhealth.de\/es\/wp-json\/wp\/v2\/pages\/1786","targetHints":{"allow":["GET"]}}],"collection":[{"href":"https:\/\/dominicanhealth.de\/es\/wp-json\/wp\/v2\/pages"}],"about":[{"href":"https:\/\/dominicanhealth.de\/es\/wp-json\/wp\/v2\/types\/page"}],"author":[{"embeddable":true,"href":"https:\/\/dominicanhealth.de\/es\/wp-json\/wp\/v2\/users\/1"}],"replies":[{"embeddable":true,"href":"https:\/\/dominicanhealth.de\/es\/wp-json\/wp\/v2\/comments?post=1786"}],"version-history":[{"count":1,"href":"https:\/\/dominicanhealth.de\/es\/wp-json\/wp\/v2\/pages\/1786\/revisions"}],"predecessor-version":[{"id":1809,"href":"https:\/\/dominicanhealth.de\/es\/wp-json\/wp\/v2\/pages\/1786\/revisions\/1809"}],"wp:attachment":[{"href":"https:\/\/dominicanhealth.de\/es\/wp-json\/wp\/v2\/media?parent=1786"}],"curies":[{"name":"wp","href":"https:\/\/api.w.org\/{rel}","templated":true}]}}