{"id":1760,"date":"2025-01-01T10:41:50","date_gmt":"2025-01-01T09:41:50","guid":{"rendered":"https:\/\/dominicanhealth.de\/?page_id=1760"},"modified":"2025-01-01T10:41:51","modified_gmt":"2025-01-01T09:41:51","slug":"highlights-in-2021","status":"publish","type":"page","link":"https:\/\/dominicanhealth.de\/es\/highlights-in-2021\/","title":{"rendered":"Highlights in 2021"},"content":{"rendered":"\n<p>Nach wie vor pr\u00e4gte die Covid-19 Pandemie auch unsere Vereinsarbeit. S\u00e4mtliche geplante Aktivit\u00e4ten, die mit Reisen bzw. Beteiligung an Veranstaltungen verbunden waren, mussten weiterhin abgesagt werden. Wir lie\u00dfen uns aber nicht unterkriegen und haben deshalb trotzdem einige Neuigkeiten zu vermelden.<\/p>\n\n\n\n<p>Bei den Sanierungsarbeiten in der Klinik konnten weitere Fortschritte verzeichnet werden. In diesem Jahr wurde an der Wasserversorgung und der Elektroanlage weitergearbeitet. Die Bodenbel\u00e4ge sind gr\u00f6\u00dftenteils erneuert, sodass im Erdgeschoss bereits Patienten empfangen werden konnten.<\/p>\n\n\n\n<figure class=\"wp-block-gallery has-nested-images columns-default is-cropped wp-block-gallery-1 is-layout-flex wp-block-gallery-is-layout-flex\">\n<figure class=\"wp-block-image size-large\"><img loading=\"lazy\" decoding=\"async\" width=\"414\" height=\"554\" data-id=\"1762\" src=\"https:\/\/dominicanhealth.de\/wp-content\/uploads\/2025\/01\/Bild60.jpg\" alt=\"\" class=\"wp-image-1762\" srcset=\"https:\/\/dominicanhealth.de\/wp-content\/uploads\/2025\/01\/Bild60.jpg 414w, https:\/\/dominicanhealth.de\/wp-content\/uploads\/2025\/01\/Bild60-224x300.jpg 224w\" sizes=\"auto, (max-width: 414px) 100vw, 414px\" \/><\/figure>\n\n\n\n<figure class=\"wp-block-image size-large\"><img loading=\"lazy\" decoding=\"async\" width=\"472\" height=\"355\" data-id=\"1761\" src=\"https:\/\/dominicanhealth.de\/wp-content\/uploads\/2025\/01\/Bild61.jpg\" alt=\"\" class=\"wp-image-1761\" srcset=\"https:\/\/dominicanhealth.de\/wp-content\/uploads\/2025\/01\/Bild61.jpg 472w, https:\/\/dominicanhealth.de\/wp-content\/uploads\/2025\/01\/Bild61-300x226.jpg 300w\" sizes=\"auto, (max-width: 472px) 100vw, 472px\" \/><\/figure>\n\n\n\n<figure class=\"wp-block-image size-large\"><img loading=\"lazy\" decoding=\"async\" width=\"408\" height=\"543\" data-id=\"1763\" src=\"https:\/\/dominicanhealth.de\/wp-content\/uploads\/2025\/01\/Bild62.jpg\" alt=\"\" class=\"wp-image-1763\" srcset=\"https:\/\/dominicanhealth.de\/wp-content\/uploads\/2025\/01\/Bild62.jpg 408w, https:\/\/dominicanhealth.de\/wp-content\/uploads\/2025\/01\/Bild62-225x300.jpg 225w\" sizes=\"auto, (max-width: 408px) 100vw, 408px\" \/><\/figure>\n<\/figure>\n\n\n\n<p>Ambulante Patienten werden jetzt regelm\u00e4\u00dfig von Montag bis Freitag vormittags empfangen. Unser Verein hat die Arbeit vor Ort mit der Finanzierung von Material f\u00fcr die Sanierung unterst\u00fctzt.<\/p>\n\n\n\n<figure class=\"wp-block-gallery has-nested-images columns-default is-cropped wp-block-gallery-2 is-layout-flex wp-block-gallery-is-layout-flex\">\n<figure class=\"wp-block-image size-large\"><img loading=\"lazy\" decoding=\"async\" width=\"378\" height=\"278\" data-id=\"1764\" src=\"https:\/\/dominicanhealth.de\/wp-content\/uploads\/2025\/01\/Bild63.jpg\" alt=\"\" class=\"wp-image-1764\" srcset=\"https:\/\/dominicanhealth.de\/wp-content\/uploads\/2025\/01\/Bild63.jpg 378w, https:\/\/dominicanhealth.de\/wp-content\/uploads\/2025\/01\/Bild63-300x221.jpg 300w\" sizes=\"auto, (max-width: 378px) 100vw, 378px\" \/><\/figure>\n\n\n\n<figure class=\"wp-block-image size-large\"><img loading=\"lazy\" decoding=\"async\" width=\"214\" height=\"279\" data-id=\"1765\" src=\"https:\/\/dominicanhealth.de\/wp-content\/uploads\/2025\/01\/Bild64.jpg\" alt=\"\" class=\"wp-image-1765\"\/><\/figure>\n<\/figure>\n\n\n\n<p>Dar\u00fcber hinaus konnten mit Hilfe von <strong><em>Klinikpartnerschaften<\/em><\/strong>erste Anschaffungen f\u00fcr die EDV-Ausstattung get\u00e4tigt werden. Ein Server, ein Drucker und zwei PC-Arbeitspl\u00e4tze wurden eingerichtet.<\/p>\n\n\n\n<figure class=\"wp-block-gallery has-nested-images columns-default is-cropped wp-block-gallery-3 is-layout-flex wp-block-gallery-is-layout-flex\">\n<figure class=\"wp-block-image size-large\"><img loading=\"lazy\" decoding=\"async\" width=\"462\" height=\"616\" data-id=\"1766\" src=\"https:\/\/dominicanhealth.de\/wp-content\/uploads\/2025\/01\/Bild65.jpg\" alt=\"\" class=\"wp-image-1766\" srcset=\"https:\/\/dominicanhealth.de\/wp-content\/uploads\/2025\/01\/Bild65.jpg 462w, https:\/\/dominicanhealth.de\/wp-content\/uploads\/2025\/01\/Bild65-225x300.jpg 225w\" sizes=\"auto, (max-width: 462px) 100vw, 462px\" \/><\/figure>\n\n\n\n<figure class=\"wp-block-image size-large\"><img loading=\"lazy\" decoding=\"async\" width=\"463\" height=\"617\" data-id=\"1767\" src=\"https:\/\/dominicanhealth.de\/wp-content\/uploads\/2025\/01\/Bild66.jpg\" alt=\"\" class=\"wp-image-1767\" srcset=\"https:\/\/dominicanhealth.de\/wp-content\/uploads\/2025\/01\/Bild66.jpg 463w, https:\/\/dominicanhealth.de\/wp-content\/uploads\/2025\/01\/Bild66-225x300.jpg 225w\" sizes=\"auto, (max-width: 463px) 100vw, 463px\" \/><\/figure>\n<\/figure>\n\n\n\n<p>Zus\u00e4tzlich konnten mithilfe von <strong><em>Klinikpartnerschaften<\/em><\/strong> weitere Klimaanlagen f\u00fcr die Apotheke und zuk\u00fcnftige Behandlungsr\u00e4ume finanziert werden. Klimaanlagen sind hier genauso wichtig wie bei uns eine Heizung im Winter. Die Temperaturen steigen in Puerto Plata h\u00e4ufig bis \u00fcber 35 Grad an.<\/p>\n\n\n\n<p>An dieser Stelle m\u00f6chten wir mal einen wichtigen Unterst\u00fctzer vor Ort in Puerto Plata vorstellen: <strong>Dieter Hintzen <\/strong>aus Deutschland lebt seit vielen Jahren in Puerto Plata. Ihm ist der Kontakt zu Milton Moronta zu verdanken und er engagiert sich seit Beginn f\u00fcr die Einrichtung der Klinik. Als Mitglied der Fundaci\u00f3n Milton Moronta unterst\u00fctzt er die Kommunikation mit unserem Verein, regelt finanzielle Angelegenheiten und steht jederzeit mit Rat und Tat zur Seite.<\/p>\n\n\n\n<figure class=\"wp-block-gallery has-nested-images columns-default is-cropped wp-block-gallery-4 is-layout-flex wp-block-gallery-is-layout-flex\">\n<figure class=\"wp-block-image size-large\"><img loading=\"lazy\" decoding=\"async\" width=\"281\" height=\"211\" data-id=\"1768\" src=\"https:\/\/dominicanhealth.de\/wp-content\/uploads\/2025\/01\/Bild67.jpg\" alt=\"\" class=\"wp-image-1768\"\/><\/figure>\n<\/figure>\n\n\n\n<p>Von M\u00e4rz bis Juli unterst\u00fctzten die drei Vereinsmitglieder Maria Dinh, Melina Wagner und Kim Feldheim und Studentinnen der Hochschule Furtwangen und ab September auch Cosmas Rink die Arbeit in Puerto Plata. Im Rahmen ihres Praxissemesters lernten sie das Gesundheitswesen, Land und Leute sowie das Projekt der Fundacion Milton Moronta kennen. Sie haben tatkr\u00e4ftig bei der Gestaltung der Ambulanz, der Organisation der Apotheke sowie bei der Inventarisierung mitgeholfen.<\/p>\n\n\n\n<figure class=\"wp-block-gallery has-nested-images columns-default is-cropped wp-block-gallery-5 is-layout-flex wp-block-gallery-is-layout-flex\">\n<figure class=\"wp-block-image size-large\"><img loading=\"lazy\" decoding=\"async\" width=\"541\" height=\"562\" data-id=\"1769\" src=\"https:\/\/dominicanhealth.de\/wp-content\/uploads\/2025\/01\/Bild68.jpg\" alt=\"\" class=\"wp-image-1769\" srcset=\"https:\/\/dominicanhealth.de\/wp-content\/uploads\/2025\/01\/Bild68.jpg 541w, https:\/\/dominicanhealth.de\/wp-content\/uploads\/2025\/01\/Bild68-289x300.jpg 289w\" sizes=\"auto, (max-width: 541px) 100vw, 541px\" \/><\/figure>\n\n\n\n<figure class=\"wp-block-image size-large\"><img loading=\"lazy\" decoding=\"async\" width=\"527\" height=\"401\" data-id=\"1770\" src=\"https:\/\/dominicanhealth.de\/wp-content\/uploads\/2025\/01\/Bild69.png\" alt=\"\" class=\"wp-image-1770\" srcset=\"https:\/\/dominicanhealth.de\/wp-content\/uploads\/2025\/01\/Bild69.png 527w, https:\/\/dominicanhealth.de\/wp-content\/uploads\/2025\/01\/Bild69-300x228.png 300w\" sizes=\"auto, (max-width: 527px) 100vw, 527px\" \/><\/figure>\n<\/figure>\n\n\n\n<p>Dar\u00fcber hinaus konnten sie sich tatkr\u00e4ftig bei einer Covid-19 Impfaktion des Gesundheitsministeriums engagieren.<\/p>\n\n\n\n<figure class=\"wp-block-gallery has-nested-images columns-default is-cropped wp-block-gallery-6 is-layout-flex wp-block-gallery-is-layout-flex\">\n<figure class=\"wp-block-image size-large\"><img loading=\"lazy\" decoding=\"async\" width=\"161\" height=\"161\" data-id=\"1772\" src=\"https:\/\/dominicanhealth.de\/wp-content\/uploads\/2025\/01\/Bild70.png\" alt=\"\" class=\"wp-image-1772\" srcset=\"https:\/\/dominicanhealth.de\/wp-content\/uploads\/2025\/01\/Bild70.png 161w, https:\/\/dominicanhealth.de\/wp-content\/uploads\/2025\/01\/Bild70-150x150.png 150w\" sizes=\"auto, (max-width: 161px) 100vw, 161px\" \/><\/figure>\n\n\n\n<figure class=\"wp-block-image size-large\"><img loading=\"lazy\" decoding=\"async\" width=\"479\" height=\"367\" data-id=\"1773\" src=\"https:\/\/dominicanhealth.de\/wp-content\/uploads\/2025\/01\/Bild71.jpg\" alt=\"\" class=\"wp-image-1773\" srcset=\"https:\/\/dominicanhealth.de\/wp-content\/uploads\/2025\/01\/Bild71.jpg 479w, https:\/\/dominicanhealth.de\/wp-content\/uploads\/2025\/01\/Bild71-300x230.jpg 300w\" sizes=\"auto, (max-width: 479px) 100vw, 479px\" \/><\/figure>\n\n\n\n<figure class=\"wp-block-image size-large\"><img loading=\"lazy\" decoding=\"async\" width=\"481\" height=\"361\" data-id=\"1771\" src=\"https:\/\/dominicanhealth.de\/wp-content\/uploads\/2025\/01\/Bild72.jpg\" alt=\"\" class=\"wp-image-1771\" srcset=\"https:\/\/dominicanhealth.de\/wp-content\/uploads\/2025\/01\/Bild72.jpg 481w, https:\/\/dominicanhealth.de\/wp-content\/uploads\/2025\/01\/Bild72-300x225.jpg 300w\" sizes=\"auto, (max-width: 481px) 100vw, 481px\" \/><\/figure>\n<\/figure>\n\n\n\n<p>Und einen Kurs f\u00fcr Physiotherapie und Massage belegen.<\/p>\n\n\n\n<figure class=\"wp-block-gallery has-nested-images columns-default is-cropped wp-block-gallery-7 is-layout-flex wp-block-gallery-is-layout-flex\">\n<figure class=\"wp-block-image size-large\"><img loading=\"lazy\" decoding=\"async\" width=\"541\" height=\"262\" data-id=\"1776\" src=\"https:\/\/dominicanhealth.de\/wp-content\/uploads\/2025\/01\/Bild73.png\" alt=\"\" class=\"wp-image-1776\" srcset=\"https:\/\/dominicanhealth.de\/wp-content\/uploads\/2025\/01\/Bild73.png 541w, https:\/\/dominicanhealth.de\/wp-content\/uploads\/2025\/01\/Bild73-300x145.png 300w\" sizes=\"auto, (max-width: 541px) 100vw, 541px\" \/><\/figure>\n\n\n\n<figure class=\"wp-block-image size-large\"><img loading=\"lazy\" decoding=\"async\" width=\"216\" height=\"444\" data-id=\"1774\" src=\"https:\/\/dominicanhealth.de\/wp-content\/uploads\/2025\/01\/Bild74.png\" alt=\"\" class=\"wp-image-1774\" srcset=\"https:\/\/dominicanhealth.de\/wp-content\/uploads\/2025\/01\/Bild74.png 216w, https:\/\/dominicanhealth.de\/wp-content\/uploads\/2025\/01\/Bild74-146x300.png 146w\" sizes=\"auto, (max-width: 216px) 100vw, 216px\" \/><\/figure>\n\n\n\n<figure class=\"wp-block-image size-large\"><img loading=\"lazy\" decoding=\"async\" width=\"219\" height=\"449\" data-id=\"1775\" src=\"https:\/\/dominicanhealth.de\/wp-content\/uploads\/2025\/01\/Bild75.png\" alt=\"\" class=\"wp-image-1775\" srcset=\"https:\/\/dominicanhealth.de\/wp-content\/uploads\/2025\/01\/Bild75.png 219w, https:\/\/dominicanhealth.de\/wp-content\/uploads\/2025\/01\/Bild75-146x300.png 146w\" sizes=\"auto, (max-width: 219px) 100vw, 219px\" \/><\/figure>\n<\/figure>\n\n\n\n<p>Hier sehen wir die drei bei der \u00dcbergabe von Spenden in einem Altenpflegeheim und in der haitianischen Gemeinde Munoz.<\/p>\n\n\n\n<figure class=\"wp-block-gallery has-nested-images columns-default is-cropped wp-block-gallery-8 is-layout-flex wp-block-gallery-is-layout-flex\">\n<figure class=\"wp-block-image size-large\"><img loading=\"lazy\" decoding=\"async\" width=\"482\" height=\"362\" data-id=\"1779\" src=\"https:\/\/dominicanhealth.de\/wp-content\/uploads\/2025\/01\/Bild76.png\" alt=\"\" class=\"wp-image-1779\" srcset=\"https:\/\/dominicanhealth.de\/wp-content\/uploads\/2025\/01\/Bild76.png 482w, https:\/\/dominicanhealth.de\/wp-content\/uploads\/2025\/01\/Bild76-300x225.png 300w\" sizes=\"auto, (max-width: 482px) 100vw, 482px\" \/><\/figure>\n\n\n\n<figure class=\"wp-block-image size-large\"><img loading=\"lazy\" decoding=\"async\" width=\"216\" height=\"358\" data-id=\"1777\" src=\"https:\/\/dominicanhealth.de\/wp-content\/uploads\/2025\/01\/Bild77.png\" alt=\"\" class=\"wp-image-1777\" srcset=\"https:\/\/dominicanhealth.de\/wp-content\/uploads\/2025\/01\/Bild77.png 216w, https:\/\/dominicanhealth.de\/wp-content\/uploads\/2025\/01\/Bild77-181x300.png 181w\" sizes=\"auto, (max-width: 216px) 100vw, 216px\" \/><\/figure>\n\n\n\n<figure class=\"wp-block-image size-large\"><img loading=\"lazy\" decoding=\"async\" width=\"268\" height=\"357\" data-id=\"1778\" src=\"https:\/\/dominicanhealth.de\/wp-content\/uploads\/2025\/01\/Bild78.png\" alt=\"\" class=\"wp-image-1778\" srcset=\"https:\/\/dominicanhealth.de\/wp-content\/uploads\/2025\/01\/Bild78.png 268w, https:\/\/dominicanhealth.de\/wp-content\/uploads\/2025\/01\/Bild78-225x300.png 225w\" sizes=\"auto, (max-width: 268px) 100vw, 268px\" \/><\/figure>\n<\/figure>\n\n\n\n<p>Davon abgesehen hatten wir bei uns in Freiburg ein gro\u00dfes Ereignis: Es war nun gelungen mithilfe der Gelder von <strong><em>Klinikpartnerschaften<\/em><\/strong> einen <strong>Besuch unserer Projektpartner in Deutschland<\/strong> zu verwirklichen. Vom 11. bis 20. Oktober besuchten Milton Moronta, Vicente De Pe\u00f1a und Marifel Jimenez diverse Einrichtungen des Gesundheitswesens in Freiburg und Umgebung und wir f\u00fchrten verschiedene Fortbildungsma\u00dfnahmen und Workshops durch. Die G\u00e4ste waren das erste Mal in Europa und waren sehr beeindruckt von den vielen Einrichtungen, die wir besichtigt haben. Der Besuch hat sehr dazu beigetragen unsere Beziehungen zu verstetigen. Hierzu nachfolgend einige Impressionen.<\/p>\n\n\n\n<figure class=\"wp-block-gallery has-nested-images columns-default is-cropped wp-block-gallery-9 is-layout-flex wp-block-gallery-is-layout-flex\">\n<figure class=\"wp-block-image size-large\"><img loading=\"lazy\" decoding=\"async\" width=\"288\" height=\"216\" data-id=\"1781\" src=\"https:\/\/dominicanhealth.de\/wp-content\/uploads\/2025\/01\/Bild79.jpg\" alt=\"\" class=\"wp-image-1781\"\/><\/figure>\n\n\n\n<figure class=\"wp-block-image size-large\"><img loading=\"lazy\" decoding=\"async\" width=\"305\" height=\"189\" data-id=\"1780\" src=\"https:\/\/dominicanhealth.de\/wp-content\/uploads\/2025\/01\/Bild80.jpg\" alt=\"\" class=\"wp-image-1780\" srcset=\"https:\/\/dominicanhealth.de\/wp-content\/uploads\/2025\/01\/Bild80.jpg 305w, https:\/\/dominicanhealth.de\/wp-content\/uploads\/2025\/01\/Bild80-300x186.jpg 300w\" sizes=\"auto, (max-width: 305px) 100vw, 305px\" \/><\/figure>\n\n\n\n<figure class=\"wp-block-image size-large\"><img loading=\"lazy\" decoding=\"async\" width=\"877\" height=\"493\" data-id=\"1784\" src=\"https:\/\/dominicanhealth.de\/wp-content\/uploads\/2025\/01\/Bild81.png\" alt=\"\" class=\"wp-image-1784\" srcset=\"https:\/\/dominicanhealth.de\/wp-content\/uploads\/2025\/01\/Bild81.png 877w, https:\/\/dominicanhealth.de\/wp-content\/uploads\/2025\/01\/Bild81-300x169.png 300w, https:\/\/dominicanhealth.de\/wp-content\/uploads\/2025\/01\/Bild81-768x432.png 768w, https:\/\/dominicanhealth.de\/wp-content\/uploads\/2025\/01\/Bild81-520x293.png 520w\" sizes=\"auto, (max-width: 877px) 100vw, 877px\" \/><\/figure>\n\n\n\n<figure class=\"wp-block-image size-large\"><img loading=\"lazy\" decoding=\"async\" width=\"284\" height=\"229\" data-id=\"1782\" src=\"https:\/\/dominicanhealth.de\/wp-content\/uploads\/2025\/01\/Bild82.jpg\" alt=\"\" class=\"wp-image-1782\"\/><\/figure>\n\n\n\n<figure class=\"wp-block-image size-large\"><img loading=\"lazy\" decoding=\"async\" width=\"314\" height=\"230\" data-id=\"1783\" src=\"https:\/\/dominicanhealth.de\/wp-content\/uploads\/2025\/01\/Bild83.jpg\" alt=\"\" class=\"wp-image-1783\" srcset=\"https:\/\/dominicanhealth.de\/wp-content\/uploads\/2025\/01\/Bild83.jpg 314w, https:\/\/dominicanhealth.de\/wp-content\/uploads\/2025\/01\/Bild83-300x220.jpg 300w\" sizes=\"auto, (max-width: 314px) 100vw, 314px\" \/><\/figure>\n<\/figure>\n\n\n\n<p>Auch in diesem Jahr konnten au\u00dfer Sammlung von medizinischem Material leider keine <strong>Spendenaktionen<\/strong> auf Festen oder \u00e4hnlichem durchgef\u00fchrt werden. Trotzdem konnten wir durch Mitgliedsbeitr\u00e4ge und Einzelspenden das Projekt weiter unterst\u00fctzen. Wir hatten wieder eine Weihnachtsaktion mit einem <strong>Selbstbedienungs-Miniweihnachtsmarkt <\/strong>am Stra\u00dfenrand in Freiburg und einen <strong>Online-Weihnachtsmarkt <\/strong>durchgef\u00fchrt. Durch diese Aktionen konnten wir mehr als 1200.- Euro f\u00fcr den Verein einnehmen, dar\u00fcber hinaus sind im Dezember noch Spenden in H\u00f6he von fast 600.- Euro eingegangen. Dar\u00fcber hinaus haben Corinna Steiner, Stefan Walzer und Petra Kiefer gemeinsam mit <strong>FUNDMATE<\/strong> eine Verkaufsaktion durchgef\u00fchrt. Mit 77 Einzelbestellungen konnten insgesamt 351 Euro f\u00fcr den Verein eingenommen werden.<\/p>\n","protected":false},"excerpt":{"rendered":"<p>Nach wie vor pr\u00e4gte die Covid-19 Pandemie auch unsere Vereinsarbeit. S\u00e4mtliche geplante Aktivit\u00e4ten, die mit Reisen bzw. Beteiligung an Veranstaltungen verbunden waren, mussten weiterhin abgesagt werden.&#46;&#46;&#46;<\/p>\n","protected":false},"author":1,"featured_media":0,"parent":0,"menu_order":0,"comment_status":"closed","ping_status":"closed","template":"","meta":{"footnotes":""},"class_list":["post-1760","page","type-page","status-publish","hentry"],"translation":{"provider":"WPGlobus","version":"3.0.2","language":"es","enabled_languages":["de","en","es"],"languages":{"de":{"title":true,"content":true,"excerpt":false},"en":{"title":false,"content":false,"excerpt":false},"es":{"title":false,"content":false,"excerpt":false}}},"_links":{"self":[{"href":"https:\/\/dominicanhealth.de\/es\/wp-json\/wp\/v2\/pages\/1760","targetHints":{"allow":["GET"]}}],"collection":[{"href":"https:\/\/dominicanhealth.de\/es\/wp-json\/wp\/v2\/pages"}],"about":[{"href":"https:\/\/dominicanhealth.de\/es\/wp-json\/wp\/v2\/types\/page"}],"author":[{"embeddable":true,"href":"https:\/\/dominicanhealth.de\/es\/wp-json\/wp\/v2\/users\/1"}],"replies":[{"embeddable":true,"href":"https:\/\/dominicanhealth.de\/es\/wp-json\/wp\/v2\/comments?post=1760"}],"version-history":[{"count":1,"href":"https:\/\/dominicanhealth.de\/es\/wp-json\/wp\/v2\/pages\/1760\/revisions"}],"predecessor-version":[{"id":1785,"href":"https:\/\/dominicanhealth.de\/es\/wp-json\/wp\/v2\/pages\/1760\/revisions\/1785"}],"wp:attachment":[{"href":"https:\/\/dominicanhealth.de\/es\/wp-json\/wp\/v2\/media?parent=1760"}],"curies":[{"name":"wp","href":"https:\/\/api.w.org\/{rel}","templated":true}]}}