{"id":1595,"date":"2024-03-17T13:45:42","date_gmt":"2024-03-17T12:45:42","guid":{"rendered":"https:\/\/dominicanhealth.de\/?page_id=1595"},"modified":"2024-12-30T16:55:30","modified_gmt":"2024-12-30T15:55:30","slug":"projekte","status":"publish","type":"page","link":"https:\/\/dominicanhealth.de\/es\/projekte\/","title":{"rendered":"Highlights der letzten Jahre"},"content":{"rendered":"\n<p>Hier finden Sie eine \u00dcbersicht \u00fcber Aktionen, die wir in dem letzten Jahren durchgef\u00fchrt haben. <\/p>\n\n\n\n<figure class=\"wp-block-image size-large\"><img loading=\"lazy\" decoding=\"async\" width=\"1024\" height=\"768\" src=\"https:\/\/dominicanhealth.de\/wp-content\/uploads\/2019\/11\/WhatsApp-Image-2019-10-05-at-13.26.04-1024x768.jpeg\" alt=\"\" class=\"wp-image-1235\" srcset=\"https:\/\/dominicanhealth.de\/wp-content\/uploads\/2019\/11\/WhatsApp-Image-2019-10-05-at-13.26.04-1024x768.jpeg 1024w, https:\/\/dominicanhealth.de\/wp-content\/uploads\/2019\/11\/WhatsApp-Image-2019-10-05-at-13.26.04-300x225.jpeg 300w, https:\/\/dominicanhealth.de\/wp-content\/uploads\/2019\/11\/WhatsApp-Image-2019-10-05-at-13.26.04-768x576.jpeg 768w, https:\/\/dominicanhealth.de\/wp-content\/uploads\/2019\/11\/WhatsApp-Image-2019-10-05-at-13.26.04-1200x900.jpeg 1200w, https:\/\/dominicanhealth.de\/wp-content\/uploads\/2019\/11\/WhatsApp-Image-2019-10-05-at-13.26.04.jpeg 1280w\" sizes=\"auto, (max-width: 1024px) 100vw, 1024px\" \/><\/figure>\n","protected":false},"excerpt":{"rendered":"<p>Hier finden Sie eine \u00dcbersicht \u00fcber Aktionen, die wir in dem letzten Jahren durchgef\u00fchrt haben.<\/p>\n","protected":false},"author":1,"featured_media":0,"parent":0,"menu_order":0,"comment_status":"closed","ping_status":"closed","template":"","meta":{"footnotes":""},"class_list":["post-1595","page","type-page","status-publish","hentry"],"translation":{"provider":"WPGlobus","version":"3.0.2","language":"es","enabled_languages":["de","en","es"],"languages":{"de":{"title":true,"content":true,"excerpt":false},"en":{"title":false,"content":false,"excerpt":false},"es":{"title":false,"content":false,"excerpt":false}}},"_links":{"self":[{"href":"https:\/\/dominicanhealth.de\/es\/wp-json\/wp\/v2\/pages\/1595","targetHints":{"allow":["GET"]}}],"collection":[{"href":"https:\/\/dominicanhealth.de\/es\/wp-json\/wp\/v2\/pages"}],"about":[{"href":"https:\/\/dominicanhealth.de\/es\/wp-json\/wp\/v2\/types\/page"}],"author":[{"embeddable":true,"href":"https:\/\/dominicanhealth.de\/es\/wp-json\/wp\/v2\/users\/1"}],"replies":[{"embeddable":true,"href":"https:\/\/dominicanhealth.de\/es\/wp-json\/wp\/v2\/comments?post=1595"}],"version-history":[{"count":9,"href":"https:\/\/dominicanhealth.de\/es\/wp-json\/wp\/v2\/pages\/1595\/revisions"}],"predecessor-version":[{"id":1720,"href":"https:\/\/dominicanhealth.de\/es\/wp-json\/wp\/v2\/pages\/1595\/revisions\/1720"}],"wp:attachment":[{"href":"https:\/\/dominicanhealth.de\/es\/wp-json\/wp\/v2\/media?parent=1595"}],"curies":[{"name":"wp","href":"https:\/\/api.w.org\/{rel}","templated":true}]}}