{"id":1479,"date":"2021-04-25T13:00:32","date_gmt":"2021-04-25T11:00:32","guid":{"rendered":"https:\/\/dominicanhealth.de\/?page_id=1479"},"modified":"2025-01-07T10:36:14","modified_gmt":"2025-01-07T09:36:14","slug":"klinikpartnerschaften","status":"publish","type":"page","link":"https:\/\/dominicanhealth.de\/es\/klinikpartnerschaften\/","title":{"rendered":"Klinikpartnerschaften I (2021-2023)"},"content":{"rendered":"\n<p>Von M\u00e4rz 2021 bis 2023 war Dominican Health e.V. teilnehmende Organisation eines Projekts innerhalb der F\u00f6rderlinie \u201e<strong>Klinikpartnerschaften<\/strong>\u201c der <a href=\"https:\/\/www.giz.de\/de\/html\/index.html\" target=\"_blank\" rel=\"noreferrer noopener\"><strong>Deutsche Gesellschaft f\u00fcr Internationale Zusammenarbeit (GIZ) GmbH<\/strong><\/a> (<a href=\"https:\/\/klinikpartnerschaften.de\/programm\">https:\/\/klinikpartnerschaften.de\/programm<\/a>). In den folgenden zwei Jahren hatten wir die M\u00f6glichkeit, die Fundacion Milton Morona nicht nur finanziell, sondern auch inhaltlich tatkr\u00e4ftig beim Aufbau des Gesundheitszentrums zu unterst\u00fctzen.<\/p>\n\n\n\n<p>Das Ziel dieses wegweisenden Projekts war es, gemeinsam mit der Fundacion Milton Moronta eine effektive Organisationsstruktur f\u00fcr die Betreuung der Patient:innen im ambulanten und mobilen Gesundheitszentrum zu entwickeln und zu etablieren. Dies umfasste die administrative Gestaltung und die Implementierung von effizienten Prozessabl\u00e4ufen. Alle medizinischen Fachbereiche, einschlie\u00dflich der Apotheke, sowie die Einrichtung eines Archivs, waren integraler Bestandteil dieses Konzepts. Um das Konzept erfolgreich umzusetzen, war ferner die Beschaffung der erforderlichen Ausr\u00fcstung von entscheidender Bedeutung. Dar\u00fcber hinaus entstand es die Idee, das Konzept in einem sp\u00e4teren Schritt auch auf die mobilen Eins\u00e4tze in den Gemeinden auszuweiten.<\/p>\n\n\n\n<p>Durch Hospitationen in deutschen und dominikanischen Gesundheitseinrichtungen streben wir danach, ein gegenseitiges Verst\u00e4ndnis zu schaffen, das als Grundlage f\u00fcr die gemeinsame Ausarbeitung des Konzepts dient. Zu diesem Zweck wurden externe Expert:innen aus dem Gesundheitswesen sowohl aus Deutschland als auch aus der Dominikanischen Republik in das Projekt integriert. Die gewonnenen Erkenntnisse wurden dann in gemeinsamen Workshops diskutiert und in ein umfassendes Konzept \u00fcberf\u00fchrt. Nachfolgend geben wir einen \u00dcberblick \u00fcber die konkreten Umsetzungsschritte.<\/p>\n\n\n\n<p><strong>2021<\/strong><\/p>\n\n\n\n<p>Bei den Sanierungsarbeiten des Geb\u00e4udes konnten weitere Fortschritte verzeichnet werden. In diesem Jahr wurde an der Wasserversorgung und der Elektroanlage weitergearbeitet. Die Bodenbel\u00e4ge sind gr\u00f6\u00dftenteils erneuert, sodass im Erdgeschoss bereits Patienten empfangen werden konnten.<\/p>\n\n\n\n<figure class=\"wp-block-gallery has-nested-images columns-default is-cropped wp-block-gallery-1 is-layout-flex wp-block-gallery-is-layout-flex\">\n<figure class=\"wp-block-image size-large\"><img loading=\"lazy\" decoding=\"async\" width=\"408\" height=\"543\" data-id=\"1763\" src=\"https:\/\/dominicanhealth.de\/wp-content\/uploads\/2025\/01\/Bild62.jpg\" alt=\"\" class=\"wp-image-1763\" srcset=\"https:\/\/dominicanhealth.de\/wp-content\/uploads\/2025\/01\/Bild62.jpg 408w, https:\/\/dominicanhealth.de\/wp-content\/uploads\/2025\/01\/Bild62-225x300.jpg 225w\" sizes=\"auto, (max-width: 408px) 100vw, 408px\" \/><\/figure>\n\n\n\n<figure class=\"wp-block-image size-large\"><img loading=\"lazy\" decoding=\"async\" width=\"414\" height=\"554\" data-id=\"1762\" src=\"https:\/\/dominicanhealth.de\/wp-content\/uploads\/2025\/01\/Bild60.jpg\" alt=\"\" class=\"wp-image-1762\" srcset=\"https:\/\/dominicanhealth.de\/wp-content\/uploads\/2025\/01\/Bild60.jpg 414w, https:\/\/dominicanhealth.de\/wp-content\/uploads\/2025\/01\/Bild60-224x300.jpg 224w\" sizes=\"auto, (max-width: 414px) 100vw, 414px\" \/><\/figure>\n\n\n\n<figure class=\"wp-block-image size-large\"><img loading=\"lazy\" decoding=\"async\" width=\"472\" height=\"355\" data-id=\"1761\" src=\"https:\/\/dominicanhealth.de\/wp-content\/uploads\/2025\/01\/Bild61.jpg\" alt=\"\" class=\"wp-image-1761\" srcset=\"https:\/\/dominicanhealth.de\/wp-content\/uploads\/2025\/01\/Bild61.jpg 472w, https:\/\/dominicanhealth.de\/wp-content\/uploads\/2025\/01\/Bild61-300x226.jpg 300w\" sizes=\"auto, (max-width: 472px) 100vw, 472px\" \/><\/figure>\n<\/figure>\n\n\n\n<p>Ambulante Patienten werden jetzt regelm\u00e4\u00dfig von Montag bis Freitag vormittags empfangen. Unser Verein hat die Arbeit vor Ort mit der Finanzierung von Material f\u00fcr die Sanierung unterst\u00fctzt. Dar\u00fcber hinaus konnten mit Hilfe von <strong><em>Klinikpartnerschaften<\/em><\/strong> erste Anschaffungen f\u00fcr die EDV-Ausstattung get\u00e4tigt werden. Ein Server, ein Drucker und zwei PC-Arbeitspl\u00e4tze wurden eingerichtet.<\/p>\n\n\n\n<figure class=\"wp-block-gallery has-nested-images columns-default is-cropped wp-block-gallery-2 is-layout-flex wp-block-gallery-is-layout-flex\">\n<figure class=\"wp-block-image size-large\"><img loading=\"lazy\" decoding=\"async\" width=\"378\" height=\"278\" data-id=\"1764\" src=\"https:\/\/dominicanhealth.de\/wp-content\/uploads\/2025\/01\/Bild63.jpg\" alt=\"\" class=\"wp-image-1764\" srcset=\"https:\/\/dominicanhealth.de\/wp-content\/uploads\/2025\/01\/Bild63.jpg 378w, https:\/\/dominicanhealth.de\/wp-content\/uploads\/2025\/01\/Bild63-300x221.jpg 300w\" sizes=\"auto, (max-width: 378px) 100vw, 378px\" \/><\/figure>\n\n\n\n<figure class=\"wp-block-image size-large\"><img loading=\"lazy\" decoding=\"async\" width=\"214\" height=\"279\" data-id=\"1765\" src=\"https:\/\/dominicanhealth.de\/wp-content\/uploads\/2025\/01\/Bild64.jpg\" alt=\"\" class=\"wp-image-1765\"\/><\/figure>\n<\/figure>\n\n\n\n<p>Zus\u00e4tzlich konnten mithilfe von <strong><em>Klinikpartnerschaften<\/em><\/strong> weitere Klimaanlagen f\u00fcr die Apotheke und zuk\u00fcnftige Behandlungsr\u00e4ume finanziert werden. Klimaanlagen sind hier genauso wichtig wie bei uns eine Heizung im Winter. Die Temperaturen steigen in Puerto Plata h\u00e4ufig bis \u00fcber 35 Grad an.<\/p>\n\n\n\n<p>Davon abgesehen hatten wir bei uns in Freiburg ein gro\u00dfes Ereignis: Es war nun gelungen mithilfe der Gelder von <strong><em>Klinikpartnerschaften<\/em><\/strong> einen <strong>Besuch unserer Projektpartner in Deutschland<\/strong> zu verwirklichen. Vom 11. bis 20. Oktober besuchten Milton Moronta, Vicente De Pe\u00f1a und Marifel Jimenez diverse Einrichtungen des Gesundheitswesens in Freiburg und Umgebung und wir f\u00fchrten verschiedene Fortbildungsma\u00dfnahmen und Workshops durch. Die G\u00e4ste waren das erste Mal in Europa und waren sehr beeindruckt von den vielen Einrichtungen, die wir besichtigt haben. Der Besuch hat sehr dazu beigetragen unsere Beziehungen zu verstetigen. Hierzu nachfolgend einige Impressionen.<\/p>\n\n\n\n<figure class=\"wp-block-gallery has-nested-images columns-default is-cropped wp-block-gallery-3 is-layout-flex wp-block-gallery-is-layout-flex\">\n<figure class=\"wp-block-image size-large\"><img loading=\"lazy\" decoding=\"async\" width=\"288\" height=\"216\" data-id=\"1781\" src=\"https:\/\/dominicanhealth.de\/wp-content\/uploads\/2025\/01\/Bild79.jpg\" alt=\"\" class=\"wp-image-1781\"\/><\/figure>\n\n\n\n<figure class=\"wp-block-image size-large\"><img loading=\"lazy\" decoding=\"async\" width=\"305\" height=\"189\" data-id=\"1780\" src=\"https:\/\/dominicanhealth.de\/wp-content\/uploads\/2025\/01\/Bild80.jpg\" alt=\"\" class=\"wp-image-1780\" srcset=\"https:\/\/dominicanhealth.de\/wp-content\/uploads\/2025\/01\/Bild80.jpg 305w, https:\/\/dominicanhealth.de\/wp-content\/uploads\/2025\/01\/Bild80-300x186.jpg 300w\" sizes=\"auto, (max-width: 305px) 100vw, 305px\" \/><\/figure>\n\n\n\n<figure class=\"wp-block-image size-large\"><img loading=\"lazy\" decoding=\"async\" width=\"284\" height=\"229\" data-id=\"1782\" src=\"https:\/\/dominicanhealth.de\/wp-content\/uploads\/2025\/01\/Bild82.jpg\" alt=\"\" class=\"wp-image-1782\"\/><\/figure>\n\n\n\n<figure class=\"wp-block-image size-large\"><img loading=\"lazy\" decoding=\"async\" width=\"314\" height=\"230\" data-id=\"1783\" src=\"https:\/\/dominicanhealth.de\/wp-content\/uploads\/2025\/01\/Bild83.jpg\" alt=\"\" class=\"wp-image-1783\" srcset=\"https:\/\/dominicanhealth.de\/wp-content\/uploads\/2025\/01\/Bild83.jpg 314w, https:\/\/dominicanhealth.de\/wp-content\/uploads\/2025\/01\/Bild83-300x220.jpg 300w\" sizes=\"auto, (max-width: 314px) 100vw, 314px\" \/><\/figure>\n\n\n\n<figure class=\"wp-block-image size-large\"><img loading=\"lazy\" decoding=\"async\" width=\"877\" height=\"493\" data-id=\"1784\" src=\"https:\/\/dominicanhealth.de\/wp-content\/uploads\/2025\/01\/Bild81.png\" alt=\"\" class=\"wp-image-1784\" srcset=\"https:\/\/dominicanhealth.de\/wp-content\/uploads\/2025\/01\/Bild81.png 877w, https:\/\/dominicanhealth.de\/wp-content\/uploads\/2025\/01\/Bild81-300x169.png 300w, https:\/\/dominicanhealth.de\/wp-content\/uploads\/2025\/01\/Bild81-768x432.png 768w, https:\/\/dominicanhealth.de\/wp-content\/uploads\/2025\/01\/Bild81-520x293.png 520w\" sizes=\"auto, (max-width: 877px) 100vw, 877px\" \/><\/figure>\n<\/figure>\n\n\n\n<p><strong>2022<\/strong><\/p>\n\n\n\n<p>Zur Anerkennung als \u00f6ffentliches ambulantes Gesundheitszentrum waren Umbauma\u00dfnahmen im Bereich der Notaufnahme und der Arztzimmer erforderlich. Hierzu haben wir uns mehrmals mit dem Architekten Jos\u00e9 getroffen. Das Gesundheitszentrum mit dem Ambulanzbetrieb ist ab jetzt in den offiziellen Gesundheitsversorgungsplan der Dominikanischen Republik aufgenommen.<\/p>\n\n\n\n<figure class=\"wp-block-gallery has-nested-images columns-default is-cropped wp-block-gallery-4 is-layout-flex wp-block-gallery-is-layout-flex\">\n<figure class=\"wp-block-image size-large\"><img loading=\"lazy\" decoding=\"async\" width=\"228\" height=\"171\" data-id=\"1794\" src=\"https:\/\/dominicanhealth.de\/wp-content\/uploads\/2025\/01\/Bild91.jpg\" alt=\"\" class=\"wp-image-1794\"\/><\/figure>\n\n\n\n<figure class=\"wp-block-image size-large\"><img loading=\"lazy\" decoding=\"async\" width=\"136\" height=\"182\" data-id=\"1795\" src=\"https:\/\/dominicanhealth.de\/wp-content\/uploads\/2025\/01\/Bild93.jpg\" alt=\"\" class=\"wp-image-1795\"\/><\/figure>\n\n\n\n<figure class=\"wp-block-image size-large\"><img loading=\"lazy\" decoding=\"async\" width=\"229\" height=\"172\" data-id=\"1796\" src=\"https:\/\/dominicanhealth.de\/wp-content\/uploads\/2025\/01\/Bild92.jpg\" alt=\"\" class=\"wp-image-1796\"\/><\/figure>\n<\/figure>\n\n\n\n<p>Unser Verein hat die weitere Arbeit vor Ort mit der Finanzierung von Fenstern und der Elektroinstallation unterst\u00fctzt. Im September wurden die Bauarbeiten im Erdgeschoss abgeschlossen. Bei unserem Besuch konnten wir auch ein Poster f\u00fcr die Zusammenarbeit mit <strong><em>Klinikpartnerschaften <\/em><\/strong>und ein neues Poster f\u00fcr die Zusammenarbeit zwischen der Fundacion Milton Moronta und Dominican Health e.V. \u00fcberreichen und im Eingangsbereich aufh\u00e4ngen.<\/p>\n\n\n\n<figure class=\"wp-block-gallery has-nested-images columns-default is-cropped wp-block-gallery-5 is-layout-flex wp-block-gallery-is-layout-flex\">\n<figure class=\"wp-block-image size-large\"><img loading=\"lazy\" decoding=\"async\" width=\"528\" height=\"397\" data-id=\"1800\" src=\"https:\/\/dominicanhealth.de\/wp-content\/uploads\/2025\/01\/Bild97.jpg\" alt=\"\" class=\"wp-image-1800\" srcset=\"https:\/\/dominicanhealth.de\/wp-content\/uploads\/2025\/01\/Bild97.jpg 528w, https:\/\/dominicanhealth.de\/wp-content\/uploads\/2025\/01\/Bild97-300x226.jpg 300w\" sizes=\"auto, (max-width: 528px) 100vw, 528px\" \/><\/figure>\n\n\n\n<figure class=\"wp-block-image size-large\"><img loading=\"lazy\" decoding=\"async\" width=\"295\" height=\"395\" data-id=\"1801\" src=\"https:\/\/dominicanhealth.de\/wp-content\/uploads\/2025\/01\/Bild98.jpg\" alt=\"\" class=\"wp-image-1801\" srcset=\"https:\/\/dominicanhealth.de\/wp-content\/uploads\/2025\/01\/Bild98.jpg 295w, https:\/\/dominicanhealth.de\/wp-content\/uploads\/2025\/01\/Bild98-224x300.jpg 224w\" sizes=\"auto, (max-width: 295px) 100vw, 295px\" \/><\/figure>\n\n\n\n<figure class=\"wp-block-image size-large\"><img loading=\"lazy\" decoding=\"async\" width=\"527\" height=\"395\" data-id=\"1802\" src=\"https:\/\/dominicanhealth.de\/wp-content\/uploads\/2025\/01\/Bild99.jpg\" alt=\"\" class=\"wp-image-1802\" srcset=\"https:\/\/dominicanhealth.de\/wp-content\/uploads\/2025\/01\/Bild99.jpg 527w, https:\/\/dominicanhealth.de\/wp-content\/uploads\/2025\/01\/Bild99-300x225.jpg 300w\" sizes=\"auto, (max-width: 527px) 100vw, 527px\" \/><\/figure>\n<\/figure>\n\n\n\n<p>Im April besuchte der Zahnarzt Tobias Bauer vom <strong>Dental International Aid Networking Organisation<\/strong>, <strong>(DIANO e.V.)<\/strong> das am Bodensee verortet ist, das Gesundheitszentrum. Er ist ebenfalls seit l\u00e4ngerer Zeit im Bereich der Entwicklungszusammenarbeit in Haiti und der Dominikanischen Republik t\u00e4tig ist. Der Kontakt kam \u00fcber die <strong><em>Klinikpartnerschaften <\/em><\/strong>zustande und bildete die Basis f\u00fcr eine zuk\u00fcnftige Zusammenarbeit.<\/p>\n\n\n\n<figure class=\"wp-block-image size-full\"><img loading=\"lazy\" decoding=\"async\" width=\"173\" height=\"232\" src=\"https:\/\/dominicanhealth.de\/wp-content\/uploads\/2025\/01\/Bild100.jpg\" alt=\"\" class=\"wp-image-1803\"\/><\/figure>\n\n\n\n<p>In Zusammenhang mit der F\u00f6rderung durch die \u00a0<strong><em>Klinikpartnerschaften<\/em><\/strong> fanden im Oktober zwei Kongresse mit den Titeln \u201eInternational Conference of Hospital Partnerships\u201c und \u201eWorld Health Summit\u201c f\u00fcr Teilnehmende aller gef\u00f6rderten Projekte in Berlin statt. Dazu waren Milton Moronta und Peter K\u00f6nig eingeladen. Mehrere hundert Teilnehmende aus 40 verschiedenen L\u00e4ndern tauschten sich f\u00fcnf Tage lang \u00fcber Herausforderungen und Projekte zur Verbesserung der gesundheitlichen Versorgung von armen Menschen und zur internationalen Zusammenarbeit aus. Dadurch konnte Milton Moronta sehr viele Eindr\u00fccke und Ideen f\u00fcr sein eigenes Projekt mitnehmen.<\/p>\n\n\n\n<figure class=\"wp-block-gallery has-nested-images columns-default is-cropped wp-block-gallery-6 is-layout-flex wp-block-gallery-is-layout-flex\">\n<figure class=\"wp-block-image size-large\"><img loading=\"lazy\" decoding=\"async\" width=\"467\" height=\"350\" data-id=\"1805\" src=\"https:\/\/dominicanhealth.de\/wp-content\/uploads\/2025\/01\/Bild102.png\" alt=\"\" class=\"wp-image-1805\" srcset=\"https:\/\/dominicanhealth.de\/wp-content\/uploads\/2025\/01\/Bild102.png 467w, https:\/\/dominicanhealth.de\/wp-content\/uploads\/2025\/01\/Bild102-300x225.png 300w\" sizes=\"auto, (max-width: 467px) 100vw, 467px\" \/><\/figure>\n\n\n\n<figure class=\"wp-block-image size-large\"><img loading=\"lazy\" decoding=\"async\" width=\"462\" height=\"346\" data-id=\"1804\" src=\"https:\/\/dominicanhealth.de\/wp-content\/uploads\/2025\/01\/Bild101.png\" alt=\"\" class=\"wp-image-1804\" srcset=\"https:\/\/dominicanhealth.de\/wp-content\/uploads\/2025\/01\/Bild101.png 462w, https:\/\/dominicanhealth.de\/wp-content\/uploads\/2025\/01\/Bild101-300x225.png 300w\" sizes=\"auto, (max-width: 462px) 100vw, 462px\" \/><\/figure>\n<\/figure>\n\n\n\n<p><strong>2023<\/strong><\/p>\n\n\n\n<p>In der Ambulanz von Milton Moronta werden immer mehr Patientinnen und Patienten betreut. Zusammen mit der neuen \u00c4rztin Dra. Ana Luz Hidalgo Rivera und Dr. Sousa wurden die Abl\u00e4ufe bei der Behandlung und in der Apotheke neu strukturiert. Bei einem Besuch im Februar\/ M\u00e4rz konnte sich Peter K\u00f6nig von den Fortschritten bei den Abl\u00e4ufen \u00fcberzeugen. In diesem Jahr gab es Fortschritte bei der Konzeption der Operativos (tageweise Besuche von armen Gemeinden zur prim\u00e4ren Gesundheitsversorgung). Es besteht nun die M\u00f6glichkeit in der Gemeinde Mu\u00f1oz mit haitianischen Migrant:innen regelm\u00e4\u00dfige Besuche zur Gesundheitsversorgung zu verwirklichen. Dies ist nicht zuletzt der haitianischen Psychologin Mideline Marcellin zu verdanken, die sich \u00fcber die Kirchengemeine daf\u00fcr eingesetzt hatte die Operativos umzusetzen. Ab jetzt wird die Gemeinde einmal im Monat besucht.<\/p>\n\n\n\n<figure class=\"wp-block-gallery has-nested-images columns-default is-cropped wp-block-gallery-7 is-layout-flex wp-block-gallery-is-layout-flex\">\n<figure class=\"wp-block-image size-large\"><img loading=\"lazy\" decoding=\"async\" width=\"995\" height=\"399\" data-id=\"1814\" src=\"https:\/\/dominicanhealth.de\/wp-content\/uploads\/2025\/01\/Bild109.png\" alt=\"\" class=\"wp-image-1814\" srcset=\"https:\/\/dominicanhealth.de\/wp-content\/uploads\/2025\/01\/Bild109.png 995w, https:\/\/dominicanhealth.de\/wp-content\/uploads\/2025\/01\/Bild109-300x120.png 300w, https:\/\/dominicanhealth.de\/wp-content\/uploads\/2025\/01\/Bild109-768x308.png 768w\" sizes=\"auto, (max-width: 995px) 100vw, 995px\" \/><\/figure>\n\n\n\n<figure class=\"wp-block-image size-large\"><img loading=\"lazy\" decoding=\"async\" width=\"394\" height=\"440\" data-id=\"1812\" src=\"https:\/\/dominicanhealth.de\/wp-content\/uploads\/2025\/01\/Bild107.png\" alt=\"\" class=\"wp-image-1812\" srcset=\"https:\/\/dominicanhealth.de\/wp-content\/uploads\/2025\/01\/Bild107.png 394w, https:\/\/dominicanhealth.de\/wp-content\/uploads\/2025\/01\/Bild107-269x300.png 269w\" sizes=\"auto, (max-width: 394px) 100vw, 394px\" \/><\/figure>\n\n\n\n<figure class=\"wp-block-image size-large\"><img loading=\"lazy\" decoding=\"async\" width=\"554\" height=\"442\" data-id=\"1813\" src=\"https:\/\/dominicanhealth.de\/wp-content\/uploads\/2025\/01\/Bild108.png\" alt=\"\" class=\"wp-image-1813\" srcset=\"https:\/\/dominicanhealth.de\/wp-content\/uploads\/2025\/01\/Bild108.png 554w, https:\/\/dominicanhealth.de\/wp-content\/uploads\/2025\/01\/Bild108-300x239.png 300w\" sizes=\"auto, (max-width: 554px) 100vw, 554px\" \/><\/figure>\n<\/figure>\n\n\n\n<p>eit Oktober 2023 d\u00fcrfen wir in einem <strong>Anschlussprojekt im Rahmen der Klinikpartnerschaften<\/strong> an der Weiterentwicklung der Klinikorganisation, der EDV-Infrastruktur sowie dem Umbau des 1. Obergeschoss der Klinik weiterarbeiten.<\/p>\n","protected":false},"excerpt":{"rendered":"<p>Von M\u00e4rz 2021 bis 2023 war Dominican Health e.V. teilnehmende Organisation eines Projekts innerhalb der F\u00f6rderlinie \u201eKlinikpartnerschaften\u201c der Deutsche Gesellschaft f\u00fcr Internationale Zusammenarbeit (GIZ) GmbH (https:\/\/klinikpartnerschaften.de\/programm).&#46;&#46;&#46;<\/p>\n","protected":false},"author":1,"featured_media":0,"parent":0,"menu_order":0,"comment_status":"closed","ping_status":"closed","template":"","meta":{"footnotes":""},"class_list":["post-1479","page","type-page","status-publish","hentry"],"translation":{"provider":"WPGlobus","version":"3.0.2","language":"es","enabled_languages":["de","en","es"],"languages":{"de":{"title":true,"content":true,"excerpt":false},"en":{"title":false,"content":false,"excerpt":false},"es":{"title":false,"content":false,"excerpt":false}}},"_links":{"self":[{"href":"https:\/\/dominicanhealth.de\/es\/wp-json\/wp\/v2\/pages\/1479","targetHints":{"allow":["GET"]}}],"collection":[{"href":"https:\/\/dominicanhealth.de\/es\/wp-json\/wp\/v2\/pages"}],"about":[{"href":"https:\/\/dominicanhealth.de\/es\/wp-json\/wp\/v2\/types\/page"}],"author":[{"embeddable":true,"href":"https:\/\/dominicanhealth.de\/es\/wp-json\/wp\/v2\/users\/1"}],"replies":[{"embeddable":true,"href":"https:\/\/dominicanhealth.de\/es\/wp-json\/wp\/v2\/comments?post=1479"}],"version-history":[{"count":5,"href":"https:\/\/dominicanhealth.de\/es\/wp-json\/wp\/v2\/pages\/1479\/revisions"}],"predecessor-version":[{"id":1878,"href":"https:\/\/dominicanhealth.de\/es\/wp-json\/wp\/v2\/pages\/1479\/revisions\/1878"}],"wp:attachment":[{"href":"https:\/\/dominicanhealth.de\/es\/wp-json\/wp\/v2\/media?parent=1479"}],"curies":[{"name":"wp","href":"https:\/\/api.w.org\/{rel}","templated":true}]}}