{"id":1095,"date":"2019-06-06T08:25:54","date_gmt":"2019-06-06T06:25:54","guid":{"rendered":"http:\/\/dominicanhealth.de\/?page_id=1095"},"modified":"2024-12-30T15:37:46","modified_gmt":"2024-12-30T14:37:46","slug":"leitbild","status":"publish","type":"page","link":"https:\/\/dominicanhealth.de\/es\/leitbild\/","title":{"rendered":"Declaraci\u00f3n de objetivos"},"content":{"rendered":"\n<p> Dominican Health e.V. es una asociaci\u00f3n sin \u00e1nimo de lucro cuyo objetivo es apoyar la atenci\u00f3n primaria de salud en la Rep\u00fablica Dominicana, donde las estructuras existentes no son suficientes para garantizar una atenci\u00f3n adecuada a la poblaci\u00f3n. En Puerto Plata, junto con una iniciativa local, esta atenci\u00f3n de salud es apoyada de una manera muy concreta. Con vistas a un apoyo estructural sostenible, se prest\u00f3 especial atenci\u00f3n a garantizar que las estructuras ya existentes fueran apoyadas por nosotros, pero que pudieran ser apoyadas por los propios actores del pa\u00eds.<br><\/p>\n\n\n\n<p>En cuanto al contenido, la asociaci\u00f3n se preocupa, por un lado, por la cuesti\u00f3n de qu\u00e9 medidas concretas deben adoptarse para lograr un mayor grado de justicia social y sanitaria, as\u00ed como su preservaci\u00f3n y promoci\u00f3n sostenible, tanto a nivel regional como mundial. Para ello, nos guiamos por los \u00abObjetivos de Desarrollo Sostenible\u00bb de las Naciones Unidas. Por otro lado, existe un compromiso social directo sobre el terreno. Por el momento, este compromiso se refiere a apoyar el establecimiento de una policl\u00ednica ambulatoria y hospitalaria en Puerto Plata, donde los sectores m\u00e1s pobres de la poblaci\u00f3n de la regi\u00f3n pueden ser atendidos casi gratuitamente. Aqu\u00ed, la cooperaci\u00f3n se centra en la fundaci\u00f3n dominicana \u00abFundaci\u00f3n Milton Moronta\u00bb, que proporciona asistencia sanitaria a los indigentes y apoya a los j\u00f3venes para que tengan mejores oportunidades de conseguir un trabajo a trav\u00e9s de medidas educativas.  <br><\/p>\n\n\n\n<p>La tarea principal de la asociaci\u00f3n es aportar materiales, recursos personales y conocimientos en ciencias de la salud y de la salud, de manera que las estructuras creadas puedan ser apoyadas por organizaciones locales. Por \u00faltimo, pero no por ello menos importante, la asociaci\u00f3n tambi\u00e9n se ocupa de aprender de otras culturas y redes internacionales, de pensar la salud globalmente, de promover el intercambio personal y de aprender de la experiencia. La asociaci\u00f3n no persigue aspiraciones religiosas, sino que est\u00e1 especialmente vinculada a una visi\u00f3n del mundo tolerante, cosmopolita y orientada a la diversidad. Dominican Health e.V. persigue el objetivo del empoderamiento global en este contexto.<\/p>\n\n\n\n<p><\/p>\n","protected":false},"excerpt":{"rendered":"<p>Dominican Health e.V. es una asociaci\u00f3n sin \u00e1nimo de lucro cuyo objetivo es apoyar la atenci\u00f3n primaria de salud en la Rep\u00fablica Dominicana, donde las estructuras&#46;&#46;&#46;<\/p>\n","protected":false},"author":1,"featured_media":0,"parent":0,"menu_order":0,"comment_status":"closed","ping_status":"closed","template":"","meta":{"footnotes":""},"class_list":["post-1095","page","type-page","status-publish","hentry"],"translation":{"provider":"WPGlobus","version":"3.0.2","language":"es","enabled_languages":["de","en","es"],"languages":{"de":{"title":true,"content":true,"excerpt":false},"en":{"title":true,"content":true,"excerpt":false},"es":{"title":true,"content":true,"excerpt":false}}},"_links":{"self":[{"href":"https:\/\/dominicanhealth.de\/es\/wp-json\/wp\/v2\/pages\/1095","targetHints":{"allow":["GET"]}}],"collection":[{"href":"https:\/\/dominicanhealth.de\/es\/wp-json\/wp\/v2\/pages"}],"about":[{"href":"https:\/\/dominicanhealth.de\/es\/wp-json\/wp\/v2\/types\/page"}],"author":[{"embeddable":true,"href":"https:\/\/dominicanhealth.de\/es\/wp-json\/wp\/v2\/users\/1"}],"replies":[{"embeddable":true,"href":"https:\/\/dominicanhealth.de\/es\/wp-json\/wp\/v2\/comments?post=1095"}],"version-history":[{"count":5,"href":"https:\/\/dominicanhealth.de\/es\/wp-json\/wp\/v2\/pages\/1095\/revisions"}],"predecessor-version":[{"id":1659,"href":"https:\/\/dominicanhealth.de\/es\/wp-json\/wp\/v2\/pages\/1095\/revisions\/1659"}],"wp:attachment":[{"href":"https:\/\/dominicanhealth.de\/es\/wp-json\/wp\/v2\/media?parent=1095"}],"curies":[{"name":"wp","href":"https:\/\/api.w.org\/{rel}","templated":true}]}}