{"id":1080,"date":"2019-05-01T15:33:07","date_gmt":"2019-05-01T13:33:07","guid":{"rendered":"http:\/\/dominicanhealth.de\/?page_id=1080"},"modified":"2024-12-30T15:39:48","modified_gmt":"2024-12-30T14:39:48","slug":"ziele","status":"publish","type":"page","link":"https:\/\/dominicanhealth.de\/es\/ziele\/","title":{"rendered":"Objetivos"},"content":{"rendered":"\n<p>La Asociaci\u00f3n Salud Dominicana fue fundada en enero de 2018 y tiene como objetivo apoyar la atenci\u00f3n primaria de salud en la Rep\u00fablica Dominicana, donde las estructuras existentes no son suficientes para asegurar una atenci\u00f3n adecuada a la poblaci\u00f3n. Por un lado, la asociaci\u00f3n se ocupa de la cuesti\u00f3n de qu\u00e9 medidas deben adoptarse para lograr m\u00e1s justicia en la prestaci\u00f3n y promoci\u00f3n de la salud en todo el mundo. Por otro lado, el compromiso social debe tener lugar concretamente en un solo lugar. Este compromiso se refiere actualmente al apoyo para el establecimiento de una policl\u00ednica ambulatoria y hospitalaria en Puerto Plata. A corto y medio plazo, el objetivo es proporcionar apoyo en forma de material para la atenci\u00f3n al paciente. Adem\u00e1s, la asociaci\u00f3n considera que es importante a largo plazo promover el desarrollo de estructuras locales sostenibles. La asociaci\u00f3n considera que su tarea consiste esencialmente en aportar recursos materiales y personales, as\u00ed como conocimientos t\u00e9cnicos, de manera que las estructuras establecidas puedan ser apoyadas por organizaciones locales. Por \u00faltimo, pero no por ello menos importante, la asociaci\u00f3n tambi\u00e9n se ocupa de aprender de otras culturas, de pensar en la salud globalmente, de promover el intercambio personal y de aprender de la experiencia.<\/p>\n","protected":false},"excerpt":{"rendered":"<p>La Asociaci\u00f3n Salud Dominicana fue fundada en enero de 2018 y tiene como objetivo apoyar la atenci\u00f3n primaria de salud en la Rep\u00fablica Dominicana, donde las&#46;&#46;&#46;<\/p>\n","protected":false},"author":1,"featured_media":0,"parent":0,"menu_order":0,"comment_status":"closed","ping_status":"closed","template":"","meta":{"footnotes":""},"class_list":["post-1080","page","type-page","status-publish","hentry"],"translation":{"provider":"WPGlobus","version":"3.0.2","language":"es","enabled_languages":["de","en","es"],"languages":{"de":{"title":true,"content":true,"excerpt":false},"en":{"title":true,"content":true,"excerpt":false},"es":{"title":true,"content":true,"excerpt":false}}},"_links":{"self":[{"href":"https:\/\/dominicanhealth.de\/es\/wp-json\/wp\/v2\/pages\/1080","targetHints":{"allow":["GET"]}}],"collection":[{"href":"https:\/\/dominicanhealth.de\/es\/wp-json\/wp\/v2\/pages"}],"about":[{"href":"https:\/\/dominicanhealth.de\/es\/wp-json\/wp\/v2\/types\/page"}],"author":[{"embeddable":true,"href":"https:\/\/dominicanhealth.de\/es\/wp-json\/wp\/v2\/users\/1"}],"replies":[{"embeddable":true,"href":"https:\/\/dominicanhealth.de\/es\/wp-json\/wp\/v2\/comments?post=1080"}],"version-history":[{"count":5,"href":"https:\/\/dominicanhealth.de\/es\/wp-json\/wp\/v2\/pages\/1080\/revisions"}],"predecessor-version":[{"id":1661,"href":"https:\/\/dominicanhealth.de\/es\/wp-json\/wp\/v2\/pages\/1080\/revisions\/1661"}],"wp:attachment":[{"href":"https:\/\/dominicanhealth.de\/es\/wp-json\/wp\/v2\/media?parent=1080"}],"curies":[{"name":"wp","href":"https:\/\/api.w.org\/{rel}","templated":true}]}}