{"id":1047,"date":"2019-04-28T12:10:27","date_gmt":"2019-04-28T10:10:27","guid":{"rendered":"http:\/\/dominicanhealth.de\/?page_id=1047"},"modified":"2019-04-28T12:12:42","modified_gmt":"2019-04-28T10:12:42","slug":"projektinformationen-2","status":"publish","type":"page","link":"https:\/\/dominicanhealth.de\/es\/projektinformationen-2\/","title":{"rendered":"Informaci\u00f3n sobre el proyecto"},"content":{"rendered":"\n<p>Aqu\u00ed encontrar\u00e1 m\u00e1s informaci\u00f3n sobre el proyecto, desde la idea hasta el estado actual del apoyo.<\/p>\n\n\n\n<ul class=\"wp-block-gallery columns-2 is-cropped wp-block-gallery-1 is-layout-flex wp-block-gallery-is-layout-flex\"><li class=\"blocks-gallery-item\"><figure><img loading=\"lazy\" decoding=\"async\" width=\"1024\" height=\"768\" src=\"http:\/\/dominicanhealth.de\/wp-content\/uploads\/2019\/04\/WhatsApp-Image-2019-04-08-at-17.07.49-1-1024x768.jpeg\" alt=\"\" data-id=\"1050\" data-link=\"http:\/\/dominicanhealth.de\/projektinformationen-2\/whatsapp-image-2019-04-08-at-17-07-49-2\/#main\" class=\"wp-image-1050\" srcset=\"https:\/\/dominicanhealth.de\/wp-content\/uploads\/2019\/04\/WhatsApp-Image-2019-04-08-at-17.07.49-1-1024x768.jpeg 1024w, https:\/\/dominicanhealth.de\/wp-content\/uploads\/2019\/04\/WhatsApp-Image-2019-04-08-at-17.07.49-1-300x225.jpeg 300w, https:\/\/dominicanhealth.de\/wp-content\/uploads\/2019\/04\/WhatsApp-Image-2019-04-08-at-17.07.49-1-768x576.jpeg 768w, https:\/\/dominicanhealth.de\/wp-content\/uploads\/2019\/04\/WhatsApp-Image-2019-04-08-at-17.07.49-1.jpeg 1280w\" sizes=\"auto, (max-width: 1024px) 100vw, 1024px\" \/><\/figure><\/li><li class=\"blocks-gallery-item\"><figure><img loading=\"lazy\" decoding=\"async\" width=\"1024\" height=\"768\" src=\"http:\/\/dominicanhealth.de\/wp-content\/uploads\/2019\/04\/WhatsApp-Image-2019-04-15-at-15.04.26-1024x768.jpeg\" alt=\"\" data-id=\"1049\" data-link=\"http:\/\/dominicanhealth.de\/projektinformationen-2\/whatsapp-image-2019-04-15-at-15-04-26\/#main\" class=\"wp-image-1049\" srcset=\"https:\/\/dominicanhealth.de\/wp-content\/uploads\/2019\/04\/WhatsApp-Image-2019-04-15-at-15.04.26-1024x768.jpeg 1024w, https:\/\/dominicanhealth.de\/wp-content\/uploads\/2019\/04\/WhatsApp-Image-2019-04-15-at-15.04.26-300x225.jpeg 300w, https:\/\/dominicanhealth.de\/wp-content\/uploads\/2019\/04\/WhatsApp-Image-2019-04-15-at-15.04.26-768x576.jpeg 768w, https:\/\/dominicanhealth.de\/wp-content\/uploads\/2019\/04\/WhatsApp-Image-2019-04-15-at-15.04.26.jpeg 1280w\" sizes=\"auto, (max-width: 1024px) 100vw, 1024px\" \/><\/figure><\/li><\/ul>\n","protected":false},"excerpt":{"rendered":"<p>Aqu\u00ed encontrar\u00e1 m\u00e1s informaci\u00f3n sobre el proyecto, desde la idea hasta el estado actual del apoyo.<\/p>\n","protected":false},"author":1,"featured_media":0,"parent":0,"menu_order":0,"comment_status":"closed","ping_status":"closed","template":"","meta":{"footnotes":""},"class_list":["post-1047","page","type-page","status-publish","hentry"],"translation":{"provider":"WPGlobus","version":"3.0.2","language":"es","enabled_languages":["de","en","es"],"languages":{"de":{"title":true,"content":true,"excerpt":false},"en":{"title":true,"content":true,"excerpt":false},"es":{"title":true,"content":true,"excerpt":false}}},"_links":{"self":[{"href":"https:\/\/dominicanhealth.de\/es\/wp-json\/wp\/v2\/pages\/1047","targetHints":{"allow":["GET"]}}],"collection":[{"href":"https:\/\/dominicanhealth.de\/es\/wp-json\/wp\/v2\/pages"}],"about":[{"href":"https:\/\/dominicanhealth.de\/es\/wp-json\/wp\/v2\/types\/page"}],"author":[{"embeddable":true,"href":"https:\/\/dominicanhealth.de\/es\/wp-json\/wp\/v2\/users\/1"}],"replies":[{"embeddable":true,"href":"https:\/\/dominicanhealth.de\/es\/wp-json\/wp\/v2\/comments?post=1047"}],"version-history":[{"count":3,"href":"https:\/\/dominicanhealth.de\/es\/wp-json\/wp\/v2\/pages\/1047\/revisions"}],"predecessor-version":[{"id":1053,"href":"https:\/\/dominicanhealth.de\/es\/wp-json\/wp\/v2\/pages\/1047\/revisions\/1053"}],"wp:attachment":[{"href":"https:\/\/dominicanhealth.de\/es\/wp-json\/wp\/v2\/media?parent=1047"}],"curies":[{"name":"wp","href":"https:\/\/api.w.org\/{rel}","templated":true}]}}