{"id":102,"date":"2018-04-04T07:24:51","date_gmt":"2018-04-04T07:24:51","guid":{"rendered":"https:\/\/dominicanhealth.wordpress.com\/?page_id=102"},"modified":"2024-12-30T15:59:26","modified_gmt":"2024-12-30T14:59:26","slug":"mitgliedschaft","status":"publish","type":"page","link":"https:\/\/dominicanhealth.de\/es\/mitgliedschaft\/","title":{"rendered":"Membres\u00eda"},"content":{"rendered":"<p>Con nuestra asociaci\u00f3n \u00abDominican Health e.V.\u00bb nos gustar\u00eda apoyar el cuidado de la salud en la regi\u00f3n de Puerto Plata de la Rep\u00fablica Dominicana. Nuestra meta es promover estructuras sostenibles y apoyar a las peque\u00f1as comunidades de la Rep\u00fablica Dominicana para mejorar la atenci\u00f3n de la salud.<\/p>\n<p>La asociaci\u00f3n \u00abDominican Health e.V.\u00bb est\u00e1 financiada por donaciones y subsidios. Ap\u00f3yanos y forma parte de la asociaci\u00f3n!<\/p>\n<p>Cuotas de membres\u00eda:<br \/>\nTarifa est\u00e1ndar: 50\u20ac\/a\u00f1o<br \/>\nContribuci\u00f3n institucional: 100\u20ac\/a\u00f1o<br \/>\nContribuci\u00f3n justa (estudiantes, aprendices, beneficiarios de prestaciones sociales y personas con bajos ingresos): 24\u20ac\/a\u00f1o<\/p>\n<p>Si desea hacerse miembro, no dude en ponerse en contacto con nosotros por correo electr\u00f3nico.<\/p>\n","protected":false},"excerpt":{"rendered":"<p>Con nuestra asociaci\u00f3n \u00abDominican Health e.V.\u00bb nos gustar\u00eda apoyar el cuidado de la salud en la regi\u00f3n de Puerto Plata de la Rep\u00fablica Dominicana. Nuestra meta&#46;&#46;&#46;<\/p>\n","protected":false},"author":1,"featured_media":0,"parent":0,"menu_order":0,"comment_status":"closed","ping_status":"closed","template":"","meta":{"footnotes":""},"class_list":["post-102","page","type-page","status-publish","hentry"],"translation":{"provider":"WPGlobus","version":"3.0.2","language":"es","enabled_languages":["de","en","es"],"languages":{"de":{"title":true,"content":true,"excerpt":false},"en":{"title":true,"content":true,"excerpt":false},"es":{"title":true,"content":true,"excerpt":false}}},"_links":{"self":[{"href":"https:\/\/dominicanhealth.de\/es\/wp-json\/wp\/v2\/pages\/102","targetHints":{"allow":["GET"]}}],"collection":[{"href":"https:\/\/dominicanhealth.de\/es\/wp-json\/wp\/v2\/pages"}],"about":[{"href":"https:\/\/dominicanhealth.de\/es\/wp-json\/wp\/v2\/types\/page"}],"author":[{"embeddable":true,"href":"https:\/\/dominicanhealth.de\/es\/wp-json\/wp\/v2\/users\/1"}],"replies":[{"embeddable":true,"href":"https:\/\/dominicanhealth.de\/es\/wp-json\/wp\/v2\/comments?post=102"}],"version-history":[{"count":10,"href":"https:\/\/dominicanhealth.de\/es\/wp-json\/wp\/v2\/pages\/102\/revisions"}],"predecessor-version":[{"id":1682,"href":"https:\/\/dominicanhealth.de\/es\/wp-json\/wp\/v2\/pages\/102\/revisions\/1682"}],"wp:attachment":[{"href":"https:\/\/dominicanhealth.de\/es\/wp-json\/wp\/v2\/media?parent=102"}],"curies":[{"name":"wp","href":"https:\/\/api.w.org\/{rel}","templated":true}]}}