{"id":1921,"date":"2025-12-10T08:21:02","date_gmt":"2025-12-10T07:21:02","guid":{"rendered":"https:\/\/dominicanhealth.de\/?page_id=1921"},"modified":"2026-01-02T09:10:22","modified_gmt":"2026-01-02T08:10:22","slug":"highlights-in-2025","status":"publish","type":"page","link":"https:\/\/dominicanhealth.de\/en\/highlights-in-2025\/","title":{"rendered":"Highlights in 2025"},"content":{"rendered":"\n<p>Auch 2025 war das Gesundheitszentrum von Milton Moronta eine zentrale Anlaufstelle f\u00fcr viele Menschen in Puerto Plata. Die medizinische Versorgung wurde kontinuierlich ausgebaut, und neben der allgemeinen Sprechstunde kamen eine Psychologin, eine Zahn\u00e4rztin, eine P\u00e4diaterin und ein Gyn\u00e4kologe hinzu. Dadurch konnten mehr Patientinnen und Patienten fachgerecht betreut werden, und das Angebot wurde noch breiter aufgestellt.<\/p>\n\n\n\n<p>Im Laufe des Jahres unterst\u00fctzten f\u00fcnf Studierende der Hochschule Furtwangen die Arbeit vor Ort. Sie begleiteten die Versorgung in der Ambulanz, halfen bei der Pflege in verschiedenen Einrichtungen und unterst\u00fctzten die Organisation der Operativos. Gleichzeitig besch\u00e4ftigten sie sich wissenschaftlich mit Versorgungsunterschieden zwischen l\u00e4ndlichen und st\u00e4dtischen Gebieten und brachten wertvolle Impulse in den Alltag des Gesundheitszentrums.<br><\/p>\n\n\n\n<figure class=\"wp-block-gallery has-nested-images columns-default is-cropped wp-block-gallery-1 is-layout-flex wp-block-gallery-is-layout-flex\">\n<figure class=\"wp-block-image size-large\"><img loading=\"lazy\" decoding=\"async\" width=\"303\" height=\"404\" data-id=\"1934\" src=\"https:\/\/dominicanhealth.de\/wp-content\/uploads\/2025\/12\/Bild14.jpg\" alt=\"\" class=\"wp-image-1934\" srcset=\"https:\/\/dominicanhealth.de\/wp-content\/uploads\/2025\/12\/Bild14.jpg 303w, https:\/\/dominicanhealth.de\/wp-content\/uploads\/2025\/12\/Bild14-225x300.jpg 225w\" sizes=\"auto, (max-width: 303px) 100vw, 303px\" \/><\/figure>\n\n\n\n<figure class=\"wp-block-image size-large\"><img loading=\"lazy\" decoding=\"async\" width=\"1004\" height=\"630\" data-id=\"1922\" src=\"https:\/\/dominicanhealth.de\/wp-content\/uploads\/2025\/12\/Bild1.jpg\" alt=\"\" class=\"wp-image-1922\" srcset=\"https:\/\/dominicanhealth.de\/wp-content\/uploads\/2025\/12\/Bild1.jpg 1004w, https:\/\/dominicanhealth.de\/wp-content\/uploads\/2025\/12\/Bild1-300x188.jpg 300w, https:\/\/dominicanhealth.de\/wp-content\/uploads\/2025\/12\/Bild1-768x482.jpg 768w\" sizes=\"auto, (max-width: 1004px) 100vw, 1004px\" \/><\/figure>\n\n\n\n<figure class=\"wp-block-image size-large\"><img loading=\"lazy\" decoding=\"async\" width=\"333\" height=\"443\" data-id=\"1925\" src=\"https:\/\/dominicanhealth.de\/wp-content\/uploads\/2025\/12\/Bild4.jpg\" alt=\"\" class=\"wp-image-1925\" srcset=\"https:\/\/dominicanhealth.de\/wp-content\/uploads\/2025\/12\/Bild4.jpg 333w, https:\/\/dominicanhealth.de\/wp-content\/uploads\/2025\/12\/Bild4-226x300.jpg 226w\" sizes=\"auto, (max-width: 333px) 100vw, 333px\" \/><\/figure>\n<\/figure>\n\n\n\n<p>Ein besonderer Schritt war die Einf\u00fchrung eines digitalen Patientendokumentationssystems. Gemeinsam mit dem Team vor Ort wurden Arbeitsabl\u00e4ufe entwickelt, erste Datens\u00e4tze erfasst und Mitarbeitende geschult. Die Implementierung wurde von Vincent Beaujour im Rahmen seiner Bachelorarbeit begleitet und markiert einen wichtigen Meilenstein auf dem Weg zu einer strukturierten und sicheren Dokumentation der Versorgung.<\/p>\n\n\n\n<figure class=\"wp-block-gallery has-nested-images columns-default is-cropped wp-block-gallery-2 is-layout-flex wp-block-gallery-is-layout-flex\">\n<figure class=\"wp-block-image size-large\"><img loading=\"lazy\" decoding=\"async\" width=\"709\" height=\"945\" data-id=\"1945\" src=\"https:\/\/dominicanhealth.de\/wp-content\/uploads\/2025\/12\/Bild25.png\" alt=\"\" class=\"wp-image-1945\" style=\"aspect-ratio:3\/4\" srcset=\"https:\/\/dominicanhealth.de\/wp-content\/uploads\/2025\/12\/Bild25.png 709w, https:\/\/dominicanhealth.de\/wp-content\/uploads\/2025\/12\/Bild25-225x300.png 225w\" sizes=\"auto, (max-width: 709px) 100vw, 709px\" \/><\/figure>\n\n\n\n<figure class=\"wp-block-image size-large\"><img loading=\"lazy\" decoding=\"async\" width=\"531\" height=\"943\" data-id=\"1944\" src=\"https:\/\/dominicanhealth.de\/wp-content\/uploads\/2025\/12\/Bild24.png\" alt=\"\" class=\"wp-image-1944\" style=\"aspect-ratio:3\/4\" srcset=\"https:\/\/dominicanhealth.de\/wp-content\/uploads\/2025\/12\/Bild24.png 531w, https:\/\/dominicanhealth.de\/wp-content\/uploads\/2025\/12\/Bild24-169x300.png 169w\" sizes=\"auto, (max-width: 531px) 100vw, 531px\" \/><\/figure>\n<\/figure>\n\n\n\n<p>Die regelm\u00e4\u00dfigen Operativos in den Gemeinden Mu\u00f1oz und Kilometer 12 konnten 2025 fortgef\u00fchrt werden. Viele der Bewohnerinnen und Bewohner haben eingeschr\u00e4nkten Zugang zu Gesundheitsdiensten und profitieren von diesen Eins\u00e4tzen, bei denen medizinische und pflegerische Grundversorgung, Wundbehandlung, Gesundheitsberatung und Materialausgabe stattfinden. Die kontinuierliche Pr\u00e4senz st\u00e4rkt die Beziehung zu den Gemeinden und verbessert die gesundheitliche Situation nachhaltig.<\/p>\n\n\n\n<figure class=\"wp-block-gallery has-nested-images columns-default is-cropped wp-block-gallery-3 is-layout-flex wp-block-gallery-is-layout-flex\">\n<figure class=\"wp-block-image size-large\"><img loading=\"lazy\" decoding=\"async\" width=\"591\" height=\"443\" data-id=\"1926\" src=\"https:\/\/dominicanhealth.de\/wp-content\/uploads\/2025\/12\/Bild5.jpg\" alt=\"\" class=\"wp-image-1926\" srcset=\"https:\/\/dominicanhealth.de\/wp-content\/uploads\/2025\/12\/Bild5.jpg 591w, https:\/\/dominicanhealth.de\/wp-content\/uploads\/2025\/12\/Bild5-300x225.jpg 300w\" sizes=\"auto, (max-width: 591px) 100vw, 591px\" \/><\/figure>\n\n\n\n<figure class=\"wp-block-image size-large\"><img loading=\"lazy\" decoding=\"async\" width=\"333\" height=\"443\" data-id=\"1925\" src=\"https:\/\/dominicanhealth.de\/wp-content\/uploads\/2025\/12\/Bild4.jpg\" alt=\"\" class=\"wp-image-1925\" srcset=\"https:\/\/dominicanhealth.de\/wp-content\/uploads\/2025\/12\/Bild4.jpg 333w, https:\/\/dominicanhealth.de\/wp-content\/uploads\/2025\/12\/Bild4-226x300.jpg 226w\" sizes=\"auto, (max-width: 333px) 100vw, 333px\" \/><\/figure>\n\n\n\n<figure class=\"wp-block-image size-large\"><img loading=\"lazy\" decoding=\"async\" width=\"334\" height=\"446\" data-id=\"1924\" src=\"https:\/\/dominicanhealth.de\/wp-content\/uploads\/2025\/12\/Bild3.jpg\" alt=\"\" class=\"wp-image-1924\" srcset=\"https:\/\/dominicanhealth.de\/wp-content\/uploads\/2025\/12\/Bild3.jpg 334w, https:\/\/dominicanhealth.de\/wp-content\/uploads\/2025\/12\/Bild3-225x300.jpg 225w\" sizes=\"auto, (max-width: 334px) 100vw, 334px\" \/><\/figure>\n\n\n\n<figure class=\"wp-block-image size-large\"><img loading=\"lazy\" decoding=\"async\" width=\"594\" height=\"446\" data-id=\"1923\" src=\"https:\/\/dominicanhealth.de\/wp-content\/uploads\/2025\/12\/Bild2.jpg\" alt=\"\" class=\"wp-image-1923\" srcset=\"https:\/\/dominicanhealth.de\/wp-content\/uploads\/2025\/12\/Bild2.jpg 594w, https:\/\/dominicanhealth.de\/wp-content\/uploads\/2025\/12\/Bild2-300x225.jpg 300w\" sizes=\"auto, (max-width: 594px) 100vw, 594px\" \/><\/figure>\n<\/figure>\n\n\n\n<p>Dar\u00fcber hinaus wurden das Pflegeheim Paz y Esperanza sowie die Pflege-WGs in Montellano und Sosua regelm\u00e4\u00dfig besucht. Viele der dort lebenden Menschen sind gesundheitlich schwer beeintr\u00e4chtigt und verf\u00fcgen \u00fcber keine eigenen Mittel. Durch regelm\u00e4\u00dfige Kontrollen, pflegerische Unterst\u00fctzung und die Bereitstellung von Materialien konnte die Lebensqualit\u00e4t vieler Bewohnerinnen und Bewohner sp\u00fcrbar verbessert werden.<\/p>\n\n\n\n<figure class=\"wp-block-gallery has-nested-images columns-default is-cropped wp-block-gallery-4 is-layout-flex wp-block-gallery-is-layout-flex\">\n<figure class=\"wp-block-image size-large\"><img loading=\"lazy\" decoding=\"async\" width=\"723\" height=\"964\" data-id=\"1946\" src=\"https:\/\/dominicanhealth.de\/wp-content\/uploads\/2025\/12\/Bild26.png\" alt=\"\" class=\"wp-image-1946\" srcset=\"https:\/\/dominicanhealth.de\/wp-content\/uploads\/2025\/12\/Bild26.png 723w, https:\/\/dominicanhealth.de\/wp-content\/uploads\/2025\/12\/Bild26-225x300.png 225w\" sizes=\"auto, (max-width: 723px) 100vw, 723px\" \/><\/figure>\n\n\n\n<figure class=\"wp-block-image size-large\"><img loading=\"lazy\" decoding=\"async\" width=\"725\" height=\"967\" data-id=\"1947\" src=\"https:\/\/dominicanhealth.de\/wp-content\/uploads\/2025\/12\/Bild27.png\" alt=\"\" class=\"wp-image-1947\" srcset=\"https:\/\/dominicanhealth.de\/wp-content\/uploads\/2025\/12\/Bild27.png 725w, https:\/\/dominicanhealth.de\/wp-content\/uploads\/2025\/12\/Bild27-225x300.png 225w\" sizes=\"auto, (max-width: 725px) 100vw, 725px\" \/><\/figure>\n\n\n\n<figure class=\"wp-block-image size-large\"><img loading=\"lazy\" decoding=\"async\" width=\"719\" height=\"959\" data-id=\"1948\" src=\"https:\/\/dominicanhealth.de\/wp-content\/uploads\/2025\/12\/Bild28.jpg\" alt=\"\" class=\"wp-image-1948\" srcset=\"https:\/\/dominicanhealth.de\/wp-content\/uploads\/2025\/12\/Bild28.jpg 719w, https:\/\/dominicanhealth.de\/wp-content\/uploads\/2025\/12\/Bild28-225x300.jpg 225w\" sizes=\"auto, (max-width: 719px) 100vw, 719px\" \/><\/figure>\n\n\n\n<figure class=\"wp-block-image size-large\"><img loading=\"lazy\" decoding=\"async\" width=\"1024\" height=\"577\" data-id=\"1949\" src=\"https:\/\/dominicanhealth.de\/wp-content\/uploads\/2025\/12\/Bild29-1024x577.jpg\" alt=\"\" class=\"wp-image-1949\" srcset=\"https:\/\/dominicanhealth.de\/wp-content\/uploads\/2025\/12\/Bild29-1024x577.jpg 1024w, https:\/\/dominicanhealth.de\/wp-content\/uploads\/2025\/12\/Bild29-300x169.jpg 300w, https:\/\/dominicanhealth.de\/wp-content\/uploads\/2025\/12\/Bild29-768x433.jpg 768w, https:\/\/dominicanhealth.de\/wp-content\/uploads\/2025\/12\/Bild29-520x293.jpg 520w, https:\/\/dominicanhealth.de\/wp-content\/uploads\/2025\/12\/Bild29-1280x721.jpg 1280w, https:\/\/dominicanhealth.de\/wp-content\/uploads\/2025\/12\/Bild29.jpg 1472w\" sizes=\"auto, (max-width: 1024px) 100vw, 1024px\" \/><\/figure>\n<\/figure>\n\n\n\n<p><br>Im M\u00e4rz reiste eine Gruppe aus Vereinsmitgliedern und Kooperationspartnern in die Dominikanische Republik. W\u00e4hrend einer intensiven Woche besichtigten sie das Gesundheitszentrum, beteiligten sich an Operativos, tauschten sich mit Pflegeeinrichtungen aus und erhielten Einblicke in das Gesundheitssystem in Puerto Plata und Santiago. Diese Besuche tragen dazu bei, Bed\u00fcrfnisse vor Ort besser zu verstehen und Projekte gemeinsam weiterzuentwickeln.<br><\/p>\n\n\n\n<figure class=\"wp-block-gallery has-nested-images columns-default is-cropped wp-block-gallery-5 is-layout-flex wp-block-gallery-is-layout-flex\">\n<figure class=\"wp-block-image size-large\"><img loading=\"lazy\" decoding=\"async\" width=\"482\" height=\"643\" data-id=\"1937\" src=\"https:\/\/dominicanhealth.de\/wp-content\/uploads\/2025\/12\/Bild17.jpg\" alt=\"\" class=\"wp-image-1937\" srcset=\"https:\/\/dominicanhealth.de\/wp-content\/uploads\/2025\/12\/Bild17.jpg 482w, https:\/\/dominicanhealth.de\/wp-content\/uploads\/2025\/12\/Bild17-225x300.jpg 225w\" sizes=\"auto, (max-width: 482px) 100vw, 482px\" \/><\/figure>\n\n\n\n<figure class=\"wp-block-image size-large\"><img loading=\"lazy\" decoding=\"async\" width=\"356\" height=\"422\" data-id=\"1928\" src=\"https:\/\/dominicanhealth.de\/wp-content\/uploads\/2025\/12\/Bild7.jpg\" alt=\"\" class=\"wp-image-1928\" srcset=\"https:\/\/dominicanhealth.de\/wp-content\/uploads\/2025\/12\/Bild7.jpg 356w, https:\/\/dominicanhealth.de\/wp-content\/uploads\/2025\/12\/Bild7-253x300.jpg 253w\" sizes=\"auto, (max-width: 356px) 100vw, 356px\" \/><\/figure>\n\n\n\n<figure class=\"wp-block-image size-large\"><img loading=\"lazy\" decoding=\"async\" width=\"317\" height=\"423\" data-id=\"1927\" src=\"https:\/\/dominicanhealth.de\/wp-content\/uploads\/2025\/12\/Bild6.jpg\" alt=\"\" class=\"wp-image-1927\" srcset=\"https:\/\/dominicanhealth.de\/wp-content\/uploads\/2025\/12\/Bild6.jpg 317w, https:\/\/dominicanhealth.de\/wp-content\/uploads\/2025\/12\/Bild6-225x300.jpg 225w\" sizes=\"auto, (max-width: 317px) 100vw, 317px\" \/><\/figure>\n<\/figure>\n\n\n\n<p><br>Im September folgte eine Reise von neun Studierenden der HFU. Sie lernten die Arbeit in Pflege-WGs, die Herausforderungen der Gemeinden, das Gesundheitswesen in Santiago und die Situation vieler Familien vor Ort kennen. F\u00fcr die Studierenden war dies eine pr\u00e4gende Erfahrung, die interkulturelle Kompetenzen st\u00e4rkte und das Verst\u00e4ndnis f\u00fcr globale Gesundheitsthemen erweiterte.<br><\/p>\n\n\n\n<figure class=\"wp-block-image size-large\"><img loading=\"lazy\" decoding=\"async\" width=\"1024\" height=\"725\" src=\"https:\/\/dominicanhealth.de\/wp-content\/uploads\/2025\/12\/Bild30-1024x725.png\" alt=\"\" class=\"wp-image-1950\" srcset=\"https:\/\/dominicanhealth.de\/wp-content\/uploads\/2025\/12\/Bild30-1024x725.png 1024w, https:\/\/dominicanhealth.de\/wp-content\/uploads\/2025\/12\/Bild30-300x212.png 300w, https:\/\/dominicanhealth.de\/wp-content\/uploads\/2025\/12\/Bild30-768x544.png 768w, https:\/\/dominicanhealth.de\/wp-content\/uploads\/2025\/12\/Bild30-1280x907.png 1280w, https:\/\/dominicanhealth.de\/wp-content\/uploads\/2025\/12\/Bild30.png 1436w\" sizes=\"auto, (max-width: 1024px) 100vw, 1024px\" \/><\/figure>\n\n\n\n<p>Die Zusammenarbeit mit dem Projekt CISAMA in Santiago wurde weiter vertieft. Besonders beeindruckend war der Besuch der Pflegeschule, in der Jugendliche aus einem der \u00e4rmsten Stadtteile auf eine berufliche Zukunft im Gesundheitswesen vorbereitet werden. Die Sch\u00fclerinnen pr\u00e4sentierten praktische \u00dcbungen und zeigten, wie sie bereits im ersten Ausbildungsjahr wichtige pflegerische Kompetenzen entwickeln.<\/p>\n\n\n\n<figure class=\"wp-block-gallery has-nested-images columns-default is-cropped wp-block-gallery-6 is-layout-flex wp-block-gallery-is-layout-flex\">\n<figure class=\"wp-block-image size-large\"><img loading=\"lazy\" decoding=\"async\" width=\"482\" height=\"261\" data-id=\"1951\" src=\"https:\/\/dominicanhealth.de\/wp-content\/uploads\/2025\/12\/Bild31.jpg\" alt=\"\" class=\"wp-image-1951\" srcset=\"https:\/\/dominicanhealth.de\/wp-content\/uploads\/2025\/12\/Bild31.jpg 482w, https:\/\/dominicanhealth.de\/wp-content\/uploads\/2025\/12\/Bild31-300x162.jpg 300w\" sizes=\"auto, (max-width: 482px) 100vw, 482px\" \/><\/figure>\n\n\n\n<figure class=\"wp-block-image size-large\"><img loading=\"lazy\" decoding=\"async\" width=\"234\" height=\"317\" data-id=\"1952\" src=\"https:\/\/dominicanhealth.de\/wp-content\/uploads\/2025\/12\/Bild32.jpg\" alt=\"\" class=\"wp-image-1952\" srcset=\"https:\/\/dominicanhealth.de\/wp-content\/uploads\/2025\/12\/Bild32.jpg 234w, https:\/\/dominicanhealth.de\/wp-content\/uploads\/2025\/12\/Bild32-221x300.jpg 221w\" sizes=\"auto, (max-width: 234px) 100vw, 234px\" \/><\/figure>\n\n\n\n<figure class=\"wp-block-image size-large\"><img loading=\"lazy\" decoding=\"async\" width=\"317\" height=\"421\" data-id=\"1953\" src=\"https:\/\/dominicanhealth.de\/wp-content\/uploads\/2025\/12\/Bild33.jpg\" alt=\"\" class=\"wp-image-1953\" srcset=\"https:\/\/dominicanhealth.de\/wp-content\/uploads\/2025\/12\/Bild33.jpg 317w, https:\/\/dominicanhealth.de\/wp-content\/uploads\/2025\/12\/Bild33-226x300.jpg 226w\" sizes=\"auto, (max-width: 317px) 100vw, 317px\" \/><\/figure>\n\n\n\n<figure class=\"wp-block-image size-large\"><img loading=\"lazy\" decoding=\"async\" width=\"463\" height=\"438\" data-id=\"1954\" src=\"https:\/\/dominicanhealth.de\/wp-content\/uploads\/2025\/12\/Bild34.jpg\" alt=\"\" class=\"wp-image-1954\" srcset=\"https:\/\/dominicanhealth.de\/wp-content\/uploads\/2025\/12\/Bild34.jpg 463w, https:\/\/dominicanhealth.de\/wp-content\/uploads\/2025\/12\/Bild34-300x284.jpg 300w\" sizes=\"auto, (max-width: 463px) 100vw, 463px\" \/><\/figure>\n<\/figure>\n\n\n\n<p><br>Durch zahlreiche Spendenaktionen \u2014 darunter Weihnachtsmarktst\u00e4nde, das Herbstfest in Leonberg, ein Solidarit\u00e4tsessen in Lauffen, Garagenverk\u00e4ufe und eine Karibikparty an der Hochschule Furtwangen \u2014 konnten auch 2025 wichtige Mittel gesammelt werden. Diese Aktionen sind ein wesentlicher Pfeiler unserer Projektarbeit und zeigen das gro\u00dfe Engagement vieler Unterst\u00fctzerinnen und Unterst\u00fctzer.<\/p>\n\n\n\n<figure class=\"wp-block-gallery has-nested-images columns-default is-cropped wp-block-gallery-7 is-layout-flex wp-block-gallery-is-layout-flex\">\n<figure class=\"wp-block-image size-large\"><img loading=\"lazy\" decoding=\"async\" width=\"1024\" height=\"576\" data-id=\"1959\" src=\"https:\/\/dominicanhealth.de\/wp-content\/uploads\/2025\/12\/Bild39-1024x576.png\" alt=\"\" class=\"wp-image-1959\" srcset=\"https:\/\/dominicanhealth.de\/wp-content\/uploads\/2025\/12\/Bild39-1024x576.png 1024w, https:\/\/dominicanhealth.de\/wp-content\/uploads\/2025\/12\/Bild39-300x169.png 300w, https:\/\/dominicanhealth.de\/wp-content\/uploads\/2025\/12\/Bild39-768x432.png 768w, https:\/\/dominicanhealth.de\/wp-content\/uploads\/2025\/12\/Bild39-520x293.png 520w, https:\/\/dominicanhealth.de\/wp-content\/uploads\/2025\/12\/Bild39.png 1201w\" sizes=\"auto, (max-width: 1024px) 100vw, 1024px\" \/><\/figure>\n\n\n\n<figure class=\"wp-block-image size-large\"><img loading=\"lazy\" decoding=\"async\" width=\"1024\" height=\"573\" data-id=\"1958\" src=\"https:\/\/dominicanhealth.de\/wp-content\/uploads\/2025\/12\/Bild38-1024x573.png\" alt=\"\" class=\"wp-image-1958\" srcset=\"https:\/\/dominicanhealth.de\/wp-content\/uploads\/2025\/12\/Bild38-1024x573.png 1024w, https:\/\/dominicanhealth.de\/wp-content\/uploads\/2025\/12\/Bild38-300x168.png 300w, https:\/\/dominicanhealth.de\/wp-content\/uploads\/2025\/12\/Bild38-768x430.png 768w, https:\/\/dominicanhealth.de\/wp-content\/uploads\/2025\/12\/Bild38-1280x716.png 1280w, https:\/\/dominicanhealth.de\/wp-content\/uploads\/2025\/12\/Bild38.png 1357w\" sizes=\"auto, (max-width: 1024px) 100vw, 1024px\" \/><\/figure>\n\n\n\n<figure class=\"wp-block-image size-large\"><img loading=\"lazy\" decoding=\"async\" width=\"1024\" height=\"515\" data-id=\"1957\" src=\"https:\/\/dominicanhealth.de\/wp-content\/uploads\/2025\/12\/Bild37-1024x515.png\" alt=\"\" class=\"wp-image-1957\" srcset=\"https:\/\/dominicanhealth.de\/wp-content\/uploads\/2025\/12\/Bild37-1024x515.png 1024w, https:\/\/dominicanhealth.de\/wp-content\/uploads\/2025\/12\/Bild37-300x151.png 300w, https:\/\/dominicanhealth.de\/wp-content\/uploads\/2025\/12\/Bild37-768x386.png 768w, https:\/\/dominicanhealth.de\/wp-content\/uploads\/2025\/12\/Bild37.png 1109w\" sizes=\"auto, (max-width: 1024px) 100vw, 1024px\" \/><\/figure>\n\n\n\n<figure class=\"wp-block-image size-large\"><img loading=\"lazy\" decoding=\"async\" width=\"589\" height=\"441\" data-id=\"1941\" src=\"https:\/\/dominicanhealth.de\/wp-content\/uploads\/2025\/12\/Bild21.jpg\" alt=\"\" class=\"wp-image-1941\" srcset=\"https:\/\/dominicanhealth.de\/wp-content\/uploads\/2025\/12\/Bild21.jpg 589w, https:\/\/dominicanhealth.de\/wp-content\/uploads\/2025\/12\/Bild21-300x225.jpg 300w\" sizes=\"auto, (max-width: 589px) 100vw, 589px\" \/><\/figure>\n\n\n\n<figure class=\"wp-block-image size-large\"><img loading=\"lazy\" decoding=\"async\" width=\"497\" height=\"373\" data-id=\"1939\" src=\"https:\/\/dominicanhealth.de\/wp-content\/uploads\/2025\/12\/Bild19.jpg\" alt=\"\" class=\"wp-image-1939\" srcset=\"https:\/\/dominicanhealth.de\/wp-content\/uploads\/2025\/12\/Bild19.jpg 497w, https:\/\/dominicanhealth.de\/wp-content\/uploads\/2025\/12\/Bild19-300x225.jpg 300w\" sizes=\"auto, (max-width: 497px) 100vw, 497px\" \/><\/figure>\n\n\n\n<figure class=\"wp-block-image size-large\"><img loading=\"lazy\" decoding=\"async\" width=\"494\" height=\"370\" data-id=\"1940\" src=\"https:\/\/dominicanhealth.de\/wp-content\/uploads\/2025\/12\/Bild20.jpg\" alt=\"\" class=\"wp-image-1940\" srcset=\"https:\/\/dominicanhealth.de\/wp-content\/uploads\/2025\/12\/Bild20.jpg 494w, https:\/\/dominicanhealth.de\/wp-content\/uploads\/2025\/12\/Bild20-300x225.jpg 300w\" sizes=\"auto, (max-width: 494px) 100vw, 494px\" \/><\/figure>\n<\/figure>\n\n\n\n<p><br>Ein besonders wertvoller Beitrag war die gro\u00dfe Sachspende aus der ehemaligen Kinderklinik der Universit\u00e4tsklinik Freiburg. Ehrenamtliche halfen, die umfangreichen Materialien zu sortieren und in einem Container einzulagern. Die Vorbereitung des Transports l\u00e4uft, sodass die Ausstattung im kommenden Jahr in Puerto Plata eingesetzt werden kann.<\/p>\n\n\n\n<figure class=\"wp-block-gallery has-nested-images columns-default is-cropped wp-block-gallery-8 is-layout-flex wp-block-gallery-is-layout-flex\">\n<figure class=\"wp-block-image size-large\"><img loading=\"lazy\" decoding=\"async\" width=\"469\" height=\"834\" data-id=\"1955\" src=\"https:\/\/dominicanhealth.de\/wp-content\/uploads\/2025\/12\/Bild35.png\" alt=\"\" class=\"wp-image-1955\" srcset=\"https:\/\/dominicanhealth.de\/wp-content\/uploads\/2025\/12\/Bild35.png 469w, https:\/\/dominicanhealth.de\/wp-content\/uploads\/2025\/12\/Bild35-169x300.png 169w\" sizes=\"auto, (max-width: 469px) 100vw, 469px\" \/><\/figure>\n\n\n\n<figure class=\"wp-block-image size-large\"><img loading=\"lazy\" decoding=\"async\" width=\"621\" height=\"828\" data-id=\"1956\" src=\"https:\/\/dominicanhealth.de\/wp-content\/uploads\/2025\/12\/Bild36.png\" alt=\"\" class=\"wp-image-1956\" srcset=\"https:\/\/dominicanhealth.de\/wp-content\/uploads\/2025\/12\/Bild36.png 621w, https:\/\/dominicanhealth.de\/wp-content\/uploads\/2025\/12\/Bild36-225x300.png 225w\" sizes=\"auto, (max-width: 621px) 100vw, 621px\" \/><\/figure>\n<\/figure>\n\n\n\n<p>Ein besonderer Dank gilt der WSS AKTIV BERATEN GmbH &amp; Co. KG aus Rottweil, die unsere Arbeit im Dezember 2025 mit einer gro\u00dfz\u00fcgigen Spende in H\u00f6he von 2.500 \u20ac unterst\u00fctzt hat. Durch diesen Beitrag werden wir wichtige Ma\u00dfnahmen in der Gesundheitsversorgung und Gemeindearbeit in der Dominikanischen Republik vorantreiben und umsetzen k\u00f6nnen. Wir bedanken uns herzlich f\u00fcr das Vertrauen und die Unterst\u00fctzung.<\/p>\n\n\n\n<figure class=\"wp-block-image size-large\"><img loading=\"lazy\" decoding=\"async\" width=\"768\" height=\"1024\" src=\"https:\/\/dominicanhealth.de\/wp-content\/uploads\/2026\/01\/2025_12_12-Spende-Dominican-Health-Care-Kopie-768x1024.jpg\" alt=\"\" class=\"wp-image-1971\" srcset=\"https:\/\/dominicanhealth.de\/wp-content\/uploads\/2026\/01\/2025_12_12-Spende-Dominican-Health-Care-Kopie-768x1024.jpg 768w, https:\/\/dominicanhealth.de\/wp-content\/uploads\/2026\/01\/2025_12_12-Spende-Dominican-Health-Care-Kopie-225x300.jpg 225w, https:\/\/dominicanhealth.de\/wp-content\/uploads\/2026\/01\/2025_12_12-Spende-Dominican-Health-Care-Kopie-1152x1536.jpg 1152w, https:\/\/dominicanhealth.de\/wp-content\/uploads\/2026\/01\/2025_12_12-Spende-Dominican-Health-Care-Kopie-1536x2048.jpg 1536w, https:\/\/dominicanhealth.de\/wp-content\/uploads\/2026\/01\/2025_12_12-Spende-Dominican-Health-Care-Kopie-1280x1707.jpg 1280w, https:\/\/dominicanhealth.de\/wp-content\/uploads\/2026\/01\/2025_12_12-Spende-Dominican-Health-Care-Kopie-scaled.jpg 1920w\" sizes=\"auto, (max-width: 768px) 100vw, 768px\" \/><\/figure>\n\n\n\n<p>Der Verein ist auch 2025 weitergewachsen und z\u00e4hlt nun 66 Mitglieder. Die kontinuierliche Unterst\u00fctzung durch Mitglieder, F\u00f6rderer und Partner erm\u00f6glicht es, die Projekte nachhaltig auszubauen und immer mehr Menschen zu erreichen.<\/p>\n","protected":false},"excerpt":{"rendered":"<p>Auch 2025 war das Gesundheitszentrum von Milton Moronta eine zentrale Anlaufstelle f\u00fcr viele Menschen in Puerto Plata. Die medizinische Versorgung wurde kontinuierlich ausgebaut, und neben der&#46;&#46;&#46;<\/p>\n","protected":false},"author":1,"featured_media":0,"parent":0,"menu_order":0,"comment_status":"closed","ping_status":"closed","template":"","meta":{"footnotes":""},"class_list":["post-1921","page","type-page","status-publish","hentry"],"translation":{"provider":"WPGlobus","version":"3.0.2","language":"en","enabled_languages":["de","en","es"],"languages":{"de":{"title":true,"content":true,"excerpt":false},"en":{"title":false,"content":false,"excerpt":false},"es":{"title":false,"content":false,"excerpt":false}}},"_links":{"self":[{"href":"https:\/\/dominicanhealth.de\/en\/wp-json\/wp\/v2\/pages\/1921","targetHints":{"allow":["GET"]}}],"collection":[{"href":"https:\/\/dominicanhealth.de\/en\/wp-json\/wp\/v2\/pages"}],"about":[{"href":"https:\/\/dominicanhealth.de\/en\/wp-json\/wp\/v2\/types\/page"}],"author":[{"embeddable":true,"href":"https:\/\/dominicanhealth.de\/en\/wp-json\/wp\/v2\/users\/1"}],"replies":[{"embeddable":true,"href":"https:\/\/dominicanhealth.de\/en\/wp-json\/wp\/v2\/comments?post=1921"}],"version-history":[{"count":2,"href":"https:\/\/dominicanhealth.de\/en\/wp-json\/wp\/v2\/pages\/1921\/revisions"}],"predecessor-version":[{"id":1972,"href":"https:\/\/dominicanhealth.de\/en\/wp-json\/wp\/v2\/pages\/1921\/revisions\/1972"}],"wp:attachment":[{"href":"https:\/\/dominicanhealth.de\/en\/wp-json\/wp\/v2\/media?parent=1921"}],"curies":[{"name":"wp","href":"https:\/\/api.w.org\/{rel}","templated":true}]}}