{"id":1909,"date":"2025-01-14T15:15:05","date_gmt":"2025-01-14T14:15:05","guid":{"rendered":"https:\/\/dominicanhealth.de\/?page_id=1909"},"modified":"2025-01-14T15:15:05","modified_gmt":"2025-01-14T14:15:05","slug":"engagement-global","status":"publish","type":"page","link":"https:\/\/dominicanhealth.de\/en\/engagement-global\/","title":{"rendered":"Engagement Global"},"content":{"rendered":"\n<p>Engagement Global ist ein Partner f\u00fcr entwicklungspolitisches Engagement und eine zentrale Anlaufstelle in Deutschland f\u00fcr die Vielfalt entwicklungspolitischen Engagements sowie der Informations- und Bildungsarbeit in diesem Bereich. Engagement Global b\u00fcndelt unter ihrem Dach Angebote, die das Engagement von Vereinen weltweit wirksam machen. Engagement Global informiert und ber\u00e4t Einzelpersonen, Zivilgesellschaft, Kommunen, Schulen, Wirtschaft und Stiftungen zu entwicklungspolitischen Vorhaben und f\u00f6rdert diese finanziell. Engagement Global qualifiziert bedarfsgerecht, verbindet Menschen und Institutionen miteinander und unterst\u00fctzt zivilgesellschaftliches, schulisches und kommunales Engagement. <a href=\"https:\/\/www.engagement-global.de\/de\/\">https:\/\/www.engagement-global.de\/de\/<\/a><\/p>\n\n\n\n<p>Im August 2019 hatte sich durch die Schlie\u00dfung der Pflegeheims Stahlbad in Freiburg die Gelegenheit ergeben diverse Einrichtungsgegenst\u00e4nde als Spende f\u00fcr Puerto Plata zu erhalten. Zus\u00e4tzlich konnten noch diverse Verbrauchsmaterialien aus der Uniklinik Freiburg dazu gesteuert werden. In einer gro\u00dfen Umzugsaktion wurde alles im Marienhaus Freiburg abgeholt und in einem 40\u2018 \u00dcbersee-Container in Emmendingen zwischengelagert.<\/p>\n\n\n\n<p>Der Transport in die Dominikanische Republik war m\u00f6glich geworden, weil unser Antrag auf Transportkostenzuschuss bei <strong>Engagement Global<\/strong> mit \u00fcber 4000.-\u20ac bewilligt wurde.<\/p>\n\n\n\n<figure class=\"wp-block-gallery has-nested-images columns-default is-cropped wp-block-gallery-1 is-layout-flex wp-block-gallery-is-layout-flex\">\n<figure class=\"wp-block-image size-large\"><img loading=\"lazy\" decoding=\"async\" width=\"949\" height=\"710\" data-id=\"1710\" src=\"https:\/\/dominicanhealth.de\/wp-content\/uploads\/2024\/12\/Bild24.png\" alt=\"\" class=\"wp-image-1710\" srcset=\"https:\/\/dominicanhealth.de\/wp-content\/uploads\/2024\/12\/Bild24.png 949w, https:\/\/dominicanhealth.de\/wp-content\/uploads\/2024\/12\/Bild24-300x224.png 300w, https:\/\/dominicanhealth.de\/wp-content\/uploads\/2024\/12\/Bild24-768x575.png 768w\" sizes=\"auto, (max-width: 949px) 100vw, 949px\" \/><\/figure>\n\n\n\n<figure class=\"wp-block-image size-large\"><img loading=\"lazy\" decoding=\"async\" width=\"271\" height=\"182\" data-id=\"1707\" src=\"https:\/\/dominicanhealth.de\/wp-content\/uploads\/2024\/12\/Bild27.png\" alt=\"\" class=\"wp-image-1707\"\/><\/figure>\n\n\n\n<figure class=\"wp-block-image size-large\"><img loading=\"lazy\" decoding=\"async\" width=\"278\" height=\"185\" data-id=\"1708\" src=\"https:\/\/dominicanhealth.de\/wp-content\/uploads\/2024\/12\/Bild26.png\" alt=\"\" class=\"wp-image-1708\"\/><\/figure>\n\n\n\n<figure class=\"wp-block-image size-large\"><img loading=\"lazy\" decoding=\"async\" width=\"953\" height=\"715\" data-id=\"1709\" src=\"https:\/\/dominicanhealth.de\/wp-content\/uploads\/2024\/12\/Bild25.png\" alt=\"\" class=\"wp-image-1709\" srcset=\"https:\/\/dominicanhealth.de\/wp-content\/uploads\/2024\/12\/Bild25.png 953w, https:\/\/dominicanhealth.de\/wp-content\/uploads\/2024\/12\/Bild25-300x225.png 300w, https:\/\/dominicanhealth.de\/wp-content\/uploads\/2024\/12\/Bild25-768x576.png 768w\" sizes=\"auto, (max-width: 953px) 100vw, 953px\" \/><\/figure>\n<\/figure>\n\n\n\n<p>Zum Jahresbeging 2020 war der Container mit Hilfsmitteln endlich nach langer und beschwerlicher Reise in Puerto Plata eingetroffen. Neben 16 Krankenhausbetten konnten diverse M\u00f6bel und medizinische Hilfsmitten wohlbehalten entladen und direkt ins Gesundheitszentrum transportiert werden.<\/p>\n\n\n\n<figure class=\"wp-block-gallery has-nested-images columns-default is-cropped wp-block-gallery-2 is-layout-flex wp-block-gallery-is-layout-flex\">\n<figure class=\"wp-block-image size-large\"><img loading=\"lazy\" decoding=\"async\" width=\"1024\" height=\"767\" data-id=\"1741\" src=\"https:\/\/dominicanhealth.de\/wp-content\/uploads\/2024\/12\/Bild43-1024x767.png\" alt=\"\" class=\"wp-image-1741\" srcset=\"https:\/\/dominicanhealth.de\/wp-content\/uploads\/2024\/12\/Bild43-1024x767.png 1024w, https:\/\/dominicanhealth.de\/wp-content\/uploads\/2024\/12\/Bild43-300x225.png 300w, https:\/\/dominicanhealth.de\/wp-content\/uploads\/2024\/12\/Bild43-768x576.png 768w, https:\/\/dominicanhealth.de\/wp-content\/uploads\/2024\/12\/Bild43-1280x959.png 1280w, https:\/\/dominicanhealth.de\/wp-content\/uploads\/2024\/12\/Bild43.png 1293w\" sizes=\"auto, (max-width: 1024px) 100vw, 1024px\" \/><\/figure>\n\n\n\n<figure class=\"wp-block-image size-large\"><img loading=\"lazy\" decoding=\"async\" width=\"729\" height=\"975\" data-id=\"1740\" src=\"https:\/\/dominicanhealth.de\/wp-content\/uploads\/2024\/12\/Bild44.png\" alt=\"\" class=\"wp-image-1740\" srcset=\"https:\/\/dominicanhealth.de\/wp-content\/uploads\/2024\/12\/Bild44.png 729w, https:\/\/dominicanhealth.de\/wp-content\/uploads\/2024\/12\/Bild44-224x300.png 224w\" sizes=\"auto, (max-width: 729px) 100vw, 729px\" \/><\/figure>\n\n\n\n<figure class=\"wp-block-image size-large\"><img loading=\"lazy\" decoding=\"async\" width=\"490\" height=\"871\" data-id=\"1739\" src=\"https:\/\/dominicanhealth.de\/wp-content\/uploads\/2024\/12\/Bild45.png\" alt=\"\" class=\"wp-image-1739\" srcset=\"https:\/\/dominicanhealth.de\/wp-content\/uploads\/2024\/12\/Bild45.png 490w, https:\/\/dominicanhealth.de\/wp-content\/uploads\/2024\/12\/Bild45-169x300.png 169w\" sizes=\"auto, (max-width: 490px) 100vw, 490px\" \/><\/figure>\n<\/figure>\n","protected":false},"excerpt":{"rendered":"<p>Engagement Global ist ein Partner f\u00fcr entwicklungspolitisches Engagement und eine zentrale Anlaufstelle in Deutschland f\u00fcr die Vielfalt entwicklungspolitischen Engagements sowie der Informations- und Bildungsarbeit in diesem&#46;&#46;&#46;<\/p>\n","protected":false},"author":1,"featured_media":0,"parent":0,"menu_order":0,"comment_status":"closed","ping_status":"closed","template":"","meta":{"footnotes":""},"class_list":["post-1909","page","type-page","status-publish","hentry"],"translation":{"provider":"WPGlobus","version":"3.0.2","language":"en","enabled_languages":["de","en","es"],"languages":{"de":{"title":true,"content":true,"excerpt":false},"en":{"title":false,"content":false,"excerpt":false},"es":{"title":false,"content":false,"excerpt":false}}},"_links":{"self":[{"href":"https:\/\/dominicanhealth.de\/en\/wp-json\/wp\/v2\/pages\/1909","targetHints":{"allow":["GET"]}}],"collection":[{"href":"https:\/\/dominicanhealth.de\/en\/wp-json\/wp\/v2\/pages"}],"about":[{"href":"https:\/\/dominicanhealth.de\/en\/wp-json\/wp\/v2\/types\/page"}],"author":[{"embeddable":true,"href":"https:\/\/dominicanhealth.de\/en\/wp-json\/wp\/v2\/users\/1"}],"replies":[{"embeddable":true,"href":"https:\/\/dominicanhealth.de\/en\/wp-json\/wp\/v2\/comments?post=1909"}],"version-history":[{"count":1,"href":"https:\/\/dominicanhealth.de\/en\/wp-json\/wp\/v2\/pages\/1909\/revisions"}],"predecessor-version":[{"id":1910,"href":"https:\/\/dominicanhealth.de\/en\/wp-json\/wp\/v2\/pages\/1909\/revisions\/1910"}],"wp:attachment":[{"href":"https:\/\/dominicanhealth.de\/en\/wp-json\/wp\/v2\/media?parent=1909"}],"curies":[{"name":"wp","href":"https:\/\/api.w.org\/{rel}","templated":true}]}}