{"id":1738,"date":"2024-12-30T18:20:36","date_gmt":"2024-12-30T17:20:36","guid":{"rendered":"https:\/\/dominicanhealth.de\/?page_id=1738"},"modified":"2024-12-30T18:24:06","modified_gmt":"2024-12-30T17:24:06","slug":"highlights-in-2020","status":"publish","type":"page","link":"https:\/\/dominicanhealth.de\/en\/highlights-in-2020\/","title":{"rendered":"Highlights in 2020"},"content":{"rendered":"\n<p>Zum Jahresbeging gab es gleich ein echtes Highlight zu verk\u00fcnden: Unser Container mit Hilfsmitteln war nun endlich nach langer und beschwerlicher Reise in Puerto Plata eingetroffen. Neben 16 Krankenhausbetten konnten diverse M\u00f6bel und medizinische Hilfsmitten wohlbehalten entladen und direkt in die neue Klinik transportiert werden. Der Transport war m\u00f6glich geworden, weil unser Antrag auf Transportkostenzuschuss bei Engagement Global mit \u00fcber 4000.-\u20ac bewilligt wurde.<\/p>\n\n\n\n<figure class=\"wp-block-gallery has-nested-images columns-default is-cropped wp-block-gallery-1 is-layout-flex wp-block-gallery-is-layout-flex\">\n<figure class=\"wp-block-image size-large\"><img loading=\"lazy\" decoding=\"async\" width=\"729\" height=\"975\" data-id=\"1740\" src=\"https:\/\/dominicanhealth.de\/wp-content\/uploads\/2024\/12\/Bild44.png\" alt=\"\" class=\"wp-image-1740\" srcset=\"https:\/\/dominicanhealth.de\/wp-content\/uploads\/2024\/12\/Bild44.png 729w, https:\/\/dominicanhealth.de\/wp-content\/uploads\/2024\/12\/Bild44-224x300.png 224w\" sizes=\"auto, (max-width: 729px) 100vw, 729px\" \/><\/figure>\n\n\n\n<figure class=\"wp-block-image size-large\"><img loading=\"lazy\" decoding=\"async\" width=\"1024\" height=\"576\" data-id=\"1742\" src=\"https:\/\/dominicanhealth.de\/wp-content\/uploads\/2024\/12\/Bild46-1024x576.png\" alt=\"\" class=\"wp-image-1742\" srcset=\"https:\/\/dominicanhealth.de\/wp-content\/uploads\/2024\/12\/Bild46-1024x576.png 1024w, https:\/\/dominicanhealth.de\/wp-content\/uploads\/2024\/12\/Bild46-300x169.png 300w, https:\/\/dominicanhealth.de\/wp-content\/uploads\/2024\/12\/Bild46-768x432.png 768w, https:\/\/dominicanhealth.de\/wp-content\/uploads\/2024\/12\/Bild46-1536x865.png 1536w, https:\/\/dominicanhealth.de\/wp-content\/uploads\/2024\/12\/Bild46-520x293.png 520w, https:\/\/dominicanhealth.de\/wp-content\/uploads\/2024\/12\/Bild46-1280x721.png 1280w, https:\/\/dominicanhealth.de\/wp-content\/uploads\/2024\/12\/Bild46.png 1549w\" sizes=\"auto, (max-width: 1024px) 100vw, 1024px\" \/><\/figure>\n\n\n\n<figure class=\"wp-block-image size-large\"><img loading=\"lazy\" decoding=\"async\" width=\"490\" height=\"871\" data-id=\"1739\" src=\"https:\/\/dominicanhealth.de\/wp-content\/uploads\/2024\/12\/Bild45.png\" alt=\"\" class=\"wp-image-1739\" srcset=\"https:\/\/dominicanhealth.de\/wp-content\/uploads\/2024\/12\/Bild45.png 490w, https:\/\/dominicanhealth.de\/wp-content\/uploads\/2024\/12\/Bild45-169x300.png 169w\" sizes=\"auto, (max-width: 490px) 100vw, 490px\" \/><\/figure>\n\n\n\n<figure class=\"wp-block-image size-large\"><img loading=\"lazy\" decoding=\"async\" width=\"1024\" height=\"767\" data-id=\"1741\" src=\"https:\/\/dominicanhealth.de\/wp-content\/uploads\/2024\/12\/Bild43-1024x767.png\" alt=\"\" class=\"wp-image-1741\" srcset=\"https:\/\/dominicanhealth.de\/wp-content\/uploads\/2024\/12\/Bild43-1024x767.png 1024w, https:\/\/dominicanhealth.de\/wp-content\/uploads\/2024\/12\/Bild43-300x225.png 300w, https:\/\/dominicanhealth.de\/wp-content\/uploads\/2024\/12\/Bild43-768x576.png 768w, https:\/\/dominicanhealth.de\/wp-content\/uploads\/2024\/12\/Bild43-1280x959.png 1280w, https:\/\/dominicanhealth.de\/wp-content\/uploads\/2024\/12\/Bild43.png 1293w\" sizes=\"auto, (max-width: 1024px) 100vw, 1024px\" \/><\/figure>\n<\/figure>\n\n\n\n<p>Danach gab es allerdings wieder einen gro\u00dfen D\u00e4mpfer. Auch an unserem Verein ging die Covid-19 Pandemie nicht spurlos vorbei. S\u00e4mtliche geplante Aktivit\u00e4ten, die mit Reisen bzw. Beteiligung an Veranstaltungen verbunden waren, mussten abgesagt werden. Wir hatten urspr\u00fcnglich geplant Puerto Plata zu besuchen um vor Ort zu sehen wie weit die Arbeiten fortgeschritten sind und ob unser Material, aus dem Container gut angekommen ist. Dar\u00fcber hinaus hatten wir vor uns im Sommer an einigen Festen mit einem Stand zu beteiligen, um weitere Spenden zu sammeln. All diese Aktivit\u00e4ten mussten abgesagt werden.<\/p>\n\n\n\n<figure class=\"wp-block-gallery has-nested-images columns-default is-cropped wp-block-gallery-2 is-layout-flex wp-block-gallery-is-layout-flex\">\n<figure class=\"wp-block-image size-medium is-style-default\"><img loading=\"lazy\" decoding=\"async\" width=\"143\" height=\"300\" data-id=\"1743\" src=\"https:\/\/dominicanhealth.de\/wp-content\/uploads\/2024\/12\/Bild47-143x300.jpg\" alt=\"\" class=\"wp-image-1743\" srcset=\"https:\/\/dominicanhealth.de\/wp-content\/uploads\/2024\/12\/Bild47-143x300.jpg 143w, https:\/\/dominicanhealth.de\/wp-content\/uploads\/2024\/12\/Bild47.jpg 321w\" sizes=\"auto, (max-width: 143px) 100vw, 143px\" \/><\/figure>\n<\/figure>\n\n\n\n<p>Bei den Sanierungsarbeiten in der Klinik konnten trotzdem Fortschritte verzeichnet werden. Mit gro\u00dfem Einsatz unseres Vereinsmitglieds Joana Dittrich wurden seit M\u00e4rz weitere R\u00e4ume renoviert und der Einzug der Apotheke vorbereitet. Die Regale wurden angebracht und Joana war damit besch\u00e4ftigt alles zu reinigen und die Medikamente zu sortieren.<\/p>\n\n\n\n<figure class=\"wp-block-gallery has-nested-images columns-default is-cropped wp-block-gallery-3 is-layout-flex wp-block-gallery-is-layout-flex\">\n<figure class=\"wp-block-image size-large\"><img loading=\"lazy\" decoding=\"async\" width=\"245\" height=\"326\" data-id=\"1744\" src=\"https:\/\/dominicanhealth.de\/wp-content\/uploads\/2024\/12\/Bild48.jpg\" alt=\"\" class=\"wp-image-1744\" srcset=\"https:\/\/dominicanhealth.de\/wp-content\/uploads\/2024\/12\/Bild48.jpg 245w, https:\/\/dominicanhealth.de\/wp-content\/uploads\/2024\/12\/Bild48-225x300.jpg 225w\" sizes=\"auto, (max-width: 245px) 100vw, 245px\" \/><\/figure>\n\n\n\n<figure class=\"wp-block-image size-large\"><img loading=\"lazy\" decoding=\"async\" width=\"244\" height=\"325\" data-id=\"1749\" src=\"https:\/\/dominicanhealth.de\/wp-content\/uploads\/2024\/12\/Bild49.jpg\" alt=\"\" class=\"wp-image-1749\" srcset=\"https:\/\/dominicanhealth.de\/wp-content\/uploads\/2024\/12\/Bild49.jpg 244w, https:\/\/dominicanhealth.de\/wp-content\/uploads\/2024\/12\/Bild49-225x300.jpg 225w\" sizes=\"auto, (max-width: 244px) 100vw, 244px\" \/><\/figure>\n\n\n\n<figure class=\"wp-block-image size-large\"><img loading=\"lazy\" decoding=\"async\" width=\"249\" height=\"331\" data-id=\"1748\" src=\"https:\/\/dominicanhealth.de\/wp-content\/uploads\/2024\/12\/Bild50.jpg\" alt=\"\" class=\"wp-image-1748\" srcset=\"https:\/\/dominicanhealth.de\/wp-content\/uploads\/2024\/12\/Bild50.jpg 249w, https:\/\/dominicanhealth.de\/wp-content\/uploads\/2024\/12\/Bild50-226x300.jpg 226w\" sizes=\"auto, (max-width: 249px) 100vw, 249px\" \/><\/figure>\n\n\n\n<figure class=\"wp-block-image size-large\"><img loading=\"lazy\" decoding=\"async\" width=\"249\" height=\"334\" data-id=\"1745\" src=\"https:\/\/dominicanhealth.de\/wp-content\/uploads\/2024\/12\/Bild51.jpg\" alt=\"\" class=\"wp-image-1745\" srcset=\"https:\/\/dominicanhealth.de\/wp-content\/uploads\/2024\/12\/Bild51.jpg 249w, https:\/\/dominicanhealth.de\/wp-content\/uploads\/2024\/12\/Bild51-224x300.jpg 224w\" sizes=\"auto, (max-width: 249px) 100vw, 249px\" \/><\/figure>\n\n\n\n<figure class=\"wp-block-image size-large\"><img loading=\"lazy\" decoding=\"async\" width=\"236\" height=\"315\" data-id=\"1747\" src=\"https:\/\/dominicanhealth.de\/wp-content\/uploads\/2024\/12\/Bild52.jpg\" alt=\"\" class=\"wp-image-1747\" srcset=\"https:\/\/dominicanhealth.de\/wp-content\/uploads\/2024\/12\/Bild52.jpg 236w, https:\/\/dominicanhealth.de\/wp-content\/uploads\/2024\/12\/Bild52-225x300.jpg 225w\" sizes=\"auto, (max-width: 236px) 100vw, 236px\" \/><\/figure>\n\n\n\n<figure class=\"wp-block-image size-large\"><img loading=\"lazy\" decoding=\"async\" width=\"238\" height=\"317\" data-id=\"1746\" src=\"https:\/\/dominicanhealth.de\/wp-content\/uploads\/2024\/12\/Bild53.jpg\" alt=\"\" class=\"wp-image-1746\" srcset=\"https:\/\/dominicanhealth.de\/wp-content\/uploads\/2024\/12\/Bild53.jpg 238w, https:\/\/dominicanhealth.de\/wp-content\/uploads\/2024\/12\/Bild53-225x300.jpg 225w\" sizes=\"auto, (max-width: 238px) 100vw, 238px\" \/><\/figure>\n<\/figure>\n\n\n\n<p>Milton Moronta hat inzwischen das Erdgeschoss bezogen und die Ambulanz offiziell er\u00f6ffnet. Alle Einrichtungsgegenst\u00e4nde, die auf dem Foto zu sehen, sind stammen von der Containeraktion im Januar.<\/p>\n\n\n\n<figure class=\"wp-block-image size-full\"><img loading=\"lazy\" decoding=\"async\" width=\"435\" height=\"244\" src=\"https:\/\/dominicanhealth.de\/wp-content\/uploads\/2024\/12\/Bild54.jpg\" alt=\"\" class=\"wp-image-1750\" srcset=\"https:\/\/dominicanhealth.de\/wp-content\/uploads\/2024\/12\/Bild54.jpg 435w, https:\/\/dominicanhealth.de\/wp-content\/uploads\/2024\/12\/Bild54-300x168.jpg 300w\" sizes=\"auto, (max-width: 435px) 100vw, 435px\" \/><\/figure>\n\n\n\n<p>Der Kontakt zum Stadtviertel El Javillar, in dem ca. 8000 arme Menschen wohnen konnte weiter ausgebaut werden. Joana Dittrich unterst\u00fctzte im Rahmen ihres Praxissemesters von M\u00e4rz bis Juli bei verschiedenen Aktionen zur prim\u00e4ren Gesundheitsversorgung jugendlicher M\u00e4dchen und \u00e4lterer Bewohner.<\/p>\n\n\n\n<figure class=\"wp-block-gallery has-nested-images columns-default is-cropped wp-block-gallery-4 is-layout-flex wp-block-gallery-is-layout-flex\">\n<figure class=\"wp-block-image size-large\"><img loading=\"lazy\" decoding=\"async\" width=\"465\" height=\"348\" data-id=\"1751\" src=\"https:\/\/dominicanhealth.de\/wp-content\/uploads\/2024\/12\/Bild55.png\" alt=\"\" class=\"wp-image-1751\" srcset=\"https:\/\/dominicanhealth.de\/wp-content\/uploads\/2024\/12\/Bild55.png 465w, https:\/\/dominicanhealth.de\/wp-content\/uploads\/2024\/12\/Bild55-300x225.png 300w\" sizes=\"auto, (max-width: 465px) 100vw, 465px\" \/><\/figure>\n\n\n\n<figure class=\"wp-block-image size-large\"><img loading=\"lazy\" decoding=\"async\" width=\"648\" height=\"485\" data-id=\"1752\" src=\"https:\/\/dominicanhealth.de\/wp-content\/uploads\/2024\/12\/Bild56.png\" alt=\"\" class=\"wp-image-1752\" srcset=\"https:\/\/dominicanhealth.de\/wp-content\/uploads\/2024\/12\/Bild56.png 648w, https:\/\/dominicanhealth.de\/wp-content\/uploads\/2024\/12\/Bild56-300x225.png 300w\" sizes=\"auto, (max-width: 648px) 100vw, 648px\" \/><\/figure>\n<\/figure>\n\n\n\n<p>Und hier wieder der \u00dcberblick zu den <strong>Spendenaktionen:<\/strong><\/p>\n\n\n\n<p>In Anbetracht der sehr schwierigen Lage durch die Pandemie, was das Sammeln von finanziellen Mitteln angeht, wurden neue Ideen entwickelt. Beim 1. Deutsch-Dominikanischen Spendenmarathon wurden alle Menschen in Deutschland eingeladen symbolisch bei der Umrundung der Dominikanischen Republik in Deutschland mitzulaufen und pro gelaufene Kilometer Spenden einzusammeln. Viele Vereinsmitglieder und auch externe L\u00e4uferinnen und L\u00e4ufer haben insgesamt 1.826 km abgestrampelt und daf\u00fcr \u00fcber ihre Sponsoren 1.757,64\u20ac eingenommen. Eine tolle Leistung!<\/p>\n\n\n\n<figure class=\"wp-block-image size-large\"><img loading=\"lazy\" decoding=\"async\" width=\"1024\" height=\"537\" src=\"https:\/\/dominicanhealth.de\/wp-content\/uploads\/2024\/12\/Bild57-1024x537.png\" alt=\"\" class=\"wp-image-1753\" srcset=\"https:\/\/dominicanhealth.de\/wp-content\/uploads\/2024\/12\/Bild57-1024x537.png 1024w, https:\/\/dominicanhealth.de\/wp-content\/uploads\/2024\/12\/Bild57-300x157.png 300w, https:\/\/dominicanhealth.de\/wp-content\/uploads\/2024\/12\/Bild57-768x403.png 768w, https:\/\/dominicanhealth.de\/wp-content\/uploads\/2024\/12\/Bild57-1536x806.png 1536w, https:\/\/dominicanhealth.de\/wp-content\/uploads\/2024\/12\/Bild57-1280x671.png 1280w, https:\/\/dominicanhealth.de\/wp-content\/uploads\/2024\/12\/Bild57.png 1853w\" sizes=\"auto, (max-width: 1024px) 100vw, 1024px\" \/><\/figure>\n\n\n\n<p>Da ja leider auch kein Weihnachtsmarkt in Freiburg-Herder stattfinden konnte, haben Lucia und Peter spontan einen <strong>Selbstbedienungs-Miniweihnachtsmarkt <\/strong>am Stra\u00dfenrand eingerichtet. Hier kamen an vier Adventssonntagen stattliche 800.-\u20ac zusammen. Dar\u00fcber hinaus hat Ulrike einen <strong>Online-Weihnachtsmarkt <\/strong>organisiert, in dem Selbstgebackenes und Selbstgebasteltes angeboten wurde. In einer Gemeinschaftsaktion konnten 22 Pakete gepackt, verteilt und versendet werden. Insgesamt k\u00f6nnte hierdurch ein Erl\u00f6s von 300.-\u20ac f\u00fcr den Verein verbucht werden. \u2013 Also trotz Corona ein Erfolg beim Weihnachtsbasar!<\/p>\n\n\n\n<figure class=\"wp-block-gallery has-nested-images columns-default is-cropped wp-block-gallery-5 is-layout-flex wp-block-gallery-is-layout-flex\">\n<figure class=\"wp-block-image size-large\"><img loading=\"lazy\" decoding=\"async\" width=\"409\" height=\"306\" data-id=\"1755\" src=\"https:\/\/dominicanhealth.de\/wp-content\/uploads\/2024\/12\/Bild58.png\" alt=\"\" class=\"wp-image-1755\" srcset=\"https:\/\/dominicanhealth.de\/wp-content\/uploads\/2024\/12\/Bild58.png 409w, https:\/\/dominicanhealth.de\/wp-content\/uploads\/2024\/12\/Bild58-300x224.png 300w\" sizes=\"auto, (max-width: 409px) 100vw, 409px\" \/><\/figure>\n\n\n\n<figure class=\"wp-block-image size-large\"><img loading=\"lazy\" decoding=\"async\" width=\"334\" height=\"185\" data-id=\"1754\" src=\"https:\/\/dominicanhealth.de\/wp-content\/uploads\/2024\/12\/Bild59.png\" alt=\"\" class=\"wp-image-1754\" srcset=\"https:\/\/dominicanhealth.de\/wp-content\/uploads\/2024\/12\/Bild59.png 334w, https:\/\/dominicanhealth.de\/wp-content\/uploads\/2024\/12\/Bild59-300x166.png 300w\" sizes=\"auto, (max-width: 334px) 100vw, 334px\" \/><\/figure>\n<\/figure>\n","protected":false},"excerpt":{"rendered":"<p>Zum Jahresbeging gab es gleich ein echtes Highlight zu verk\u00fcnden: Unser Container mit Hilfsmitteln war nun endlich nach langer und beschwerlicher Reise in Puerto Plata eingetroffen.&#46;&#46;&#46;<\/p>\n","protected":false},"author":1,"featured_media":0,"parent":0,"menu_order":0,"comment_status":"closed","ping_status":"closed","template":"","meta":{"footnotes":""},"class_list":["post-1738","page","type-page","status-publish","hentry"],"translation":{"provider":"WPGlobus","version":"3.0.2","language":"en","enabled_languages":["de","en","es"],"languages":{"de":{"title":true,"content":true,"excerpt":false},"en":{"title":false,"content":false,"excerpt":false},"es":{"title":false,"content":false,"excerpt":false}}},"_links":{"self":[{"href":"https:\/\/dominicanhealth.de\/en\/wp-json\/wp\/v2\/pages\/1738","targetHints":{"allow":["GET"]}}],"collection":[{"href":"https:\/\/dominicanhealth.de\/en\/wp-json\/wp\/v2\/pages"}],"about":[{"href":"https:\/\/dominicanhealth.de\/en\/wp-json\/wp\/v2\/types\/page"}],"author":[{"embeddable":true,"href":"https:\/\/dominicanhealth.de\/en\/wp-json\/wp\/v2\/users\/1"}],"replies":[{"embeddable":true,"href":"https:\/\/dominicanhealth.de\/en\/wp-json\/wp\/v2\/comments?post=1738"}],"version-history":[{"count":2,"href":"https:\/\/dominicanhealth.de\/en\/wp-json\/wp\/v2\/pages\/1738\/revisions"}],"predecessor-version":[{"id":1759,"href":"https:\/\/dominicanhealth.de\/en\/wp-json\/wp\/v2\/pages\/1738\/revisions\/1759"}],"wp:attachment":[{"href":"https:\/\/dominicanhealth.de\/en\/wp-json\/wp\/v2\/media?parent=1738"}],"curies":[{"name":"wp","href":"https:\/\/api.w.org\/{rel}","templated":true}]}}