{"id":1701,"date":"2024-12-30T16:43:23","date_gmt":"2024-12-30T15:43:23","guid":{"rendered":"https:\/\/dominicanhealth.de\/?page_id=1701"},"modified":"2024-12-30T18:15:11","modified_gmt":"2024-12-30T17:15:11","slug":"2019-2","status":"publish","type":"page","link":"https:\/\/dominicanhealth.de\/en\/2019-2\/","title":{"rendered":"Highlights in 2019"},"content":{"rendered":"\n<figure class=\"wp-block-image size-full\"><img loading=\"lazy\" decoding=\"async\" width=\"753\" height=\"564\" src=\"https:\/\/dominicanhealth.de\/wp-content\/uploads\/2024\/12\/Bild19.png\" alt=\"\" class=\"wp-image-1702\" srcset=\"https:\/\/dominicanhealth.de\/wp-content\/uploads\/2024\/12\/Bild19.png 753w, https:\/\/dominicanhealth.de\/wp-content\/uploads\/2024\/12\/Bild19-300x225.png 300w\" sizes=\"auto, (max-width: 753px) 100vw, 753px\" \/><\/figure>\n\n\n\n<p>Milton kauft eine ehemalige Klinik die jahrelang leer stand und sehr renovierungsbed\u00fcrftig ist. Wir beschlie\u00dfen ihn bei der Renovierung zu unterst\u00fctzen.<\/p>\n\n\n\n<figure class=\"wp-block-gallery has-nested-images columns-default is-cropped wp-block-gallery-1 is-layout-flex wp-block-gallery-is-layout-flex\">\n<figure class=\"wp-block-image size-large\"><img loading=\"lazy\" decoding=\"async\" width=\"271\" height=\"360\" data-id=\"1703\" src=\"https:\/\/dominicanhealth.de\/wp-content\/uploads\/2024\/12\/Bild20.png\" alt=\"\" class=\"wp-image-1703\" srcset=\"https:\/\/dominicanhealth.de\/wp-content\/uploads\/2024\/12\/Bild20.png 271w, https:\/\/dominicanhealth.de\/wp-content\/uploads\/2024\/12\/Bild20-226x300.png 226w\" sizes=\"auto, (max-width: 271px) 100vw, 271px\" \/><\/figure>\n\n\n\n<figure class=\"wp-block-image size-large\"><img loading=\"lazy\" decoding=\"async\" width=\"482\" height=\"361\" data-id=\"1704\" src=\"https:\/\/dominicanhealth.de\/wp-content\/uploads\/2024\/12\/Bild21.png\" alt=\"\" class=\"wp-image-1704\" srcset=\"https:\/\/dominicanhealth.de\/wp-content\/uploads\/2024\/12\/Bild21.png 482w, https:\/\/dominicanhealth.de\/wp-content\/uploads\/2024\/12\/Bild21-300x225.png 300w\" sizes=\"auto, (max-width: 482px) 100vw, 482px\" \/><\/figure>\n<\/figure>\n\n\n\n<p>Lagebesprechung, es gibt viel zu tun!<\/p>\n\n\n\n<p>Eine Studiengruppe an der Hochschule Furtwangen hat sich mit der Entwicklung eines neuen Schulungskonzeptes f\u00fcr die Ausbildung junger Frauen in der Dominikanischen Republik besch\u00e4ftigt. Die Ergebnisse wurden beim Semesterabschlusstag der Hochschule pr\u00e4sentiert. Die entwickelten Poster werden in Puerto Plata eingesetzt.<\/p>\n\n\n\n<figure class=\"wp-block-gallery has-nested-images columns-default is-cropped wp-block-gallery-2 is-layout-flex wp-block-gallery-is-layout-flex\">\n<figure class=\"wp-block-image size-large\"><img loading=\"lazy\" decoding=\"async\" width=\"375\" height=\"281\" data-id=\"1705\" src=\"https:\/\/dominicanhealth.de\/wp-content\/uploads\/2024\/12\/Bild22.png\" alt=\"\" class=\"wp-image-1705\" srcset=\"https:\/\/dominicanhealth.de\/wp-content\/uploads\/2024\/12\/Bild22.png 375w, https:\/\/dominicanhealth.de\/wp-content\/uploads\/2024\/12\/Bild22-300x225.png 300w\" sizes=\"auto, (max-width: 375px) 100vw, 375px\" \/><\/figure>\n\n\n\n<figure class=\"wp-block-image size-large\"><img loading=\"lazy\" decoding=\"async\" width=\"371\" height=\"277\" data-id=\"1706\" src=\"https:\/\/dominicanhealth.de\/wp-content\/uploads\/2024\/12\/Bild23.png\" alt=\"\" class=\"wp-image-1706\" srcset=\"https:\/\/dominicanhealth.de\/wp-content\/uploads\/2024\/12\/Bild23.png 371w, https:\/\/dominicanhealth.de\/wp-content\/uploads\/2024\/12\/Bild23-300x224.png 300w\" sizes=\"auto, (max-width: 371px) 100vw, 371px\" \/><\/figure>\n<\/figure>\n\n\n\n<p>F\u00fcr die Ausstattung des der Klinik gab es im Verein gewaltige Anstrengungen finanzielle Mittel und Sachspenden zu sammeln. Am 2. August konnten gespendete Einrichtungsgegenst\u00e4nde im Pflegeheim Stahlbad, Littenweiler abgeholt werden. Zus\u00e4tzlich konnten noch diverse Verbrauchsmaterialien aus der Uniklinik Freiburg dazu gesteuert werden. In einer gro\u00dfen Umzugsaktion wurde alles im Marienhaus Freiburg abgeholt und in einem 40\u2018 \u00dcbersee-Container in Emmendingen zwischengelagert.<\/p>\n\n\n\n<figure class=\"wp-block-gallery has-nested-images columns-default is-cropped wp-block-gallery-3 is-layout-flex wp-block-gallery-is-layout-flex\">\n<figure class=\"wp-block-image size-large\"><img loading=\"lazy\" decoding=\"async\" width=\"949\" height=\"710\" data-id=\"1710\" src=\"https:\/\/dominicanhealth.de\/wp-content\/uploads\/2024\/12\/Bild24.png\" alt=\"\" class=\"wp-image-1710\" srcset=\"https:\/\/dominicanhealth.de\/wp-content\/uploads\/2024\/12\/Bild24.png 949w, https:\/\/dominicanhealth.de\/wp-content\/uploads\/2024\/12\/Bild24-300x224.png 300w, https:\/\/dominicanhealth.de\/wp-content\/uploads\/2024\/12\/Bild24-768x575.png 768w\" sizes=\"auto, (max-width: 949px) 100vw, 949px\" \/><\/figure>\n\n\n\n<figure class=\"wp-block-image size-large\"><img loading=\"lazy\" decoding=\"async\" width=\"953\" height=\"715\" data-id=\"1709\" src=\"https:\/\/dominicanhealth.de\/wp-content\/uploads\/2024\/12\/Bild25.png\" alt=\"\" class=\"wp-image-1709\" srcset=\"https:\/\/dominicanhealth.de\/wp-content\/uploads\/2024\/12\/Bild25.png 953w, https:\/\/dominicanhealth.de\/wp-content\/uploads\/2024\/12\/Bild25-300x225.png 300w, https:\/\/dominicanhealth.de\/wp-content\/uploads\/2024\/12\/Bild25-768x576.png 768w\" sizes=\"auto, (max-width: 953px) 100vw, 953px\" \/><\/figure>\n\n\n\n<figure class=\"wp-block-image size-large\"><img loading=\"lazy\" decoding=\"async\" width=\"278\" height=\"185\" data-id=\"1708\" src=\"https:\/\/dominicanhealth.de\/wp-content\/uploads\/2024\/12\/Bild26.png\" alt=\"\" class=\"wp-image-1708\"\/><\/figure>\n\n\n\n<figure class=\"wp-block-image size-large\"><img loading=\"lazy\" decoding=\"async\" width=\"271\" height=\"182\" data-id=\"1707\" src=\"https:\/\/dominicanhealth.de\/wp-content\/uploads\/2024\/12\/Bild27.png\" alt=\"\" class=\"wp-image-1707\"\/><\/figure>\n<\/figure>\n\n\n\n<p>Seit Anfang Oktober war unser Vereinsmitglied Anne G\u00f6tz im Rahmen ihres Praxissemesters bei der Fundacion Milton Moronta im Einsatz. Hier die ersten Fotos von ihrer Arbeit im Ort Las Mercedea und Viertel El Javillar.<\/p>\n\n\n\n<figure class=\"wp-block-gallery has-nested-images columns-default is-cropped wp-block-gallery-4 is-layout-flex wp-block-gallery-is-layout-flex\">\n<figure class=\"wp-block-image size-large\"><img loading=\"lazy\" decoding=\"async\" width=\"972\" height=\"724\" data-id=\"1711\" src=\"https:\/\/dominicanhealth.de\/wp-content\/uploads\/2024\/12\/Bild29.png\" alt=\"\" class=\"wp-image-1711\" srcset=\"https:\/\/dominicanhealth.de\/wp-content\/uploads\/2024\/12\/Bild29.png 972w, https:\/\/dominicanhealth.de\/wp-content\/uploads\/2024\/12\/Bild29-300x223.png 300w, https:\/\/dominicanhealth.de\/wp-content\/uploads\/2024\/12\/Bild29-768x572.png 768w\" sizes=\"auto, (max-width: 972px) 100vw, 972px\" \/><\/figure>\n\n\n\n<figure class=\"wp-block-image size-large\"><img loading=\"lazy\" decoding=\"async\" width=\"972\" height=\"725\" data-id=\"1712\" src=\"https:\/\/dominicanhealth.de\/wp-content\/uploads\/2024\/12\/Bild30.png\" alt=\"\" class=\"wp-image-1712\" srcset=\"https:\/\/dominicanhealth.de\/wp-content\/uploads\/2024\/12\/Bild30.png 972w, https:\/\/dominicanhealth.de\/wp-content\/uploads\/2024\/12\/Bild30-300x224.png 300w, https:\/\/dominicanhealth.de\/wp-content\/uploads\/2024\/12\/Bild30-768x573.png 768w\" sizes=\"auto, (max-width: 972px) 100vw, 972px\" \/><\/figure>\n<\/figure>\n\n\n\n<p>Auch bei den Sanierungsarbeiten in der Klinik konnten Fortschritte verzeichnet werden. Mit gro\u00dfem Einsatz unseres Vereinsmitglieds Anne G\u00f6tz wurden im Dezember s\u00e4mtliche R\u00e4ume entr\u00fcmpelt und gereinigt.<\/p>\n\n\n\n<figure class=\"wp-block-gallery has-nested-images columns-default is-cropped wp-block-gallery-5 is-layout-flex wp-block-gallery-is-layout-flex\">\n<figure class=\"wp-block-image size-large\"><img loading=\"lazy\" decoding=\"async\" width=\"768\" height=\"1024\" data-id=\"1726\" src=\"https:\/\/dominicanhealth.de\/wp-content\/uploads\/2024\/12\/Bild31-768x1024.png\" alt=\"\" class=\"wp-image-1726\" srcset=\"https:\/\/dominicanhealth.de\/wp-content\/uploads\/2024\/12\/Bild31-768x1023.png 768w, https:\/\/dominicanhealth.de\/wp-content\/uploads\/2024\/12\/Bild31-225x300.png 225w, https:\/\/dominicanhealth.de\/wp-content\/uploads\/2024\/12\/Bild31.png 1004w\" sizes=\"auto, (max-width: 768px) 100vw, 768px\" \/><\/figure>\n\n\n\n<figure class=\"wp-block-image size-large\"><img loading=\"lazy\" decoding=\"async\" width=\"769\" height=\"1024\" data-id=\"1725\" src=\"https:\/\/dominicanhealth.de\/wp-content\/uploads\/2024\/12\/Bild32-769x1024.png\" alt=\"\" class=\"wp-image-1725\" srcset=\"https:\/\/dominicanhealth.de\/wp-content\/uploads\/2024\/12\/Bild32-769x1024.png 769w, https:\/\/dominicanhealth.de\/wp-content\/uploads\/2024\/12\/Bild32-225x300.png 225w, https:\/\/dominicanhealth.de\/wp-content\/uploads\/2024\/12\/Bild32-768x1023.png 768w, https:\/\/dominicanhealth.de\/wp-content\/uploads\/2024\/12\/Bild32.png 1008w\" sizes=\"auto, (max-width: 769px) 100vw, 769px\" \/><\/figure>\n\n\n\n<figure class=\"wp-block-image size-large\"><img loading=\"lazy\" decoding=\"async\" width=\"1024\" height=\"768\" data-id=\"1724\" src=\"https:\/\/dominicanhealth.de\/wp-content\/uploads\/2024\/12\/Bild33-1024x768.png\" alt=\"\" class=\"wp-image-1724\" srcset=\"https:\/\/dominicanhealth.de\/wp-content\/uploads\/2024\/12\/Bild33-1024x768.png 1024w, https:\/\/dominicanhealth.de\/wp-content\/uploads\/2024\/12\/Bild33-300x225.png 300w, https:\/\/dominicanhealth.de\/wp-content\/uploads\/2024\/12\/Bild33-768x576.png 768w, https:\/\/dominicanhealth.de\/wp-content\/uploads\/2024\/12\/Bild33.png 1192w\" sizes=\"auto, (max-width: 1024px) 100vw, 1024px\" \/><\/figure>\n\n\n\n<figure class=\"wp-block-image size-large\"><img loading=\"lazy\" decoding=\"async\" width=\"674\" height=\"898\" data-id=\"1723\" src=\"https:\/\/dominicanhealth.de\/wp-content\/uploads\/2024\/12\/Bild34.png\" alt=\"\" class=\"wp-image-1723\" srcset=\"https:\/\/dominicanhealth.de\/wp-content\/uploads\/2024\/12\/Bild34.png 674w, https:\/\/dominicanhealth.de\/wp-content\/uploads\/2024\/12\/Bild34-225x300.png 225w\" sizes=\"auto, (max-width: 674px) 100vw, 674px\" \/><\/figure>\n<\/figure>\n\n\n\n<p>Zum ersten Mal fand eine gesundheitliche Erstversorgung (Operativo) in einem haitianischen Wohngebiet in Munoz in der N\u00e4he von Puerto Plata statt. Die hygienischen und Wohnverh\u00e4ltnisse sind hier sehr schlecht. Anne G\u00f6tz war auch hier mit dabei.<\/p>\n\n\n\n<figure class=\"wp-block-gallery has-nested-images columns-default is-cropped wp-block-gallery-6 is-layout-flex wp-block-gallery-is-layout-flex\">\n<figure class=\"wp-block-image size-large\"><img loading=\"lazy\" decoding=\"async\" width=\"1022\" height=\"765\" data-id=\"1730\" src=\"https:\/\/dominicanhealth.de\/wp-content\/uploads\/2024\/12\/Bild35.png\" alt=\"\" class=\"wp-image-1730\" srcset=\"https:\/\/dominicanhealth.de\/wp-content\/uploads\/2024\/12\/Bild35.png 1022w, https:\/\/dominicanhealth.de\/wp-content\/uploads\/2024\/12\/Bild35-300x225.png 300w, https:\/\/dominicanhealth.de\/wp-content\/uploads\/2024\/12\/Bild35-768x575.png 768w\" sizes=\"auto, (max-width: 1022px) 100vw, 1022px\" \/><\/figure>\n\n\n\n<figure class=\"wp-block-image size-large\"><img loading=\"lazy\" decoding=\"async\" width=\"1024\" height=\"767\" data-id=\"1729\" src=\"https:\/\/dominicanhealth.de\/wp-content\/uploads\/2024\/12\/Bild36-1024x767.png\" alt=\"\" class=\"wp-image-1729\" srcset=\"https:\/\/dominicanhealth.de\/wp-content\/uploads\/2024\/12\/Bild36-1024x767.png 1024w, https:\/\/dominicanhealth.de\/wp-content\/uploads\/2024\/12\/Bild36-300x225.png 300w, https:\/\/dominicanhealth.de\/wp-content\/uploads\/2024\/12\/Bild36-768x575.png 768w, https:\/\/dominicanhealth.de\/wp-content\/uploads\/2024\/12\/Bild36.png 1028w\" sizes=\"auto, (max-width: 1024px) 100vw, 1024px\" \/><\/figure>\n<\/figure>\n\n\n\n<p>Dar\u00fcber hinaus finden immer noch viele Schulungen f\u00fcr junge Leute statt, die wir sporadisch begleiten. Hier zwei Fotos zu einem Workshop bei dem die Teilnehmenden zu ihren aktuellen Gesundheitsproblemen und Bildungsw\u00fcnschen befragt wurden.<\/p>\n\n\n\n<figure class=\"wp-block-gallery has-nested-images columns-default is-cropped wp-block-gallery-7 is-layout-flex wp-block-gallery-is-layout-flex\">\n<figure class=\"wp-block-image size-large\"><img loading=\"lazy\" decoding=\"async\" width=\"283\" height=\"212\" data-id=\"1731\" src=\"https:\/\/dominicanhealth.de\/wp-content\/uploads\/2024\/12\/Bild37.jpg\" alt=\"\" class=\"wp-image-1731\"\/><\/figure>\n\n\n\n<figure class=\"wp-block-image size-large\"><img loading=\"lazy\" decoding=\"async\" width=\"1024\" height=\"725\" data-id=\"1732\" src=\"https:\/\/dominicanhealth.de\/wp-content\/uploads\/2024\/12\/Bild38-1024x725.png\" alt=\"\" class=\"wp-image-1732\" srcset=\"https:\/\/dominicanhealth.de\/wp-content\/uploads\/2024\/12\/Bild38-1024x725.png 1024w, https:\/\/dominicanhealth.de\/wp-content\/uploads\/2024\/12\/Bild38-300x213.png 300w, https:\/\/dominicanhealth.de\/wp-content\/uploads\/2024\/12\/Bild38-768x544.png 768w, https:\/\/dominicanhealth.de\/wp-content\/uploads\/2024\/12\/Bild38.png 1029w\" sizes=\"auto, (max-width: 1024px) 100vw, 1024px\" \/><\/figure>\n<\/figure>\n\n\n\n<p>Anne beteiligte sich auch an einer Diabetesschulung und einer Begehung zur Eind\u00e4mmung von Moskitos, die den Erreger des Deguefiebers \u00fcbertragen.<\/p>\n\n\n\n<p>Und es gab wieder einige <strong>Aktionen um Spenden einzuwerben<\/strong> und die Vereinsarbeit bekannt zu machen:<\/p>\n\n\n\n<p>Die studentischen Mitglieder haben eine Karibikparty an der Hochschule Furtwangen organisiert bei der 1.200\u20ac eingenommen werden konnten. Durch die Verkaufsaktion \u201eneue Masche\u201c konnten zus\u00e4tzlich 420 \u20ac an Spendenerl\u00f6s verbucht werden. Hier nochmals besonderen Dank an Corinna Steiner die diese Aktion organisiert hat.<\/p>\n\n\n\n<figure class=\"wp-block-gallery has-nested-images columns-default is-cropped wp-block-gallery-8 is-layout-flex wp-block-gallery-is-layout-flex\">\n<figure class=\"wp-block-image size-large\"><img loading=\"lazy\" decoding=\"async\" width=\"606\" height=\"420\" data-id=\"1733\" src=\"https:\/\/dominicanhealth.de\/wp-content\/uploads\/2024\/12\/Bild39.jpg\" alt=\"\" class=\"wp-image-1733\" srcset=\"https:\/\/dominicanhealth.de\/wp-content\/uploads\/2024\/12\/Bild39.jpg 606w, https:\/\/dominicanhealth.de\/wp-content\/uploads\/2024\/12\/Bild39-300x208.jpg 300w\" sizes=\"auto, (max-width: 606px) 100vw, 606px\" \/><\/figure>\n\n\n\n<figure class=\"wp-block-image size-large\"><img loading=\"lazy\" decoding=\"async\" width=\"1024\" height=\"609\" data-id=\"1734\" src=\"https:\/\/dominicanhealth.de\/wp-content\/uploads\/2024\/12\/Bild40-1024x609.png\" alt=\"\" class=\"wp-image-1734\" srcset=\"https:\/\/dominicanhealth.de\/wp-content\/uploads\/2024\/12\/Bild40-1024x609.png 1024w, https:\/\/dominicanhealth.de\/wp-content\/uploads\/2024\/12\/Bild40-300x179.png 300w, https:\/\/dominicanhealth.de\/wp-content\/uploads\/2024\/12\/Bild40-768x457.png 768w, https:\/\/dominicanhealth.de\/wp-content\/uploads\/2024\/12\/Bild40.png 1067w\" sizes=\"auto, (max-width: 1024px) 100vw, 1024px\" \/><\/figure>\n<\/figure>\n\n\n\n<figure class=\"wp-block-image size-full\"><img loading=\"lazy\" decoding=\"async\" width=\"387\" height=\"291\" src=\"https:\/\/dominicanhealth.de\/wp-content\/uploads\/2024\/12\/Bild28.png\" alt=\"\" class=\"wp-image-1713\" srcset=\"https:\/\/dominicanhealth.de\/wp-content\/uploads\/2024\/12\/Bild28.png 387w, https:\/\/dominicanhealth.de\/wp-content\/uploads\/2024\/12\/Bild28-300x226.png 300w\" sizes=\"auto, (max-width: 387px) 100vw, 387px\" \/><\/figure>\n\n\n\n<p>Im Oktober hat unser Verein wieder bei International Festival der Hochschule Furtwangen teilgenommen. Dieses Mal durften wir die Getr\u00e4nke verkaufen und konnten einen Spendenerl\u00f6s von 460.-Euro verbuchen!<\/p>\n\n\n\n<p>Im November und Dezember war unser Verein sehr aktiv um weitere Spenden zu sammeln. Wir hatten wieder einen Stand auf dem Herdener Weihnachtsmarkt (Freiburg) und dem Weihnachtsmarkt in Furtwangen und konnten dort fast 1.000\u20ac f\u00fcr den Verein einnehmen.<\/p>\n\n\n\n<figure class=\"wp-block-gallery has-nested-images columns-default is-cropped wp-block-gallery-9 is-layout-flex wp-block-gallery-is-layout-flex\">\n<figure class=\"wp-block-image size-large\"><img loading=\"lazy\" decoding=\"async\" width=\"285\" height=\"214\" data-id=\"1735\" src=\"https:\/\/dominicanhealth.de\/wp-content\/uploads\/2024\/12\/Bild41.jpg\" alt=\"\" class=\"wp-image-1735\"\/><\/figure>\n\n\n\n<figure class=\"wp-block-image size-large\"><img loading=\"lazy\" decoding=\"async\" width=\"285\" height=\"214\" data-id=\"1736\" src=\"https:\/\/dominicanhealth.de\/wp-content\/uploads\/2024\/12\/Bild42.jpg\" alt=\"\" class=\"wp-image-1736\"\/><\/figure>\n<\/figure>\n","protected":false},"excerpt":{"rendered":"<p>Milton kauft eine ehemalige Klinik die jahrelang leer stand und sehr renovierungsbed\u00fcrftig ist. Wir beschlie\u00dfen ihn bei der Renovierung zu unterst\u00fctzen. Lagebesprechung, es gibt viel zu&#46;&#46;&#46;<\/p>\n","protected":false},"author":1,"featured_media":0,"parent":0,"menu_order":0,"comment_status":"closed","ping_status":"closed","template":"","meta":{"footnotes":""},"class_list":["post-1701","page","type-page","status-publish","hentry"],"translation":{"provider":"WPGlobus","version":"3.0.2","language":"en","enabled_languages":["de","en","es"],"languages":{"de":{"title":true,"content":true,"excerpt":false},"en":{"title":false,"content":false,"excerpt":false},"es":{"title":false,"content":false,"excerpt":false}}},"_links":{"self":[{"href":"https:\/\/dominicanhealth.de\/en\/wp-json\/wp\/v2\/pages\/1701","targetHints":{"allow":["GET"]}}],"collection":[{"href":"https:\/\/dominicanhealth.de\/en\/wp-json\/wp\/v2\/pages"}],"about":[{"href":"https:\/\/dominicanhealth.de\/en\/wp-json\/wp\/v2\/types\/page"}],"author":[{"embeddable":true,"href":"https:\/\/dominicanhealth.de\/en\/wp-json\/wp\/v2\/users\/1"}],"replies":[{"embeddable":true,"href":"https:\/\/dominicanhealth.de\/en\/wp-json\/wp\/v2\/comments?post=1701"}],"version-history":[{"count":4,"href":"https:\/\/dominicanhealth.de\/en\/wp-json\/wp\/v2\/pages\/1701\/revisions"}],"predecessor-version":[{"id":1737,"href":"https:\/\/dominicanhealth.de\/en\/wp-json\/wp\/v2\/pages\/1701\/revisions\/1737"}],"wp:attachment":[{"href":"https:\/\/dominicanhealth.de\/en\/wp-json\/wp\/v2\/media?parent=1701"}],"curies":[{"name":"wp","href":"https:\/\/api.w.org\/{rel}","templated":true}]}}