{"id":1691,"date":"2024-12-30T16:33:02","date_gmt":"2024-12-30T15:33:02","guid":{"rendered":"https:\/\/dominicanhealth.de\/?page_id=1691"},"modified":"2024-12-30T16:47:52","modified_gmt":"2024-12-30T15:47:52","slug":"2018-2","status":"publish","type":"page","link":"https:\/\/dominicanhealth.de\/en\/2018-2\/","title":{"rendered":"Highlights in 2018"},"content":{"rendered":"\n<p>Auf einer Reise 2017 in der Dominikanischen Republik ist in Puerto Plata ein erster Kontakt zu einer Gruppe von dominikanischen \u00c4rzten und Pflegepersonal entstanden, die sich f\u00fcr die gesundheitliche Versorgung armer Bev\u00f6lkerungsschichten einsetzen.<\/p>\n\n\n\n<p>Daraufhin entstand im Rahmen eines studentischen Projektes an der Hochschule Furtwangen die Idee sich mit der prim\u00e4ren Gesundheitsversorgung in der Dominikanischen Republik n\u00e4her zu besch\u00e4ftigen. Am Beispiel des konkreten Projektes in Puerto Plata entstand die Idee nachhaltige Strukturen zu einer verbesserten Gesundheitsversorgung zu f\u00f6rdern und zu unterst\u00fctzt. Dabei war uns wichtig, dass die bereits in Ans\u00e4tzen vorhandenen Strukturen von uns unterst\u00fctzt, jedoch von den Akteuren im Land selbst getragen werden k\u00f6nnen.<\/p>\n\n\n\n<figure class=\"wp-block-image size-full\"><img loading=\"lazy\" decoding=\"async\" width=\"605\" height=\"403\" src=\"https:\/\/dominicanhealth.de\/wp-content\/uploads\/2024\/12\/Bild12.jpg\" alt=\"\" class=\"wp-image-1692\" srcset=\"https:\/\/dominicanhealth.de\/wp-content\/uploads\/2024\/12\/Bild12.jpg 605w, https:\/\/dominicanhealth.de\/wp-content\/uploads\/2024\/12\/Bild12-300x200.jpg 300w\" sizes=\"auto, (max-width: 605px) 100vw, 605px\" \/><figcaption class=\"wp-element-caption\">Gr\u00fcndungsmitglieder von Dominican Health e.V.<\/figcaption><\/figure>\n\n\n\n<figure class=\"wp-block-image size-large is-resized\"><img loading=\"lazy\" decoding=\"async\" width=\"1024\" height=\"768\" src=\"https:\/\/dominicanhealth.de\/wp-content\/uploads\/2024\/12\/Bild13-1024x768.jpg\" alt=\"\" class=\"wp-image-1693\" style=\"width:607px;height:auto\" srcset=\"https:\/\/dominicanhealth.de\/wp-content\/uploads\/2024\/12\/Bild13-1024x768.jpg 1024w, https:\/\/dominicanhealth.de\/wp-content\/uploads\/2024\/12\/Bild13-300x225.jpg 300w, https:\/\/dominicanhealth.de\/wp-content\/uploads\/2024\/12\/Bild13-768x576.jpg 768w, https:\/\/dominicanhealth.de\/wp-content\/uploads\/2024\/12\/Bild13-1280x960.jpg 1280w, https:\/\/dominicanhealth.de\/wp-content\/uploads\/2024\/12\/Bild13.jpg 1386w\" sizes=\"auto, (max-width: 1024px) 100vw, 1024px\" \/><figcaption class=\"wp-element-caption\">Auf einer Reise nach Puerto Plata entstanden die ersten Ideen zur Zusammenarbeit<\/figcaption><\/figure>\n\n\n\n<figure class=\"wp-block-image size-full\"><img loading=\"lazy\" decoding=\"async\" width=\"605\" height=\"341\" src=\"https:\/\/dominicanhealth.de\/wp-content\/uploads\/2024\/12\/Bild14.jpg\" alt=\"\" class=\"wp-image-1694\" srcset=\"https:\/\/dominicanhealth.de\/wp-content\/uploads\/2024\/12\/Bild14.jpg 605w, https:\/\/dominicanhealth.de\/wp-content\/uploads\/2024\/12\/Bild14-300x169.jpg 300w, https:\/\/dominicanhealth.de\/wp-content\/uploads\/2024\/12\/Bild14-520x293.jpg 520w\" sizes=\"auto, (max-width: 605px) 100vw, 605px\" \/><figcaption class=\"wp-element-caption\">Die erste Apotheke im Wohnhaus von Milton wird eingerichtet.<\/figcaption><\/figure>\n\n\n\n<figure class=\"wp-block-image size-full\"><img loading=\"lazy\" decoding=\"async\" width=\"605\" height=\"454\" src=\"https:\/\/dominicanhealth.de\/wp-content\/uploads\/2024\/12\/Bild15.jpg\" alt=\"\" class=\"wp-image-1695\" srcset=\"https:\/\/dominicanhealth.de\/wp-content\/uploads\/2024\/12\/Bild15.jpg 605w, https:\/\/dominicanhealth.de\/wp-content\/uploads\/2024\/12\/Bild15-300x225.jpg 300w\" sizes=\"auto, (max-width: 605px) 100vw, 605px\" \/><figcaption class=\"wp-element-caption\">Und die ersten Spendensammelaktionen (International Festival Furtwangen).<\/figcaption><\/figure>\n\n\n\n<p>Und hier Einsatz bei den ersten Operativos (mobile Gesundheitsversorgung in armen Gemeinden)<\/p>\n\n\n\n<figure class=\"wp-block-gallery has-nested-images columns-default is-cropped wp-block-gallery-1 is-layout-flex wp-block-gallery-is-layout-flex\">\n<figure class=\"wp-block-image size-large\"><img loading=\"lazy\" decoding=\"async\" width=\"1024\" height=\"768\" data-id=\"1698\" src=\"https:\/\/dominicanhealth.de\/wp-content\/uploads\/2024\/12\/Bild16-1024x768.jpg\" alt=\"\" class=\"wp-image-1698\" srcset=\"https:\/\/dominicanhealth.de\/wp-content\/uploads\/2024\/12\/Bild16-1024x768.jpg 1024w, https:\/\/dominicanhealth.de\/wp-content\/uploads\/2024\/12\/Bild16-300x225.jpg 300w, https:\/\/dominicanhealth.de\/wp-content\/uploads\/2024\/12\/Bild16-768x576.jpg 768w, https:\/\/dominicanhealth.de\/wp-content\/uploads\/2024\/12\/Bild16-1280x960.jpg 1280w, https:\/\/dominicanhealth.de\/wp-content\/uploads\/2024\/12\/Bild16.jpg 1386w\" sizes=\"auto, (max-width: 1024px) 100vw, 1024px\" \/><\/figure>\n\n\n\n<figure class=\"wp-block-image size-large\"><img loading=\"lazy\" decoding=\"async\" width=\"605\" height=\"341\" data-id=\"1696\" src=\"https:\/\/dominicanhealth.de\/wp-content\/uploads\/2024\/12\/Bild17.jpg\" alt=\"\" class=\"wp-image-1696\" srcset=\"https:\/\/dominicanhealth.de\/wp-content\/uploads\/2024\/12\/Bild17.jpg 605w, https:\/\/dominicanhealth.de\/wp-content\/uploads\/2024\/12\/Bild17-300x169.jpg 300w, https:\/\/dominicanhealth.de\/wp-content\/uploads\/2024\/12\/Bild17-520x293.jpg 520w\" sizes=\"auto, (max-width: 605px) 100vw, 605px\" \/><\/figure>\n\n\n\n<figure class=\"wp-block-image size-large\"><img loading=\"lazy\" decoding=\"async\" width=\"1024\" height=\"768\" data-id=\"1697\" src=\"https:\/\/dominicanhealth.de\/wp-content\/uploads\/2024\/12\/Bild18-1024x768.jpg\" alt=\"\" class=\"wp-image-1697\" srcset=\"https:\/\/dominicanhealth.de\/wp-content\/uploads\/2024\/12\/Bild18-1024x768.jpg 1024w, https:\/\/dominicanhealth.de\/wp-content\/uploads\/2024\/12\/Bild18-300x225.jpg 300w, https:\/\/dominicanhealth.de\/wp-content\/uploads\/2024\/12\/Bild18-768x576.jpg 768w, https:\/\/dominicanhealth.de\/wp-content\/uploads\/2024\/12\/Bild18-1280x960.jpg 1280w, https:\/\/dominicanhealth.de\/wp-content\/uploads\/2024\/12\/Bild18.jpg 1386w\" sizes=\"auto, (max-width: 1024px) 100vw, 1024px\" \/><\/figure>\n<\/figure>\n\n\n\n<p><\/p>\n\n\n\n<p><\/p>\n\n\n\n<p><\/p>\n\n\n\n<p><\/p>\n","protected":false},"excerpt":{"rendered":"<p>Auf einer Reise 2017 in der Dominikanischen Republik ist in Puerto Plata ein erster Kontakt zu einer Gruppe von dominikanischen \u00c4rzten und Pflegepersonal entstanden, die sich&#46;&#46;&#46;<\/p>\n","protected":false},"author":1,"featured_media":0,"parent":0,"menu_order":0,"comment_status":"closed","ping_status":"closed","template":"","meta":{"footnotes":""},"class_list":["post-1691","page","type-page","status-publish","hentry"],"translation":{"provider":"WPGlobus","version":"3.0.2","language":"en","enabled_languages":["de","en","es"],"languages":{"de":{"title":true,"content":true,"excerpt":false},"en":{"title":false,"content":false,"excerpt":false},"es":{"title":false,"content":false,"excerpt":false}}},"_links":{"self":[{"href":"https:\/\/dominicanhealth.de\/en\/wp-json\/wp\/v2\/pages\/1691","targetHints":{"allow":["GET"]}}],"collection":[{"href":"https:\/\/dominicanhealth.de\/en\/wp-json\/wp\/v2\/pages"}],"about":[{"href":"https:\/\/dominicanhealth.de\/en\/wp-json\/wp\/v2\/types\/page"}],"author":[{"embeddable":true,"href":"https:\/\/dominicanhealth.de\/en\/wp-json\/wp\/v2\/users\/1"}],"replies":[{"embeddable":true,"href":"https:\/\/dominicanhealth.de\/en\/wp-json\/wp\/v2\/comments?post=1691"}],"version-history":[{"count":2,"href":"https:\/\/dominicanhealth.de\/en\/wp-json\/wp\/v2\/pages\/1691\/revisions"}],"predecessor-version":[{"id":1717,"href":"https:\/\/dominicanhealth.de\/en\/wp-json\/wp\/v2\/pages\/1691\/revisions\/1717"}],"wp:attachment":[{"href":"https:\/\/dominicanhealth.de\/en\/wp-json\/wp\/v2\/media?parent=1691"}],"curies":[{"name":"wp","href":"https:\/\/api.w.org\/{rel}","templated":true}]}}