{"id":1606,"date":"2024-03-17T14:03:57","date_gmt":"2024-03-17T13:03:57","guid":{"rendered":"https:\/\/dominicanhealth.de\/?page_id=1606"},"modified":"2025-12-10T15:51:43","modified_gmt":"2025-12-10T14:51:43","slug":"klinikpartnerschaften-ii-2023-2025","status":"publish","type":"page","link":"https:\/\/dominicanhealth.de\/en\/klinikpartnerschaften-ii-2023-2025\/","title":{"rendered":"Klinikpartnerschaften II (2023-2025)"},"content":{"rendered":"\n<p>Von Oktober 2023 bis August 2025 durfen wir in einem Anschlussprojekt im Rahmen der Klinikpartnerschaften an der Weiterentwicklung der Klinikorganisation, der EDV-Infrastruktur sowie dem Umbau des 1. Obergeschoss der Klinik weiterarbeiten.<\/p>\n\n\n\n<p><strong>2024<\/strong><\/p>\n\n\n\n<p>In der Ambulanz von Milton Moronta werden immer mehr Patientinnen und Patienten betreut. Milton arbeitet inzwischen zusammen mit Dr. Sousa und den Assistentinnen Sujeiry Romero, Anileyda Garc\u00eda Fa\u00f1a und Samelis Cabrera Sanchez.<\/p>\n\n\n\n<p>Im Februar \/ M\u00e4rz konnten wir auch mit Unterst\u00fctzung der <strong><em>Klinikpartnerschaften<\/em><\/strong> einen Besuch vor Ort durchf\u00fchren. Die Vereinsmitglieder Peter K\u00f6nig, Lucia K\u00f6nig und Ulrike Lindwedel konnten sich \u00fcber die Fortschritte bei den Abl\u00e4ufen in der Klinik informieren und haben intensiv an der Organisation der Abl\u00e4ufe und dem Ausbau des ersten Obergeschosses geplant und mitgearbeitet. Hier haben wir mit Vereinsmitteln die Renovierungsarbeiten unterst\u00fctzt.<\/p>\n\n\n\n<figure class=\"wp-block-gallery has-nested-images columns-default is-cropped wp-block-gallery-1 is-layout-flex wp-block-gallery-is-layout-flex\">\n<figure class=\"wp-block-image size-large\"><img loading=\"lazy\" decoding=\"async\" width=\"706\" height=\"317\" data-id=\"1843\" src=\"https:\/\/dominicanhealth.de\/wp-content\/uploads\/2025\/01\/Bild133.png\" alt=\"\" class=\"wp-image-1843\" srcset=\"https:\/\/dominicanhealth.de\/wp-content\/uploads\/2025\/01\/Bild133.png 706w, https:\/\/dominicanhealth.de\/wp-content\/uploads\/2025\/01\/Bild133-300x135.png 300w\" sizes=\"auto, (max-width: 706px) 100vw, 706px\" \/><\/figure>\n\n\n\n<figure class=\"wp-block-image size-large\"><img loading=\"lazy\" decoding=\"async\" width=\"706\" height=\"350\" data-id=\"1844\" src=\"https:\/\/dominicanhealth.de\/wp-content\/uploads\/2025\/01\/Bild134.png\" alt=\"\" class=\"wp-image-1844\" srcset=\"https:\/\/dominicanhealth.de\/wp-content\/uploads\/2025\/01\/Bild134.png 706w, https:\/\/dominicanhealth.de\/wp-content\/uploads\/2025\/01\/Bild134-300x149.png 300w\" sizes=\"auto, (max-width: 706px) 100vw, 706px\" \/><\/figure>\n<\/figure>\n\n\n\n<p>Im September konnten die Vereinsmitglieder Peter K\u00f6nig und Ulrike Lindwedel bei einem Besuch \u00fcber weitere Fortschritte beim Ausbau des ersten Obergeschosses planen und mitarbeiten. Dort sind jetzt weitere <strong>Behandlungsr\u00e4ume <\/strong>f\u00fcr einen Zahnarzt, weitere \u00c4rzte und eine Psychologin entstanden. Hier haben wir mit Vereinsmitteln die Renovierungsarbeiten unterst\u00fctzt. <\/p>\n\n\n\n<figure class=\"wp-block-gallery has-nested-images columns-default is-cropped wp-block-gallery-2 is-layout-flex wp-block-gallery-is-layout-flex\">\n<figure class=\"wp-block-image size-large\"><img loading=\"lazy\" decoding=\"async\" width=\"476\" height=\"274\" data-id=\"1846\" src=\"https:\/\/dominicanhealth.de\/wp-content\/uploads\/2025\/01\/Bild136.png\" alt=\"\" class=\"wp-image-1846\" srcset=\"https:\/\/dominicanhealth.de\/wp-content\/uploads\/2025\/01\/Bild136.png 476w, https:\/\/dominicanhealth.de\/wp-content\/uploads\/2025\/01\/Bild136-300x173.png 300w\" sizes=\"auto, (max-width: 476px) 100vw, 476px\" \/><\/figure>\n\n\n\n<figure class=\"wp-block-image size-large\"><img loading=\"lazy\" decoding=\"async\" width=\"485\" height=\"272\" data-id=\"1845\" src=\"https:\/\/dominicanhealth.de\/wp-content\/uploads\/2025\/01\/Bild135.png\" alt=\"\" class=\"wp-image-1845\" srcset=\"https:\/\/dominicanhealth.de\/wp-content\/uploads\/2025\/01\/Bild135.png 485w, https:\/\/dominicanhealth.de\/wp-content\/uploads\/2025\/01\/Bild135-300x168.png 300w\" sizes=\"auto, (max-width: 485px) 100vw, 485px\" \/><\/figure>\n<\/figure>\n\n\n\n<p>Gro\u00dfe Fortschritte gibt es bei der nachhaltigen <strong>Konzeption der Operativos<\/strong> (tageweise Besuche von armen Gemeinden zur prim\u00e4ren Gesundheitsversorgung). Das Wohnviertel Mu\u00f1os mit haitianischen Migrant:innen wird weiterhin regelm\u00e4\u00dfig betreut. Es sind bereits \u00fcber 200 Patient:innen registriert. Dar\u00fcber hinaus wird der Kontakt zur Gemeinde La Gran Parada Kilometro 12 in der N\u00e4he von Puerto Plata aufgebaut und verstetigt.<\/p>\n\n\n\n<figure class=\"wp-block-gallery has-nested-images columns-default is-cropped wp-block-gallery-3 is-layout-flex wp-block-gallery-is-layout-flex\">\n<figure class=\"wp-block-image size-large\"><img loading=\"lazy\" decoding=\"async\" width=\"554\" height=\"271\" data-id=\"1853\" src=\"https:\/\/dominicanhealth.de\/wp-content\/uploads\/2025\/01\/Bild141.png\" alt=\"\" class=\"wp-image-1853\" srcset=\"https:\/\/dominicanhealth.de\/wp-content\/uploads\/2025\/01\/Bild141.png 554w, https:\/\/dominicanhealth.de\/wp-content\/uploads\/2025\/01\/Bild141-300x147.png 300w\" sizes=\"auto, (max-width: 554px) 100vw, 554px\" \/><\/figure>\n\n\n\n<figure class=\"wp-block-image size-large\"><img loading=\"lazy\" decoding=\"async\" width=\"207\" height=\"274\" data-id=\"1852\" src=\"https:\/\/dominicanhealth.de\/wp-content\/uploads\/2025\/01\/Bild142.png\" alt=\"\" class=\"wp-image-1852\"\/><\/figure>\n\n\n\n<figure class=\"wp-block-image size-large\"><img loading=\"lazy\" decoding=\"async\" width=\"208\" height=\"277\" data-id=\"1851\" src=\"https:\/\/dominicanhealth.de\/wp-content\/uploads\/2025\/01\/Bild143.png\" alt=\"\" class=\"wp-image-1851\"\/><\/figure>\n\n\n\n<figure class=\"wp-block-image size-large\"><img loading=\"lazy\" decoding=\"async\" width=\"995\" height=\"607\" data-id=\"1854\" src=\"https:\/\/dominicanhealth.de\/wp-content\/uploads\/2025\/01\/Bild144.png\" alt=\"\" class=\"wp-image-1854\" srcset=\"https:\/\/dominicanhealth.de\/wp-content\/uploads\/2025\/01\/Bild144.png 995w, https:\/\/dominicanhealth.de\/wp-content\/uploads\/2025\/01\/Bild144-300x183.png 300w, https:\/\/dominicanhealth.de\/wp-content\/uploads\/2025\/01\/Bild144-768x469.png 768w\" sizes=\"auto, (max-width: 995px) 100vw, 995px\" \/><\/figure>\n<\/figure>\n\n\n\n<p>Dar\u00fcber hinaus hat sich die Zusammenarbeit mit dem <strong>Dental International Aid Networking Organisation <\/strong>weiter verstetigt. Dental Aid ist eine Initiative, bei der Sachspenden zur Verf\u00fcgung gestellt und Unterst\u00fctzung bei der zahn\u00e4rztlichen Behandlung angeboten werden. Im Laufe des Jahres waren hier verschiedene Gruppen von Zahnmedizinstudierenden in verschiedenen Gemeinden rund um Puerto Plata im Einsatz und haben mehrere hundert Patient:innen behandelt.<\/p>\n\n\n\n<figure class=\"wp-block-gallery has-nested-images columns-default is-cropped wp-block-gallery-4 is-layout-flex wp-block-gallery-is-layout-flex\">\n<figure class=\"wp-block-image size-large\"><img loading=\"lazy\" decoding=\"async\" width=\"995\" height=\"507\" data-id=\"1859\" src=\"https:\/\/dominicanhealth.de\/wp-content\/uploads\/2025\/01\/Bild147.png\" alt=\"\" class=\"wp-image-1859\" srcset=\"https:\/\/dominicanhealth.de\/wp-content\/uploads\/2025\/01\/Bild147.png 995w, https:\/\/dominicanhealth.de\/wp-content\/uploads\/2025\/01\/Bild147-300x153.png 300w, https:\/\/dominicanhealth.de\/wp-content\/uploads\/2025\/01\/Bild147-768x391.png 768w\" sizes=\"auto, (max-width: 995px) 100vw, 995px\" \/><\/figure>\n\n\n\n<figure class=\"wp-block-image size-large\"><img loading=\"lazy\" decoding=\"async\" width=\"995\" height=\"464\" data-id=\"1858\" src=\"https:\/\/dominicanhealth.de\/wp-content\/uploads\/2025\/01\/Bild149.png\" alt=\"\" class=\"wp-image-1858\" srcset=\"https:\/\/dominicanhealth.de\/wp-content\/uploads\/2025\/01\/Bild149.png 995w, https:\/\/dominicanhealth.de\/wp-content\/uploads\/2025\/01\/Bild149-300x140.png 300w, https:\/\/dominicanhealth.de\/wp-content\/uploads\/2025\/01\/Bild149-768x358.png 768w\" sizes=\"auto, (max-width: 995px) 100vw, 995px\" \/><\/figure>\n\n\n\n<figure class=\"wp-block-image size-large\"><img loading=\"lazy\" decoding=\"async\" width=\"679\" height=\"382\" data-id=\"1857\" src=\"https:\/\/dominicanhealth.de\/wp-content\/uploads\/2025\/01\/Bild148.png\" alt=\"\" class=\"wp-image-1857\" srcset=\"https:\/\/dominicanhealth.de\/wp-content\/uploads\/2025\/01\/Bild148.png 679w, https:\/\/dominicanhealth.de\/wp-content\/uploads\/2025\/01\/Bild148-300x169.png 300w, https:\/\/dominicanhealth.de\/wp-content\/uploads\/2025\/01\/Bild148-520x293.png 520w\" sizes=\"auto, (max-width: 679px) 100vw, 679px\" \/><\/figure>\n<\/figure>\n\n\n\n<p><strong>2025<\/strong><\/p>\n\n\n\n<p>Im Jahr 2025 lag der Schwerpunkt der Projektarbeit auf dem konsequenten Ausbau und der Implementierung der digitalen Infrastruktur des Gesundheitszentrums. Nachdem im Vorjahr bereits wesentliche Grundlagen geschaffen worden waren, wurde die bestehende IT\u2011Struktur nun umfassend an die tats\u00e4chlichen Arbeitsprozesse und Anforderungen der Klinik angepasst. Dazu geh\u00f6rte die technische Vorbereitung aller Bereiche, einschlie\u00dflich der Apotheke sowie s\u00e4mtlicher Arzt- und Behandlungszimmer, um eine verl\u00e4ssliche und durchg\u00e4ngige digitale Arbeitsumgebung zu erm\u00f6glichen.<\/p>\n\n\n\n<p>Im weiteren Verlauf des Jahres konnten die neuen Systeme schrittweise eingef\u00fchrt und getestet werden. Ein zentraler Meilenstein war die Inbetriebnahme der Software im M\u00e4rz 2025. Parallel dazu begann die systematische Digitalisierung aller vorhandenen Papierakten. Dieser Prozess umfasste sowohl die medizinische Dokumentation als auch administrative Unterlagen und wurde in enger Abstimmung mit dem Klinikteam durchgef\u00fchrt. Ma\u00dfgeblich waren hier Anna-Maria B\u00e4rmann, Caroline Hinger und Vincent Beaujour beteiligt. Mit Abschluss der Digitalisierung stehen nun alle relevanten Informationen elektronisch zur Verf\u00fcgung und k\u00f6nnen effizient, sicher und strukturiert genutzt werden.<\/p>\n\n\n\n<figure class=\"wp-block-gallery has-nested-images columns-default is-cropped wp-block-gallery-5 is-layout-flex wp-block-gallery-is-layout-flex\">\n<figure class=\"wp-block-image size-large\"><img loading=\"lazy\" decoding=\"async\" width=\"709\" height=\"945\" data-id=\"1945\" src=\"https:\/\/dominicanhealth.de\/wp-content\/uploads\/2025\/12\/Bild25.png\" alt=\"\" class=\"wp-image-1945\" srcset=\"https:\/\/dominicanhealth.de\/wp-content\/uploads\/2025\/12\/Bild25.png 709w, https:\/\/dominicanhealth.de\/wp-content\/uploads\/2025\/12\/Bild25-225x300.png 225w\" sizes=\"auto, (max-width: 709px) 100vw, 709px\" \/><\/figure>\n\n\n\n<figure class=\"wp-block-image size-large\"><img loading=\"lazy\" decoding=\"async\" width=\"531\" height=\"943\" data-id=\"1944\" src=\"https:\/\/dominicanhealth.de\/wp-content\/uploads\/2025\/12\/Bild24.png\" alt=\"\" class=\"wp-image-1944\" srcset=\"https:\/\/dominicanhealth.de\/wp-content\/uploads\/2025\/12\/Bild24.png 531w, https:\/\/dominicanhealth.de\/wp-content\/uploads\/2025\/12\/Bild24-169x300.png 169w\" sizes=\"auto, (max-width: 531px) 100vw, 531px\" \/><\/figure>\n\n\n\n<figure class=\"wp-block-image size-large\"><img loading=\"lazy\" decoding=\"async\" width=\"576\" height=\"347\" data-id=\"1943\" src=\"https:\/\/dominicanhealth.de\/wp-content\/uploads\/2025\/12\/Bild23.jpg\" alt=\"\" class=\"wp-image-1943\" srcset=\"https:\/\/dominicanhealth.de\/wp-content\/uploads\/2025\/12\/Bild23.jpg 576w, https:\/\/dominicanhealth.de\/wp-content\/uploads\/2025\/12\/Bild23-300x181.jpg 300w\" sizes=\"auto, (max-width: 576px) 100vw, 576px\" \/><\/figure>\n<\/figure>\n\n\n\n<p>Durch diese Ma\u00dfnahmen ist das Gesundheitszentrum nun vollst\u00e4ndig digitalisiert. Die technischen und organisatorischen Voraussetzungen f\u00fcr einen modernen, transparenten und verl\u00e4sslichen Arbeitsablauf sind geschaffen. Die digitale Infrastruktur ist damit nicht nur funktional, sondern bildet auch die Grundlage f\u00fcr zuk\u00fcnftige Entwicklungen und Qualit\u00e4tsverbesserungen innerhalb der Einrichtung.<\/p>\n\n\n\n<p><\/p>\n","protected":false},"excerpt":{"rendered":"<p>Von Oktober 2023 bis August 2025 durfen wir in einem Anschlussprojekt im Rahmen der Klinikpartnerschaften an der Weiterentwicklung der Klinikorganisation, der EDV-Infrastruktur sowie dem Umbau des&#46;&#46;&#46;<\/p>\n","protected":false},"author":1,"featured_media":0,"parent":0,"menu_order":0,"comment_status":"closed","ping_status":"closed","template":"","meta":{"footnotes":""},"class_list":["post-1606","page","type-page","status-publish","hentry"],"translation":{"provider":"WPGlobus","version":"3.0.2","language":"en","enabled_languages":["de","en","es"],"languages":{"de":{"title":true,"content":true,"excerpt":false},"en":{"title":false,"content":false,"excerpt":false},"es":{"title":false,"content":false,"excerpt":false}}},"_links":{"self":[{"href":"https:\/\/dominicanhealth.de\/en\/wp-json\/wp\/v2\/pages\/1606","targetHints":{"allow":["GET"]}}],"collection":[{"href":"https:\/\/dominicanhealth.de\/en\/wp-json\/wp\/v2\/pages"}],"about":[{"href":"https:\/\/dominicanhealth.de\/en\/wp-json\/wp\/v2\/types\/page"}],"author":[{"embeddable":true,"href":"https:\/\/dominicanhealth.de\/en\/wp-json\/wp\/v2\/users\/1"}],"replies":[{"embeddable":true,"href":"https:\/\/dominicanhealth.de\/en\/wp-json\/wp\/v2\/comments?post=1606"}],"version-history":[{"count":5,"href":"https:\/\/dominicanhealth.de\/en\/wp-json\/wp\/v2\/pages\/1606\/revisions"}],"predecessor-version":[{"id":1965,"href":"https:\/\/dominicanhealth.de\/en\/wp-json\/wp\/v2\/pages\/1606\/revisions\/1965"}],"wp:attachment":[{"href":"https:\/\/dominicanhealth.de\/en\/wp-json\/wp\/v2\/media?parent=1606"}],"curies":[{"name":"wp","href":"https:\/\/api.w.org\/{rel}","templated":true}]}}