{"id":134,"date":"2018-04-05T07:14:53","date_gmt":"2018-04-05T07:14:53","guid":{"rendered":"https:\/\/dominicanhealth.wordpress.com\/?page_id=134"},"modified":"2020-03-27T18:10:06","modified_gmt":"2020-03-27T17:10:06","slug":"impressum","status":"publish","type":"page","link":"https:\/\/dominicanhealth.de\/en\/impressum\/","title":{"rendered":"Impressum"},"content":{"rendered":"\n<figure class=\"wp-block-image size-medium\"><img loading=\"lazy\" decoding=\"async\" width=\"300\" height=\"300\" src=\"http:\/\/dominicanhealth.de\/wp-content\/uploads\/2020\/03\/DHE007_Logo-01-300x300.jpg\" alt=\"\" class=\"wp-image-1323\" srcset=\"https:\/\/dominicanhealth.de\/wp-content\/uploads\/2020\/03\/DHE007_Logo-01-300x300.jpg 300w, https:\/\/dominicanhealth.de\/wp-content\/uploads\/2020\/03\/DHE007_Logo-01-1024x1024.jpg 1024w, https:\/\/dominicanhealth.de\/wp-content\/uploads\/2020\/03\/DHE007_Logo-01-150x150.jpg 150w, https:\/\/dominicanhealth.de\/wp-content\/uploads\/2020\/03\/DHE007_Logo-01-768x768.jpg 768w, https:\/\/dominicanhealth.de\/wp-content\/uploads\/2020\/03\/DHE007_Logo-01-200x200.jpg 200w, https:\/\/dominicanhealth.de\/wp-content\/uploads\/2020\/03\/DHE007_Logo-01.jpg 1182w\" sizes=\"auto, (max-width: 300px) 100vw, 300px\" \/><\/figure>\n\n\n\n<p><strong>Dominican Health e.V.<\/strong><br>Briefkasten-Nr.: 955<br>Robert-Gerwig-Platz 1<br>D-78120 Furtwangen im Schwarzwald<\/p>\n\n\n\n<p><strong>E-Mail:<\/strong> info@dominicanhealth.de<\/p>\n\n\n\n<p><strong>Vereinsvorsitzende:<\/strong><br>Prof. Dr. Peter K\u00f6nig<br>Anna-Maria Mayr<\/p>\n\n\n\n<p><strong>Inhaltlich verantwortlich:<\/strong><br>Dominican Health e.V.<\/p>\n\n\n\n<p><strong>Copyright \u00a9 2018 &#8211; Alle Rechte vorbehalten:<br><\/strong>Die auf diesen Seiten dargestellten Bilder, Inhalte &#8211; Texte, Soundfiles, Stand- und Bewegtbilder etc. &#8211; sind urheberrechtlich gesch\u00fctzt. Die Vervielf\u00e4ltigung ist ausschlie\u00dflich f\u00fcr den eigenen, privaten Bedarf gestattet. Die Weitergabe an Dritte, eine Verbreitung auf anderen Websites oder eine Nutzung zu anderen Zwecken bedarf der vorherigen schriftlichen Genehmigung der Rechteinhaber. Wer selber Dateien oder Kopien herstellt und diese ohne Genehmigung von einem eigenen Server zum Download im Netz anbietet, der vervielf\u00e4ltigt urheberrechtlich gesch\u00fctzte Werke und haftet dem Urheber auf Unterlassung, unter Umst\u00e4nden auch auf Schadensersatz.<\/p>\n\n\n\n<p>Die unberechtigte Nutzung von Bildern, Texten, Soundfiles, Stand- und Bewegtbildern etc. ist ein Versto\u00df gegen geltendes Recht und wird geahndet.<\/p>\n\n\n\n<h6 class=\"wp-block-heading\"><span style=\"color: #999999;\">Die schriftlichen Inhalte dieser Seite wurden auf Grundlage einer schriftlichen Einverst\u00e4ndniserkl\u00e4rung vom Impressum der <a style=\"color: #999999;\" href=\"https:\/\/photopedia.info\/\">El Politismos GmbH<\/a> \u00fcbernommen und f\u00fcr eigene Zwecke genutzt.<\/span><\/h6>\n","protected":false},"excerpt":{"rendered":"<p>Dominican Health e.V.Briefkasten-Nr.: 955Robert-Gerwig-Platz 1D-78120 Furtwangen im Schwarzwald E-Mail: info@dominicanhealth.de Vereinsvorsitzende:Prof. Dr. Peter K\u00f6nigAnna-Maria Mayr Inhaltlich verantwortlich:Dominican Health e.V. Copyright \u00a9 2018 &#8211; Alle Rechte vorbehalten:Die&#46;&#46;&#46;<\/p>\n","protected":false},"author":1,"featured_media":0,"parent":0,"menu_order":0,"comment_status":"closed","ping_status":"closed","template":"","meta":{"footnotes":""},"class_list":["post-134","page","type-page","status-publish","hentry"],"translation":{"provider":"WPGlobus","version":"3.0.2","language":"en","enabled_languages":["de","en","es"],"languages":{"de":{"title":true,"content":true,"excerpt":false},"en":{"title":false,"content":false,"excerpt":false},"es":{"title":false,"content":false,"excerpt":false}}},"_links":{"self":[{"href":"https:\/\/dominicanhealth.de\/en\/wp-json\/wp\/v2\/pages\/134","targetHints":{"allow":["GET"]}}],"collection":[{"href":"https:\/\/dominicanhealth.de\/en\/wp-json\/wp\/v2\/pages"}],"about":[{"href":"https:\/\/dominicanhealth.de\/en\/wp-json\/wp\/v2\/types\/page"}],"author":[{"embeddable":true,"href":"https:\/\/dominicanhealth.de\/en\/wp-json\/wp\/v2\/users\/1"}],"replies":[{"embeddable":true,"href":"https:\/\/dominicanhealth.de\/en\/wp-json\/wp\/v2\/comments?post=134"}],"version-history":[{"count":9,"href":"https:\/\/dominicanhealth.de\/en\/wp-json\/wp\/v2\/pages\/134\/revisions"}],"predecessor-version":[{"id":1340,"href":"https:\/\/dominicanhealth.de\/en\/wp-json\/wp\/v2\/pages\/134\/revisions\/1340"}],"wp:attachment":[{"href":"https:\/\/dominicanhealth.de\/en\/wp-json\/wp\/v2\/media?parent=134"}],"curies":[{"name":"wp","href":"https:\/\/api.w.org\/{rel}","templated":true}]}}